{"id":2936,"date":"2025-07-30T10:48:38","date_gmt":"2025-07-30T02:48:38","guid":{"rendered":"https:\/\/www.andelutech.com\/?post_type=product&#038;p=2936"},"modified":"2026-03-26T16:49:11","modified_gmt":"2026-03-26T08:49:11","slug":"anti-interference-antenna-and-receiver-series-and-dr65","status":"publish","type":"product","link":"https:\/\/www.andelutech.com\/de\/product\/anti-interference-antenna-and-receiver-series-and-dr65\/","title":{"rendered":"AND-DR65 Anti-interference antenna and receiver series"},"content":{"rendered":"<p>Produktleistungsindikatoren<br \/>\nBetriebstemperatur: -40\u00b0C ~ 85\u00b0C<br \/>\nLagertemperatur: -45 \u00b0 C ~ 85 \u00b0 C<br \/>\nSpannung: 9V ~ 36V<br \/>\nStromverbrauch: \u22648.0W<br \/>\nVolumen: \u226465mm \u00d7 65mm \u00d7 30mm<br \/>\nGewicht: \u2264 160g<br \/>\nKommunikationsschnittstelle: R5422<\/p>","protected":false},"excerpt":{"rendered":"<p>AND-DR65 ultrakompakter Anti-St\u00f6rungsempf\u00e4nger integriert 4-Kanal-Array-Antenne-Anti-St\u00f6rungs- und Hochleistungsempf\u00e4nger, der BDS B11 und GP5 L1 Frequenzpunktsignale empfangen kann, die die technischen Anforderungen verschiedener hochdynamischer Tr\u00e4ger und hochdynamischer Anwendungen erf\u00fcllen k\u00f6nnen, und das integrierte Design von Antennenvibrationsquelle, RF, Anti-St\u00f6rungsmodul, Satellitenempf\u00e4nger-Basisband und L\u00f6sung in einer sehr kleinen Gr\u00f6\u00dfe realisiert und erf\u00fcllt die Anforderungen von hochzuverl\u00e4ssigen und kosteng\u00fcnstigen Anwendungen.<\/p>\n<p>Es hat die F\u00e4higkeit, allen Arten von unterdr\u00fcckten St\u00f6rungen zu widerstehen, einschlie\u00dflich, aber nicht beschr\u00e4nkt auf Einzeltr\u00e4ger, gefegte Frequenz, Puls, Breitbandmodulation, S\u00e4gezahnwelle, Dreieckswelle und andere Arten von St\u00f6rungen und jede Kombination von St\u00f6rungen.<\/p>\n<p>&nbsp;<\/p>","protected":false},"featured_media":2937,"comment_status":"closed","ping_status":"closed","template":"","meta":[],"product_brand":[],"product_cat":[26],"product_tag":[],"class_list":{"0":"post-2936","1":"product","2":"type-product","3":"status-publish","4":"has-post-thumbnail","6":"product_cat-imu-mems-ins","8":"first","9":"instock","10":"shipping-taxable","11":"product-type-simple"},"_links":{"self":[{"href":"https:\/\/www.andelutech.com\/de\/wp-json\/wp\/v2\/product\/2936","targetHints":{"allow":["GET"]}}],"collection":[{"href":"https:\/\/www.andelutech.com\/de\/wp-json\/wp\/v2\/product"}],"about":[{"href":"https:\/\/www.andelutech.com\/de\/wp-json\/wp\/v2\/types\/product"}],"replies":[{"embeddable":true,"href":"https:\/\/www.andelutech.com\/de\/wp-json\/wp\/v2\/comments?post=2936"}],"wp:featuredmedia":[{"embeddable":true,"href":"https:\/\/www.andelutech.com\/de\/wp-json\/wp\/v2\/media\/2937"}],"wp:attachment":[{"href":"https:\/\/www.andelutech.com\/de\/wp-json\/wp\/v2\/media?parent=2936"}],"wp:term":[{"taxonomy":"product_brand","embeddable":true,"href":"https:\/\/www.andelutech.com\/de\/wp-json\/wp\/v2\/product_brand?post=2936"},{"taxonomy":"product_cat","embeddable":true,"href":"https:\/\/www.andelutech.com\/de\/wp-json\/wp\/v2\/product_cat?post=2936"},{"taxonomy":"product_tag","embeddable":true,"href":"https:\/\/www.andelutech.com\/de\/wp-json\/wp\/v2\/product_tag?post=2936"}],"curies":[{"name":"wp","href":"https:\/\/api.w.org\/{rel}","templated":true}]}}