{"id":2930,"date":"2025-07-30T09:54:28","date_gmt":"2025-07-30T01:54:28","guid":{"rendered":"https:\/\/www.andelutech.com\/?post_type=product&#038;p=2930"},"modified":"2026-03-26T16:51:48","modified_gmt":"2026-03-26T08:51:48","slug":"miniaturized-high-precision-fiber-combined-inertial-guidance-and-s76","status":"publish","type":"product","link":"https:\/\/www.andelutech.com\/de\/product\/miniaturized-high-precision-fiber-combined-inertial-guidance-and-s76\/","title":{"rendered":"AND-S76 Miniaturized high-precision fiber combined inertial guidance"},"content":{"rendered":"","protected":false},"excerpt":{"rendered":"<p>Das miniaturisierte integrierte kombinierte Navigationssystem nimmt Glasfasergyroskop, Quarzflexible Beschleunigungsmessger\u00e4t hochpr\u00e4zise IF-Konvertierungsschaltung und DSP \/ FPGA-basierte Datenerfassungs- und Signalverarbeitungsschaltung an, die gleichzeitig Beschleunigungs- und Winkelgeschwindigkeitsinformationen in drei Richtungen des Tr\u00e4gers messen k\u00f6nnen; Gleichzeitig verf\u00fcgt es \u00fcber einen eingebauten Hochleistungs-Satellitenempf\u00e4nger (unterst\u00fctzt doppelte Antennen), eine Computerplatte und eine Odometer-Akquisitionsplatte.<\/p>\n<p>Es unterst\u00fctzt eine schnelle Ausrichtung der St\u00f6rungsbasis und die kombinierte Navigation von Tr\u00e4gheit \/ Satellit \/ Radgeschwindigkeit \/ Fahrzeuggeschwindigkeit \/ Vision unterst\u00fctzt Ad-hoc-Vernetzung, Formationskombinationspositionierung, relative Positionierung und Qianxun RTK und dynamische Differenz<\/p>","protected":false},"featured_media":3333,"comment_status":"closed","ping_status":"closed","template":"","meta":[],"product_brand":[],"product_cat":[26],"product_tag":[],"class_list":{"0":"post-2930","1":"product","2":"type-product","3":"status-publish","4":"has-post-thumbnail","6":"product_cat-imu-mems-ins","8":"first","9":"instock","10":"shipping-taxable","11":"product-type-simple"},"_links":{"self":[{"href":"https:\/\/www.andelutech.com\/de\/wp-json\/wp\/v2\/product\/2930","targetHints":{"allow":["GET"]}}],"collection":[{"href":"https:\/\/www.andelutech.com\/de\/wp-json\/wp\/v2\/product"}],"about":[{"href":"https:\/\/www.andelutech.com\/de\/wp-json\/wp\/v2\/types\/product"}],"replies":[{"embeddable":true,"href":"https:\/\/www.andelutech.com\/de\/wp-json\/wp\/v2\/comments?post=2930"}],"wp:featuredmedia":[{"embeddable":true,"href":"https:\/\/www.andelutech.com\/de\/wp-json\/wp\/v2\/media\/3333"}],"wp:attachment":[{"href":"https:\/\/www.andelutech.com\/de\/wp-json\/wp\/v2\/media?parent=2930"}],"wp:term":[{"taxonomy":"product_brand","embeddable":true,"href":"https:\/\/www.andelutech.com\/de\/wp-json\/wp\/v2\/product_brand?post=2930"},{"taxonomy":"product_cat","embeddable":true,"href":"https:\/\/www.andelutech.com\/de\/wp-json\/wp\/v2\/product_cat?post=2930"},{"taxonomy":"product_tag","embeddable":true,"href":"https:\/\/www.andelutech.com\/de\/wp-json\/wp\/v2\/product_tag?post=2930"}],"curies":[{"name":"wp","href":"https:\/\/api.w.org\/{rel}","templated":true}]}}