{"id":2893,"date":"2025-07-07T16:31:12","date_gmt":"2025-07-07T08:31:12","guid":{"rendered":"https:\/\/www.andelutech.com\/?post_type=product&#038;p=2893"},"modified":"2026-03-26T16:59:14","modified_gmt":"2026-03-26T08:59:14","slug":"mems-combined-inertial-navigation-and-m","status":"publish","type":"product","link":"https:\/\/www.andelutech.com\/de\/product\/mems-combined-inertial-navigation-and-m\/","title":{"rendered":"AND-M MEMS Combined Inertial Navigation"},"content":{"rendered":"","protected":false},"excerpt":{"rendered":"<p>Tr\u00e4gheitsnavigationssystem basierend auf hochpr\u00e4zisen MEMS-Gyroskopen und MEMS-Beschleunigungsmessern mit eingebauten Hochleistungs-Satellitenempf\u00e4ngern (mit Dvorak-Unterst\u00fctzung), Rechenplatten und Odometer-Sammelbetten. Die Nachverarbeitung unterst\u00fctzt selbstgebaute Basisstationen und ist kompatibel mit den Differenzialdatenformaten der gro\u00dfen Differenzialdienstleister. Es ist nicht durch Grundlinien begrenzt, einfach zu montieren und hat eine hohe Arbeitseffizienz.<\/p>\n<p>\u25c6  Unterst\u00fctzung Echtzeit kombinierte Navigation und Datennachbearbeitung, Datenspeicherung im 8G-Raum;<\/p>","protected":false},"featured_media":3340,"comment_status":"open","ping_status":"closed","template":"","meta":[],"product_brand":[],"product_cat":[26],"product_tag":[],"class_list":{"0":"post-2893","1":"product","2":"type-product","3":"status-publish","4":"has-post-thumbnail","6":"product_cat-imu-mems-ins","8":"first","9":"instock","10":"shipping-taxable","11":"product-type-simple"},"_links":{"self":[{"href":"https:\/\/www.andelutech.com\/de\/wp-json\/wp\/v2\/product\/2893","targetHints":{"allow":["GET"]}}],"collection":[{"href":"https:\/\/www.andelutech.com\/de\/wp-json\/wp\/v2\/product"}],"about":[{"href":"https:\/\/www.andelutech.com\/de\/wp-json\/wp\/v2\/types\/product"}],"replies":[{"embeddable":true,"href":"https:\/\/www.andelutech.com\/de\/wp-json\/wp\/v2\/comments?post=2893"}],"wp:featuredmedia":[{"embeddable":true,"href":"https:\/\/www.andelutech.com\/de\/wp-json\/wp\/v2\/media\/3340"}],"wp:attachment":[{"href":"https:\/\/www.andelutech.com\/de\/wp-json\/wp\/v2\/media?parent=2893"}],"wp:term":[{"taxonomy":"product_brand","embeddable":true,"href":"https:\/\/www.andelutech.com\/de\/wp-json\/wp\/v2\/product_brand?post=2893"},{"taxonomy":"product_cat","embeddable":true,"href":"https:\/\/www.andelutech.com\/de\/wp-json\/wp\/v2\/product_cat?post=2893"},{"taxonomy":"product_tag","embeddable":true,"href":"https:\/\/www.andelutech.com\/de\/wp-json\/wp\/v2\/product_tag?post=2893"}],"curies":[{"name":"wp","href":"https:\/\/api.w.org\/{rel}","templated":true}]}}