{"id":2891,"date":"2025-07-07T16:22:28","date_gmt":"2025-07-07T08:22:28","guid":{"rendered":"https:\/\/www.andelutech.com\/?post_type=product&#038;p=2891"},"modified":"2026-03-26T17:00:02","modified_gmt":"2026-03-26T09:00:02","slug":"imu-and-f10r","status":"publish","type":"product","link":"https:\/\/www.andelutech.com\/de\/product\/imu-and-f10r\/","title":{"rendered":"AND-F10R IMU"},"content":{"rendered":"","protected":false},"excerpt":{"rendered":"<p>Das Produkt F10R verf\u00fcgt \u00fcber ein eingebautes 3-Achs-Miniaturfasergyroskop, ein hochpr\u00e4zises MEMS-Beschleunigungsmesser, eine sekund\u00e4re Stromversorgung und einen Navigationscomputer, der genaue Positions- und Orientierungsinformationen liefern kann. Das interne Design der Vibrationsreduktion aus Silikonkautschuk kann sich an die Vibrations- und Schockumgebung von Drohnen und anderen Flugzeugen anpassen.<\/p>\n<p><strong><b>Produktleistungsindikatoren<\/b><\/strong><\/p>\n<p>Betriebstemperatur: -40 \u2103 ~ 65 \u2103<\/p>\n<p>Lagertemperatur: -45 \u2103 ~ 70 \u2103<\/p>\n<p>Spannung: + 5 V \u00b1 0. 25V<\/p>\n<p>Stromverbrauch: \u2264 5. 0W<\/p>\n<p>Volumen: \u2264 87 mm \u00d7 81 mm \u00d7 56 mm<\/p>\n<p>Gewicht: \u2264 400 g<\/p>\n<p>Vibration: Grms = 6,06 G, Frequenzbereich 10Hz ~ 2000Hz<\/p>\n<p>Kommunikationsausr\u00fcstung: RS232, RS422<\/p>","protected":false},"featured_media":2883,"comment_status":"open","ping_status":"closed","template":"","meta":[],"product_brand":[],"product_cat":[26],"product_tag":[],"class_list":{"0":"post-2891","1":"product","2":"type-product","3":"status-publish","4":"has-post-thumbnail","6":"product_cat-imu-mems-ins","8":"first","9":"instock","10":"shipping-taxable","11":"product-type-simple"},"_links":{"self":[{"href":"https:\/\/www.andelutech.com\/de\/wp-json\/wp\/v2\/product\/2891","targetHints":{"allow":["GET"]}}],"collection":[{"href":"https:\/\/www.andelutech.com\/de\/wp-json\/wp\/v2\/product"}],"about":[{"href":"https:\/\/www.andelutech.com\/de\/wp-json\/wp\/v2\/types\/product"}],"replies":[{"embeddable":true,"href":"https:\/\/www.andelutech.com\/de\/wp-json\/wp\/v2\/comments?post=2891"}],"wp:featuredmedia":[{"embeddable":true,"href":"https:\/\/www.andelutech.com\/de\/wp-json\/wp\/v2\/media\/2883"}],"wp:attachment":[{"href":"https:\/\/www.andelutech.com\/de\/wp-json\/wp\/v2\/media?parent=2891"}],"wp:term":[{"taxonomy":"product_brand","embeddable":true,"href":"https:\/\/www.andelutech.com\/de\/wp-json\/wp\/v2\/product_brand?post=2891"},{"taxonomy":"product_cat","embeddable":true,"href":"https:\/\/www.andelutech.com\/de\/wp-json\/wp\/v2\/product_cat?post=2891"},{"taxonomy":"product_tag","embeddable":true,"href":"https:\/\/www.andelutech.com\/de\/wp-json\/wp\/v2\/product_tag?post=2891"}],"curies":[{"name":"wp","href":"https:\/\/api.w.org\/{rel}","templated":true}]}}