{"id":2790,"date":"2025-07-01T14:41:14","date_gmt":"2025-07-01T06:41:14","guid":{"rendered":"https:\/\/www.andelutech.com\/?post_type=product&#038;p=2790"},"modified":"2026-03-26T17:23:39","modified_gmt":"2026-03-26T09:23:39","slug":"inertial-navigation-system-and-320a","status":"publish","type":"product","link":"https:\/\/www.andelutech.com\/de\/product\/inertial-navigation-system-and-320a\/","title":{"rendered":"AND-320A Inertial navigation system"},"content":{"rendered":"","protected":false},"excerpt":{"rendered":"<p><strong><b>Schl\u00fcsselindikatoren<\/b><\/strong><\/p>\n<p>Einpunktpositionierungsgenauigkeit: \u2264 1. 5m (1\u03c3, Ebene), \u2264 1m (1\u03c3, H\u00f6he)<\/p>\n<p>Geschwindigkeitsmessgenauigkeit: \u2264 0. 05 m\/s<\/p>\n<p>Richtwinkelmessgenauigkeit: \u2264 0.  07 \u00b0 (1\u03c3)<\/p>\n<p>Horizontaler Haltungswinkel: \u2264 0.  03 \u00b0\u00a0(1 \u03c3)<\/p>\n<p><strong>Leistungsindikatoren f\u00fcr die \u00dcbertragungsausrichtung<\/strong><\/p>\n<p>Positionierungsgenauigkeit: \u2264 1. 5m (1\u03c3, Ebene), \u2264 1m (1\u03c3, H\u00f6he)<\/p>\n<p>Geschwindigkeitsmessgenauigkeit: \u2264 0. 05 m\/s<\/p>\n<p>Richtwinkelmessgenauigkeit: \u2264 0.  07 \u00b0 (1\u03c3)<\/p>\n<p>Horizontale Haltungswinkelmessungsgenauigkeit: \u2264 0.  03\u00a0\u00b0 (1\u03c3)<\/p>\n<p><strong>Ausrichtungszeit<\/strong><\/p>\n<p>Integrierte Navigationsstatische Ausrichtungszeit: \u2264 6 min<\/p>\n<p>Integrierte Navigationsdynamische Ausrichtungszeit: \u2264 3 min<\/p>\n<p>\u00dcbertragungsausrichtung Dynamische Ausrichtungszeit: \u2264 3 min<\/p>\n<p><strong>Leistungsindex reiner Tr\u00e4gheitsnavigation<\/strong><\/p>\n<p>Positionierungsgenauigkeit: \u2264 2 nmil (innerhalb von 15 Minuten)<\/p>\n<p>Geschwindigkeitsmessgenauigkeit: \u2264 0. 2 m\/s (innerhalb von 60 Sekunden)<\/p>\n<p>Richtwinkelmessgenauigkeit: \u2264 0,1 \u00b0 (1\u03c3) (innerhalb von 60 Sekunden)<\/p>\n<p>Horizontale Stellwinkelmessgenauigkeit: \u2264 0,03 \u00b0 (1\u03c3) (innerhalb von 60 Sekunden)<\/p>\n<p><strong>Physikalische Eigenschaften<\/strong><\/p>\n<p>Abmessungen: p88mmx77mm<\/p>\n<p>Gewicht: \u2264 950 g<\/p>\n<p><strong>Produktschnittstelle<\/strong><\/p>\n<p>Stromversorgungsform: + 28V<\/p>\n<p>Ausgangsform: RS422 Ausgang<\/p>\n<p><strong>Produkteigenschaften<\/strong><\/p>\n<p>Die Navigationscomputerplatte ist von der IMU getrennt, und die IMU-Computerplatte kann an der Messstelle installiert und in die elektronische Kabine f\u00fcr einheitliche Stromversorgung und Daten\u00fcbertragung eingesetzt werden: IMU hat die Eigenschaften hoher Integration und hoher Pr\u00e4zision<\/p>\n<p><strong>Umweltanpassungsf\u00e4higkeit<\/strong><\/p>\n<p>Betriebstemperatur: -55 \u2103 \u2103 ~ 70C<\/p>\n<p>Lagertemperatur: -55 \u2103 \u2103 ~ 70PC<\/p>\n<p>Schlagfestigkeit: 20g<\/p>\n<p>Zuf\u00e4lliger Vibrationswiderstand: 6,06 g<\/p>\n<p>Anwendungsbereiche: f\u00fcr milit\u00e4rische und zivile Hochleistungspositionierungs- und Orientierungsbed\u00fcrfnisse<\/p>","protected":false},"featured_media":2778,"comment_status":"open","ping_status":"closed","template":"","meta":[],"product_brand":[],"product_cat":[22],"product_tag":[],"class_list":{"0":"post-2790","1":"product","2":"type-product","3":"status-publish","4":"has-post-thumbnail","6":"product_cat-gyro-sensor","8":"first","9":"instock","10":"shipping-taxable","11":"product-type-simple"},"_links":{"self":[{"href":"https:\/\/www.andelutech.com\/de\/wp-json\/wp\/v2\/product\/2790","targetHints":{"allow":["GET"]}}],"collection":[{"href":"https:\/\/www.andelutech.com\/de\/wp-json\/wp\/v2\/product"}],"about":[{"href":"https:\/\/www.andelutech.com\/de\/wp-json\/wp\/v2\/types\/product"}],"replies":[{"embeddable":true,"href":"https:\/\/www.andelutech.com\/de\/wp-json\/wp\/v2\/comments?post=2790"}],"wp:featuredmedia":[{"embeddable":true,"href":"https:\/\/www.andelutech.com\/de\/wp-json\/wp\/v2\/media\/2778"}],"wp:attachment":[{"href":"https:\/\/www.andelutech.com\/de\/wp-json\/wp\/v2\/media?parent=2790"}],"wp:term":[{"taxonomy":"product_brand","embeddable":true,"href":"https:\/\/www.andelutech.com\/de\/wp-json\/wp\/v2\/product_brand?post=2790"},{"taxonomy":"product_cat","embeddable":true,"href":"https:\/\/www.andelutech.com\/de\/wp-json\/wp\/v2\/product_cat?post=2790"},{"taxonomy":"product_tag","embeddable":true,"href":"https:\/\/www.andelutech.com\/de\/wp-json\/wp\/v2\/product_tag?post=2790"}],"curies":[{"name":"wp","href":"https:\/\/api.w.org\/{rel}","templated":true}]}}