{"id":2787,"date":"2025-07-01T14:28:56","date_gmt":"2025-07-01T06:28:56","guid":{"rendered":"https:\/\/www.andelutech.com\/?post_type=product&#038;p=2787"},"modified":"2026-03-26T17:30:46","modified_gmt":"2026-03-26T09:30:46","slug":"micro-miniature-photonic-integrated-fiber-optic-gyro-and-110","status":"publish","type":"product","link":"https:\/\/www.andelutech.com\/de\/product\/micro-miniature-photonic-integrated-fiber-optic-gyro-and-110\/","title":{"rendered":"AND-110 Micro-miniature photonic integrated fiber optic gyro"},"content":{"rendered":"","protected":false},"excerpt":{"rendered":"<p><strong><b>Schl\u00fcsselindikatoren<\/b><\/strong><\/p>\n<p>Zero Bias Stabilit\u00e4t: \u2264 2 \u00b0\/h (10s, 1\u03c3)<\/p>\n<p>Null Abweichungswiederholbarkeit: \u2264 2 \u00b0\/h<\/p>\n<p>Temperaturstabilit\u00e4t: \u2264 30 \u00b0\/h<\/p>\n<p>Skalafaktor Nichtlinearit\u00e4t: \u2264 2000 ppm<\/p>\n<p>Volle Temperaturskala Wiederholbarkeit: \u2264 5% (p-p)<\/p>\n<p>Dynamischer Bereich: \u00b1 500\u00b0\/s<\/p>\n<p>Zuf\u00e4lliger Spaziergang: \u2264 0. 0015 \u00b0\/\u221a h<\/p>\n<p><strong><b>Physikalische Eigenschaften<\/b><\/strong><\/p>\n<p>Abmessungen: 61 mm \u00d7 36 mm \u00d7 32 mm<\/p>\n<p>Gewicht: 110 g \u00b1 10 g<\/p>\n<p><strong><b>Umweltanpassungsf\u00e4higkeit<\/b><\/strong><\/p>\n<p>Betriebstemperatur: -50 \u2103 - 75 \u2103<\/p>\n<p>Lagertemperatur: -55 \u00b0C- 85 \u00b0C<\/p>\n<p>Schlagfestigkeit: 50g<\/p>\n<p>Zuf\u00e4lliger Vibrationswiderstand: 20g<\/p>\n<p>Beschleunigungswiderstand: 70g<\/p>\n<p><strong><b>Produktschnittstelle<\/b><\/strong><\/p>\n<p>Stromversorgungsanforderungen: 5V<\/p>\n<p>Ausgangsform: Analoge Spannung<\/p>\n<p><strong><b>Produkteigenschaften<\/b><\/strong><\/p>\n<p>Produkteigenschaften: kleine Gr\u00f6\u00dfe, niedriger Stromverbrauch, niedrige Kosten, hohe Zuverl\u00e4ssigkeit<\/p>\n<p>Anwendungsfelder: Seeker, Haltungskontrolle<\/p>","protected":false},"featured_media":2773,"comment_status":"open","ping_status":"closed","template":"","meta":[],"product_brand":[],"product_cat":[22],"product_tag":[],"class_list":{"0":"post-2787","1":"product","2":"type-product","3":"status-publish","4":"has-post-thumbnail","6":"product_cat-gyro-sensor","8":"first","9":"instock","10":"shipping-taxable","11":"product-type-simple"},"_links":{"self":[{"href":"https:\/\/www.andelutech.com\/de\/wp-json\/wp\/v2\/product\/2787","targetHints":{"allow":["GET"]}}],"collection":[{"href":"https:\/\/www.andelutech.com\/de\/wp-json\/wp\/v2\/product"}],"about":[{"href":"https:\/\/www.andelutech.com\/de\/wp-json\/wp\/v2\/types\/product"}],"replies":[{"embeddable":true,"href":"https:\/\/www.andelutech.com\/de\/wp-json\/wp\/v2\/comments?post=2787"}],"wp:featuredmedia":[{"embeddable":true,"href":"https:\/\/www.andelutech.com\/de\/wp-json\/wp\/v2\/media\/2773"}],"wp:attachment":[{"href":"https:\/\/www.andelutech.com\/de\/wp-json\/wp\/v2\/media?parent=2787"}],"wp:term":[{"taxonomy":"product_brand","embeddable":true,"href":"https:\/\/www.andelutech.com\/de\/wp-json\/wp\/v2\/product_brand?post=2787"},{"taxonomy":"product_cat","embeddable":true,"href":"https:\/\/www.andelutech.com\/de\/wp-json\/wp\/v2\/product_cat?post=2787"},{"taxonomy":"product_tag","embeddable":true,"href":"https:\/\/www.andelutech.com\/de\/wp-json\/wp\/v2\/product_tag?post=2787"}],"curies":[{"name":"wp","href":"https:\/\/api.w.org\/{rel}","templated":true}]}}