{"id":2786,"date":"2025-07-01T14:24:31","date_gmt":"2025-07-01T06:24:31","guid":{"rendered":"https:\/\/www.andelutech.com\/?post_type=product&#038;p=2786"},"modified":"2026-03-26T17:31:44","modified_gmt":"2026-03-26T09:31:44","slug":"micro-miniature-photonic-integrated-fiber-optic-gyro-and-109","status":"publish","type":"product","link":"https:\/\/www.andelutech.com\/de\/product\/micro-miniature-photonic-integrated-fiber-optic-gyro-and-109\/","title":{"rendered":"AND-109 Micro-miniature photonic integrated fiber optic gyro"},"content":{"rendered":"","protected":false},"excerpt":{"rendered":"<p>Schl\u00fcsselindikatoren<\/p>\n<p>Zero Bias Stabilit\u00e4t: &lt; 10\u00b0\/h (10s, 1\u03c3)<\/p>\n<p>Null-Abweichungswiederholbarkeit: \u2264 10 \u00b0\/h<\/p>\n<p>Temperaturstabilit\u00e4t: \u2264 50 \u00b0\/h<\/p>\n<p>Skalafaktor Nichtlinearit\u00e4t: \u2264 5000 ppm<\/p>\n<p>Volle Temperaturskala Wiederholbarkeit: \u2264 5% (p-p)<\/p>\n<p>Dynamischer Bereich: \u00b1 600\u00b0\/s<\/p>\n<p>Zuf\u00e4lliger Spaziergang: \u00b1 600 \u00b0\/s<\/p>\n<p>Physikalische Eigenschaften<\/p>\n<p>Gr\u00f6\u00dfe: \u03a6 24 mm \u00d7 50 mm<\/p>\n<p>Gewicht: 35 g \u00b1 5 g<\/p>\n<p>Umweltanpassungsf\u00e4higkeit<\/p>\n<p>Betriebstemperatur: -50 \u00b0C- 75 \u00b0C<\/p>\n<p>Lagertemperatur: 55 \u00b0C- 85 \u00b0C<\/p>\n<p>Schlagfestigkeit: 500g<\/p>\n<p>Widerstand gegen zuf\u00e4llige Vibrationen: 20g<\/p>\n<p>Beschleunigungswiderstand: 70g<\/p>\n<p>Produktschnittstelle<\/p>\n<p>Strombedarf: 5V<\/p>\n<p>Ausgangsform: analoge Spannung<\/p>\n<p>Produkteigenschaften:<\/p>\n<p>Produkteigenschaften: kleine Gr\u00f6\u00dfe, niedriger Stromverbrauch, niedrige Kosten, hohe Zuverl\u00e4ssigkeit<\/p>\n<p>Anwendungen: Seeker, Haltungskontrolle<\/p>","protected":false},"featured_media":2772,"comment_status":"closed","ping_status":"closed","template":"","meta":[],"product_brand":[],"product_cat":[22],"product_tag":[],"class_list":{"0":"post-2786","1":"product","2":"type-product","3":"status-publish","4":"has-post-thumbnail","6":"product_cat-gyro-sensor","8":"first","9":"instock","10":"shipping-taxable","11":"product-type-simple"},"_links":{"self":[{"href":"https:\/\/www.andelutech.com\/de\/wp-json\/wp\/v2\/product\/2786","targetHints":{"allow":["GET"]}}],"collection":[{"href":"https:\/\/www.andelutech.com\/de\/wp-json\/wp\/v2\/product"}],"about":[{"href":"https:\/\/www.andelutech.com\/de\/wp-json\/wp\/v2\/types\/product"}],"replies":[{"embeddable":true,"href":"https:\/\/www.andelutech.com\/de\/wp-json\/wp\/v2\/comments?post=2786"}],"wp:featuredmedia":[{"embeddable":true,"href":"https:\/\/www.andelutech.com\/de\/wp-json\/wp\/v2\/media\/2772"}],"wp:attachment":[{"href":"https:\/\/www.andelutech.com\/de\/wp-json\/wp\/v2\/media?parent=2786"}],"wp:term":[{"taxonomy":"product_brand","embeddable":true,"href":"https:\/\/www.andelutech.com\/de\/wp-json\/wp\/v2\/product_brand?post=2786"},{"taxonomy":"product_cat","embeddable":true,"href":"https:\/\/www.andelutech.com\/de\/wp-json\/wp\/v2\/product_cat?post=2786"},{"taxonomy":"product_tag","embeddable":true,"href":"https:\/\/www.andelutech.com\/de\/wp-json\/wp\/v2\/product_tag?post=2786"}],"curies":[{"name":"wp","href":"https:\/\/api.w.org\/{rel}","templated":true}]}}