{"id":2695,"date":"2025-06-30T15:37:10","date_gmt":"2025-06-30T07:37:10","guid":{"rendered":"https:\/\/www.andelutech.com\/?post_type=product&#038;p=2695"},"modified":"2026-03-26T17:34:34","modified_gmt":"2026-03-26T09:34:34","slug":"and-fins-70-high-performance-low-cost-fog-ins-2","status":"publish","type":"product","link":"https:\/\/www.andelutech.com\/de\/product\/and-fins-70-high-performance-low-cost-fog-ins-2\/","title":{"rendered":"Und FINS-70 Hochleistungs- und kosteng\u00fcnstige Nebel-Ins"},"content":{"rendered":"<p><strong>Systemstruktur und Funktionen<\/strong><\/p>\n<p>Das System besteht aus einem Chassis, einem IMU-K\u00f6rper (mit einem Glasfaser-Gyroskop mit drei Achsen, einem dreiachsigen Beschleunigungsmesser), einem Gyro-Motherboard, einem gemessenen Motherboard, einer Sekund\u00e4rnetzversorgung, einem Navigationscomputer und einer Steckdose.<\/p>\n<p>Es kann die Anforderungen der Allwetter-Messung des Tr\u00e4gers mit dreiachsigen Einstellungen erf\u00fcllen und hat eine Selbstausrichtungsfunktion. Es kann kurzfristige reine Tr\u00e4gheitsnavigation und kombinierte Navigationsfunktionen und die Echtzeit-Einstellungsdaten f\u00fcr Carrier-Carrier realisieren.<\/p>\n<p><strong>Spezifikationen<\/strong><\/p>\n<p><strong>3.1 Leistungsspezifikationen<\/strong><\/p>\n<p>3.1.1 Parameter voller Temperatursensor<\/p>\n<p>Der Kreisel ist besser als 0,05 \u00b0 \/ h und das Beschleunigungsmesser ist besser als 200ug (10s, 1\u03c3).<\/p>\n<p>3.1.2 Erstausrichtung (bei normaler Temperatur 25 \u00b0 C)<\/p>\n<p>Ausrichtungsmodus: Selbstausrichtung;<\/p>\n<p>Ausrichtungszeit: weniger als 5 min (statische Basis);<\/p>\n<p>Horizontale Haltung (Tonh\u00f6he, Roll) Ausrichtungsgenauigkeit (1\u03c3): \u2264 0,03 \u00b0;<\/p>\n<p>Genauigkeit der \u00dcberschriftenausrichtung (1\u03c3): \u2264 0,3 \u00b0.<\/p>\n<p>3.1.3 Einstellung bei der Aufrechterhaltung der Genauigkeit<\/p>\n<p>1h reiner tr\u00e4gheitstaat;<\/p>\n<p>Horizontale Haltung (Tonh\u00f6he, Roll) Aufrechterhaltung der Genauigkeit (1\u03c3): \u2264 0,05 \u00b0;<\/p>\n<p>\u00dcberschriftengenauigkeit (1\u03c3): \u2264 0,2 \u00b0;<\/p>\n<p>8h positionskombinationsstatus;<\/p>\n<p>Positionsgenauigkeit (CEP): 10 m;<\/p>\n<p><strong>3.2 Volumen, Gewicht<\/strong><\/p>\n<p>3.2.1 UND -FINS-70A<\/p>\n<p>Das Systemvolumen betr\u00e4gt: 237 mm \u00d7 157 mm \u00d7 122 mm;<\/p>\n<p>Systemgewicht: Weniger als 5 kg.<\/p>\n<p>3.2.2 UND -FINS-70B<\/p>\n<p>Das Systemvolumen betr\u00e4gt: 140 mm \u00d7 140 mm \u00d7 100 mm;<\/p>\n<p>Systemgewicht: Weniger als 3 kg.<\/p>\n<p><strong>3.3 Anforderungen der Umweltbedingungen<\/strong><\/p>\n<p>Betriebstemperaturbereich: -40 \u00b0 C ~+60 \u00b0 C.<\/p>\n<p><strong>3.4 Stromversorgung und Stromverbrauch<\/strong><\/p>\n<p>Der durchschnittliche Stromverbrauch betr\u00e4gt 15 W, 10 W bei normaler Temperatur;<\/p>\n<p>Stromversorgung 24 V, Arbeitsspannung 16 ~ 32 V.<\/p>\n<p><strong>3.5 Eingangs- und Ausgangsschnittstelle<\/strong><\/p>\n<p>RS422 -Eingangs- und Ausgabeschnittstelle: Navigationsparameter senden und Steuerbefehle empfangen<\/p>\n<p>Wenn Sie sich f\u00fcr High Performance &amp; amp; Niedrige Kosten FOG INS, pls kontaktieren Sie uns: info@joinsunny.cn<\/p>","protected":false},"excerpt":{"rendered":"<p>AND-FINS-70 Hochleistung &amp; Low Cost FOG INS besteht haupts\u00e4chlich aus drei Festfasergyroskopen, drei Quarzflexiblen Beschleunigungsmessern, Datenpackplatten, K\u00f6rperstrukturteilen und verwandter Software. Es kann die Winkelgeschwindigkeit und die lineare Beschleunigung der Tr\u00e4gerbewegung messen; f\u00fchrt die Fehlerkompensation von Temperatur, Installationsfehlerwinkel, Nichtlinearit\u00e4t und Nullstellung usw. durch; automatisch sucht und gibt wahre Nordrichtung aus; bietet eine dreidimensionale Haltung; liefert Informationen zur Tr\u00e4gerhaltung und Navigationssteuerung und das Messergebnis wird \u00fcber die serielle Schnittstelle RS422 ausgegeben.<\/p>","protected":false},"featured_media":2697,"comment_status":"open","ping_status":"closed","template":"","meta":[],"product_brand":[],"product_cat":[26],"product_tag":[],"class_list":{"0":"post-2695","1":"product","2":"type-product","3":"status-publish","4":"has-post-thumbnail","6":"product_cat-imu-mems-ins","8":"first","9":"instock","10":"shipping-taxable","11":"product-type-simple"},"_links":{"self":[{"href":"https:\/\/www.andelutech.com\/de\/wp-json\/wp\/v2\/product\/2695","targetHints":{"allow":["GET"]}}],"collection":[{"href":"https:\/\/www.andelutech.com\/de\/wp-json\/wp\/v2\/product"}],"about":[{"href":"https:\/\/www.andelutech.com\/de\/wp-json\/wp\/v2\/types\/product"}],"replies":[{"embeddable":true,"href":"https:\/\/www.andelutech.com\/de\/wp-json\/wp\/v2\/comments?post=2695"}],"wp:featuredmedia":[{"embeddable":true,"href":"https:\/\/www.andelutech.com\/de\/wp-json\/wp\/v2\/media\/2697"}],"wp:attachment":[{"href":"https:\/\/www.andelutech.com\/de\/wp-json\/wp\/v2\/media?parent=2695"}],"wp:term":[{"taxonomy":"product_brand","embeddable":true,"href":"https:\/\/www.andelutech.com\/de\/wp-json\/wp\/v2\/product_brand?post=2695"},{"taxonomy":"product_cat","embeddable":true,"href":"https:\/\/www.andelutech.com\/de\/wp-json\/wp\/v2\/product_cat?post=2695"},{"taxonomy":"product_tag","embeddable":true,"href":"https:\/\/www.andelutech.com\/de\/wp-json\/wp\/v2\/product_tag?post=2695"}],"curies":[{"name":"wp","href":"https:\/\/api.w.org\/{rel}","templated":true}]}}