{"id":2442,"date":"2025-05-23T15:40:57","date_gmt":"2025-05-23T07:40:57","guid":{"rendered":"https:\/\/www.andelutech.com\/?post_type=product&#038;p=2442"},"modified":"2026-03-26T17:35:19","modified_gmt":"2026-03-26T09:35:19","slug":"and-ts-5148cu","status":"publish","type":"product","link":"https:\/\/www.andelutech.com\/de\/product\/and-ts-5148cu\/","title":{"rendered":"AND-TS-5148CU"},"content":{"rendered":"","protected":false},"excerpt":{"rendered":"<p><strong><b>Einf\u00fchrung <\/b><\/strong><\/p>\n<p><strong><b>Produktbeschreibung<\/b><\/strong><\/p>\n<p>Und-TS-5148CU-Strom-Einzelachse\u00a0<a href=\"https:\/\/www.ericcointernational.com\/inclinomter\/\">Kippmesser<\/a>\u00a0ist ein kleines Volumen-MEMS-Ein-Achsen-Stromausgangs-Neigungsmessger\u00e4t, DER Ausgangsstrom von 4 ~ 20 mA, 0 ~ 20 Ma, 0 ~ 24 mA ist optional. Aufgrund des eingebauten mikroelektromechanischen Produktionsprozesses Neigungsprozess ist das Produkt gering, der Stromverbrauch, die Arbeitstemperatur in der Industrie betr\u00e4gt -40 ~+85 \u2103, und eine Fern\u00fcbertragung von Langstrecken kann mehr als 2500 Meter erreichen. Die starke F\u00e4higkeit, externer elektromagnetischer Interferenz zu widerstehen, ist f\u00fcr langfristige Arbeit in harten industriellen Umgebungen geeignet.<\/p>\n<p>Das Produkt \u00fcbernimmt das Prinzip der nichtkontakten Messung, wodurch der aktuelle Haltung und den Neigungswinkel in Echtzeit mit einer Genauigkeit von bis zu 0,3 \u00b0 ausgegeben werden kann. Es ist einfach zu bedienen, und es besteht keine Notwendigkeit, die beiden Oberfl\u00e4chen mit relativen \u00c4nderungen zu finden. Daher ist es die ideale Wahl der industriellen Ger\u00e4te und der Messung der Plattformeinstellungen.<\/p>\n<p><strong><b>Merkmale<\/b><\/strong><\/p>\n<p>Neigungs\u00fcberwachung der Einzelachse<\/p>\n<p>Genauigkeit des Vollbereichs 0,3 \u00b0, Aufl\u00f6sung 0,05 \u00b0<\/p>\n<p>Ausgabe 4 ~ 20 mA, 0 ~ 20 mA, 0 ~ 24 mA optional<\/p>\n<p>Weitspannung Eingang DC 9 ~ 36 V<\/p>\n<p>Breite Temperatur funktioniert -40 ~+85 \u2103<\/p>\n<p>Messbereich: 0 ~ \u00b1 180 \u00b0 (optional)<\/p>\n<p>Hoher Schwingungswiderstand&gt; 2500 g<\/p>\n<p>IP67 Schutz<\/p>\n<p>Industriedesign<\/p>\n<p>Kleines Volumen (55*37*24 mm) (anpassbar)<\/p>","protected":false},"featured_media":3342,"comment_status":"open","ping_status":"closed","template":"","meta":[],"product_brand":[],"product_cat":[24],"product_tag":[],"class_list":{"0":"post-2442","1":"product","2":"type-product","3":"status-publish","4":"has-post-thumbnail","6":"product_cat-tilt-sensor","8":"first","9":"instock","10":"shipping-taxable","11":"product-type-simple"},"_links":{"self":[{"href":"https:\/\/www.andelutech.com\/de\/wp-json\/wp\/v2\/product\/2442","targetHints":{"allow":["GET"]}}],"collection":[{"href":"https:\/\/www.andelutech.com\/de\/wp-json\/wp\/v2\/product"}],"about":[{"href":"https:\/\/www.andelutech.com\/de\/wp-json\/wp\/v2\/types\/product"}],"replies":[{"embeddable":true,"href":"https:\/\/www.andelutech.com\/de\/wp-json\/wp\/v2\/comments?post=2442"}],"wp:featuredmedia":[{"embeddable":true,"href":"https:\/\/www.andelutech.com\/de\/wp-json\/wp\/v2\/media\/3342"}],"wp:attachment":[{"href":"https:\/\/www.andelutech.com\/de\/wp-json\/wp\/v2\/media?parent=2442"}],"wp:term":[{"taxonomy":"product_brand","embeddable":true,"href":"https:\/\/www.andelutech.com\/de\/wp-json\/wp\/v2\/product_brand?post=2442"},{"taxonomy":"product_cat","embeddable":true,"href":"https:\/\/www.andelutech.com\/de\/wp-json\/wp\/v2\/product_cat?post=2442"},{"taxonomy":"product_tag","embeddable":true,"href":"https:\/\/www.andelutech.com\/de\/wp-json\/wp\/v2\/product_tag?post=2442"}],"curies":[{"name":"wp","href":"https:\/\/api.w.org\/{rel}","templated":true}]}}