{"id":2439,"date":"2025-05-23T15:39:12","date_gmt":"2025-05-23T07:39:12","guid":{"rendered":"https:\/\/www.andelutech.com\/?post_type=product&#038;p=2439"},"modified":"2026-01-14T09:48:35","modified_gmt":"2026-01-14T01:48:35","slug":"low-cost-single-axis-tilt-sensor-digital-output-5146di","status":"publish","type":"product","link":"https:\/\/www.andelutech.com\/de\/product\/low-cost-single-axis-tilt-sensor-digital-output-5146di\/","title":{"rendered":"AND-TS-5146DI Low Cost Single Axis Tilt Sensor Digital Output"},"content":{"rendered":"","protected":false},"excerpt":{"rendered":"<p><strong><b>Einf\u00fchrung<\/b><\/strong><\/p>\n<p>Und TS-5146DI Digitales Single-Achse-Neigungsmessger\u00e4t ist eine neue Generation von MEMS-Tilt-Sensor mit kleinem Volumen mit einer eingebauten Doppelkanal-Schwerkraft-Neigungseinheit. Konvertiert die Neigungs\u00e4nderung durch Messung der statischen Gravitationsbeschleunigung. Somit kann der Sensorausgang in Bezug auf die horizontale Neigung und die Neigungwinkel gemessen werden. Der Ausgangsmodus verf\u00fcgt \u00fcber eine RS232-, RS485- oder TTL -Schnittstelle zur Auswahl der Modbus -Ebene. Aufgrund des integrierten MCU-Steuerungssystems wurde die Ausgangslinearit\u00e4t des Sensors zweimal korrigiert, um den durch das Fehlen einer analogen Korrektur verursachten Genauigkeitsverlust auszugleichen.<\/p>\n<p>Das Produkt nimmt die nicht kontakte Messung der urspr\u00fcnglichen Menge an, wodurch die aktuelle Einstellung und Neigung in Echtzeit ausgegeben werden kann. Die Operation ist einfach und es besteht nicht erforderlich, die beiden Seiten der \u00c4nderung abzurufen. Es kann externe elektromagnetische Interferenzen widerstehen und sich f\u00fcr langfristige Arbeit an das raue industrielle Umfeld anpassen. Daher ist es eine ideale Wahl f\u00fcr die industrielle Automatisierungsregelung und die Messung der Plattformeinstellungen.<\/p>\n<p><strong><b>Merkmale<\/b><\/strong><\/p>\n<p>Neigungs\u00fcberwachung der Einzelachse<\/p>\n<p>Genauigkeit des Vollbereichs 0,3 \u00b0, Aufl\u00f6sung 0,05 \u00b0<\/p>\n<p>Ausgangsfrequenz 5 ~ 100 Hz (optional)<\/p>\n<p>Eingangsspannung DC 5V<\/p>\n<p>Breite Temperatur funktioniert -40 ~+85 \u2103<\/p>\n<p>Messbereich: 0 ~ \u00b1 180 \u00b0 (optional)<\/p>\n<p>Hoher Schwingungswiderstand&gt; 2500 g<\/p>\n<p>Baud Rate2400 ~ 115200 (einstellbar)<\/p>\n<p>IP67 Schutz<\/p>\n<p>Ausgabe: RS232 \/RS485\/TTL\/MODBUS (optional)<\/p>\n<p>Kleines Volumen (55*37*24 mm) (anpassbar)<\/p>\n<p><strong><b>Anwendungen<\/b><\/strong><\/p>\n<p>Hochspannungsstromleitungs -Turmpol -\u00dcberwachung<\/p>\n<p>Satelliten -Solarantennenpositionierung<\/p>\n<p>Luftfahrtfahrzeug<\/p>\n<p>Bergbaumaschinerie, \u00d6lprotokollierungsausr\u00fcstung<\/p>\n<p>Medizinische Ausr\u00fcstung<\/p>\n<p>GIMP -Leveling<\/p>\n<p>Hydraulische Hebeplattform<\/p>\n<p>Neigungsbasierte \u00dcberwachung<\/p>\n<p>Verschiedene Baumaschinenwinkelregelung<\/p>\n<p>Inspektion von Br\u00fccken und D\u00e4mmen<\/p>","protected":false},"featured_media":3343,"comment_status":"open","ping_status":"closed","template":"","meta":[],"product_brand":[],"product_cat":[24],"product_tag":[],"class_list":{"0":"post-2439","1":"product","2":"type-product","3":"status-publish","4":"has-post-thumbnail","6":"product_cat-tilt-sensor","8":"first","9":"instock","10":"shipping-taxable","11":"product-type-simple"},"_links":{"self":[{"href":"https:\/\/www.andelutech.com\/de\/wp-json\/wp\/v2\/product\/2439","targetHints":{"allow":["GET"]}}],"collection":[{"href":"https:\/\/www.andelutech.com\/de\/wp-json\/wp\/v2\/product"}],"about":[{"href":"https:\/\/www.andelutech.com\/de\/wp-json\/wp\/v2\/types\/product"}],"replies":[{"embeddable":true,"href":"https:\/\/www.andelutech.com\/de\/wp-json\/wp\/v2\/comments?post=2439"}],"wp:featuredmedia":[{"embeddable":true,"href":"https:\/\/www.andelutech.com\/de\/wp-json\/wp\/v2\/media\/3343"}],"wp:attachment":[{"href":"https:\/\/www.andelutech.com\/de\/wp-json\/wp\/v2\/media?parent=2439"}],"wp:term":[{"taxonomy":"product_brand","embeddable":true,"href":"https:\/\/www.andelutech.com\/de\/wp-json\/wp\/v2\/product_brand?post=2439"},{"taxonomy":"product_cat","embeddable":true,"href":"https:\/\/www.andelutech.com\/de\/wp-json\/wp\/v2\/product_cat?post=2439"},{"taxonomy":"product_tag","embeddable":true,"href":"https:\/\/www.andelutech.com\/de\/wp-json\/wp\/v2\/product_tag?post=2439"}],"curies":[{"name":"wp","href":"https:\/\/api.w.org\/{rel}","templated":true}]}}