{"id":2436,"date":"2025-05-23T15:37:47","date_gmt":"2025-05-23T07:37:47","guid":{"rendered":"https:\/\/www.andelutech.com\/?post_type=product&#038;p=2436"},"modified":"2026-01-09T13:54:29","modified_gmt":"2026-01-09T05:54:29","slug":"low-cost-single-axis-tilt-sensor-canopen-output-5145ca","status":"publish","type":"product","link":"https:\/\/www.andelutech.com\/de\/product\/low-cost-single-axis-tilt-sensor-canopen-output-5145ca\/","title":{"rendered":"AND-TM-5145CA Low Cost Single Axis Tilt Sensor CANopen Output"},"content":{"rendered":"","protected":false},"excerpt":{"rendered":"<p><strong><b>Einf\u00fchrung<\/b><\/strong><\/p>\n<p>Der doppelte Achse-Neigungsmesser aus Canopen Output ist ein speziell f\u00fcr die industrieller Feldsteuerung entwickeltes Produkt. Das Produkt verf\u00fcgt \u00fcber eine eingebaute mikroelektro-mechanische Produktionsprozess-Neigung, die die Eigenschaften von geringer Gr\u00f6\u00dfe, geringem Stromverbrauch sowie hohe Konsistenz und Stabilit\u00e4t des mikroelektro-mechanischen Prozesses aufweist. Es handelt sich um ein Neigungsmodul f\u00fcr Industriequalit\u00e4t mit einer Arbeitstemperatur von -40 ~+85 \u00b0 C.<\/p>\n<p>Das Produkt verwendet nicht kontakte Messung der urspr\u00fcnglichen Menge und kann die aktuelle Einstellung und Neigung in Echtzeit ausgeben. Die Operation ist einfach und es besteht nicht erforderlich, die beiden Gesichter relativer \u00c4nderungen abzurufen. Es hat einen starken Widerstand gegen externe elektromagnetische St\u00f6rungen und kann sich an langfristige Arbeit in harten industriellen Umgebungen anpassen, was es zu einer idealen Wahl f\u00fcr die ma\u00dfgeschneiderte Messung der industriellen Automatisierung und der Plattform-Einstellungsmessung macht.<\/p>\n<p><strong><b>Featurer<\/b><\/strong><\/p>\n<p>Neigungs\u00fcberwachung der Einzelachse<\/p>\n<p>Genauigkeit des Vollbereichs 0,3 \u00b0, Aufl\u00f6sung 0,05 \u00b0<\/p>\n<p>Ausgangsfrequenz 5 ~ 100 Hz (optional)<\/p>\n<p>Eingangsspannung DC 5V<\/p>\n<p>Breite Temperatur funktioniert -40 ~+85 \u2103<\/p>\n<p>Messbereich: 0 ~ \u00b1 180 \u00b0 (optional)<\/p>\n<p>Hoher Schwingungswiderstand&gt; 2500 g<\/p>\n<p>Baud Rate 100K-500K BPS<\/p>\n<p>IP67 Schutz<\/p>\n<p>Ausgabe: Canopen<\/p>\n<p>Kleines Volumen (55*37*24 mm) (anpassbar)<\/p>\n<p><strong><b>Anwendungen<\/b><\/strong><\/p>\n<p>Hochspannungsdrahtsturm\u00fcberwachung<\/p>\n<p>Satelliten -Solarantennenpositionierung<\/p>\n<p>Hoch -Traktor, tiefe landwirtschaftliche Maschinen und Bergbaumaschinen<\/p>\n<p>Medizinische Ger\u00e4te f\u00fcr \u00d6lprotokollierungsausr\u00fcstung<\/p>\n<p>Nivellierung<\/p>\n<p>Hydraulische Hebeplattform<\/p>\n<p>Neigungs\u00fcberwachung<\/p>\n<p>Winkelkontrolle verschiedener Baumaschinen<\/p>\n<p>Inspektion von Br\u00fccken und D\u00e4mmen<\/p>","protected":false},"featured_media":3367,"comment_status":"open","ping_status":"closed","template":"","meta":[],"product_brand":[],"product_cat":[24],"product_tag":[],"class_list":{"0":"post-2436","1":"product","2":"type-product","3":"status-publish","4":"has-post-thumbnail","6":"product_cat-tilt-sensor","8":"first","9":"instock","10":"shipping-taxable","11":"product-type-simple"},"_links":{"self":[{"href":"https:\/\/www.andelutech.com\/de\/wp-json\/wp\/v2\/product\/2436","targetHints":{"allow":["GET"]}}],"collection":[{"href":"https:\/\/www.andelutech.com\/de\/wp-json\/wp\/v2\/product"}],"about":[{"href":"https:\/\/www.andelutech.com\/de\/wp-json\/wp\/v2\/types\/product"}],"replies":[{"embeddable":true,"href":"https:\/\/www.andelutech.com\/de\/wp-json\/wp\/v2\/comments?post=2436"}],"wp:featuredmedia":[{"embeddable":true,"href":"https:\/\/www.andelutech.com\/de\/wp-json\/wp\/v2\/media\/3367"}],"wp:attachment":[{"href":"https:\/\/www.andelutech.com\/de\/wp-json\/wp\/v2\/media?parent=2436"}],"wp:term":[{"taxonomy":"product_brand","embeddable":true,"href":"https:\/\/www.andelutech.com\/de\/wp-json\/wp\/v2\/product_brand?post=2436"},{"taxonomy":"product_cat","embeddable":true,"href":"https:\/\/www.andelutech.com\/de\/wp-json\/wp\/v2\/product_cat?post=2436"},{"taxonomy":"product_tag","embeddable":true,"href":"https:\/\/www.andelutech.com\/de\/wp-json\/wp\/v2\/product_tag?post=2436"}],"curies":[{"name":"wp","href":"https:\/\/api.w.org\/{rel}","templated":true}]}}