{"id":2433,"date":"2025-05-23T15:36:02","date_gmt":"2025-05-23T07:36:02","guid":{"rendered":"https:\/\/www.andelutech.com\/?post_type=product&#038;p=2433"},"modified":"2026-01-14T09:59:30","modified_gmt":"2026-01-14T01:59:30","slug":"low-cost-voltage-output-single-axis-tilt-sensor-5140vo","status":"publish","type":"product","link":"https:\/\/www.andelutech.com\/de\/product\/low-cost-voltage-output-single-axis-tilt-sensor-5140vo\/","title":{"rendered":"AND-TS-5140VO Low Cost Voltage Output Single Axis Tilt Sensor"},"content":{"rendered":"","protected":false},"excerpt":{"rendered":"<p><strong><b>Einf\u00fchrung<\/b><\/strong><\/p>\n<p>Und TS-5140VO-Serie\u00a0<a href=\"https:\/\/www.ericcointernational.com\/inclinomter\/\">neigungssensor<\/a>\u00a0ist eine kosteng\u00fcnstige einachsige spannungsneigung\u00a0<a href=\"https:\/\/www.ericcointernational.com\/inclinomter\/\">sensor<\/a>. Die Ausgangsspannung betr\u00e4gt 0 ~ 5 V und 0 ~ 10 V ist optional. Es richtet sich haupts\u00e4chlich auf den Anwendungsmarkt, auf dem das Volumen und die Kosten stark begrenzt sind. Aufgrund der eingebauten Neigungseinheit einer neuen Generation von MEMS-Produktionsprozessen ist das fertige Produkt klein und gering. Die Konsistenz und Stabilit\u00e4t des MEMS -Prozesses ist sehr hoch, und seine Arbeitstemperatur erreicht den industriellen Grad -40 ~+85 \u2103, was ein kosteng\u00fcnstiges Neigungsmodul ist.<\/p>\n<p>Das Produkt \u00fcbernimmt das Prinzip der Nichtkontaktmessung, wodurch die aktuelle Haltung und Neigung in Echtzeit ausgegeben werden kann. Die Operation ist einfach, es besteht keine Notwendigkeit, zwei Gesichter mit relativen \u00c4nderungen zu suchen. Es hat die Eigenschaften kleiner Gr\u00f6\u00dfe und starker Schock- und Vibrationsbest\u00e4ndigkeit, insbesondere f\u00fcr harte industrielle Umgebungen.<\/p>\n<p><strong><b>Featurer<\/b><\/strong><\/p>\n<p>Neigungs\u00fcberwachung der Einzelachse<\/p>\n<p>Genauigkeit des Vollbereichs 0,3 \u00b0, Aufl\u00f6sung 0,05 \u00b0<\/p>\n<p>Ausgabe: 0-5V, 0-10 V (optional)<\/p>\n<p>Weitspannung Eingang DC 9 ~ 36 V<\/p>\n<p>Breite Temperatur funktioniert -40 ~+85 \u2103<\/p>\n<p>Messbereich: 0 ~ \u00b1 180 \u00b0 (optional)<\/p>\n<p>Hoher Schwingungswiderstand&gt; 2500 g<\/p>\n<p>IP67 Schutz<\/p>\n<p>Industriedesign<\/p>\n<p>Kleines Volumen (55*37*24 mm) (anpassbar)<\/p>\n<p><strong><b>Anwendungen<\/b><\/strong><\/p>\n<p>Intelligente Strom\u00fcbertragungslinie<\/p>\n<p>Lastwagen in der Luft<\/p>\n<p>TRAKTOR, DEEP BRANCHEMENT MACHINERY<\/p>\n<p>Bergbaumaschinerie, \u00d6lprotokollierungsausr\u00fcstung<\/p>\n<p>Medizinische Ausr\u00fcstung<\/p>\n<p>Nivellierung<\/p>\n<p>Hydraulische Hebeplattform<\/p>\n<p>Neigungs\u00fcberwachung<\/p>\n<p>Winkelkontrolle verschiedener Baumaschinen<\/p>\n<p>Inspektion von Br\u00fccken und D\u00e4mmen<\/p>","protected":false},"featured_media":3344,"comment_status":"open","ping_status":"closed","template":"","meta":[],"product_brand":[],"product_cat":[24],"product_tag":[],"class_list":{"0":"post-2433","1":"product","2":"type-product","3":"status-publish","4":"has-post-thumbnail","6":"product_cat-tilt-sensor","8":"first","9":"instock","10":"shipping-taxable","11":"product-type-simple"},"_links":{"self":[{"href":"https:\/\/www.andelutech.com\/de\/wp-json\/wp\/v2\/product\/2433","targetHints":{"allow":["GET"]}}],"collection":[{"href":"https:\/\/www.andelutech.com\/de\/wp-json\/wp\/v2\/product"}],"about":[{"href":"https:\/\/www.andelutech.com\/de\/wp-json\/wp\/v2\/types\/product"}],"replies":[{"embeddable":true,"href":"https:\/\/www.andelutech.com\/de\/wp-json\/wp\/v2\/comments?post=2433"}],"wp:featuredmedia":[{"embeddable":true,"href":"https:\/\/www.andelutech.com\/de\/wp-json\/wp\/v2\/media\/3344"}],"wp:attachment":[{"href":"https:\/\/www.andelutech.com\/de\/wp-json\/wp\/v2\/media?parent=2433"}],"wp:term":[{"taxonomy":"product_brand","embeddable":true,"href":"https:\/\/www.andelutech.com\/de\/wp-json\/wp\/v2\/product_brand?post=2433"},{"taxonomy":"product_cat","embeddable":true,"href":"https:\/\/www.andelutech.com\/de\/wp-json\/wp\/v2\/product_cat?post=2433"},{"taxonomy":"product_tag","embeddable":true,"href":"https:\/\/www.andelutech.com\/de\/wp-json\/wp\/v2\/product_tag?post=2433"}],"curies":[{"name":"wp","href":"https:\/\/api.w.org\/{rel}","templated":true}]}}