{"id":2429,"date":"2025-05-23T15:33:46","date_gmt":"2025-05-23T07:33:46","guid":{"rendered":"https:\/\/www.andelutech.com\/?post_type=product&#038;p=2429"},"modified":"2026-01-09T13:59:38","modified_gmt":"2026-01-09T05:59:38","slug":"low-cost-digital-output-type-two-axis-tilt-sensor-3269di","status":"publish","type":"product","link":"https:\/\/www.andelutech.com\/de\/product\/low-cost-digital-output-type-two-axis-tilt-sensor-3269di\/","title":{"rendered":"AND-TS-3269DI Low Cost Digital Output Type Two Axis Tilt Sensor"},"content":{"rendered":"","protected":false},"excerpt":{"rendered":"<p><strong><b>Einf\u00fchrung<\/b><\/strong><\/p>\n<p>Und TS-3269DI ist ein Tilt-Sensor f\u00fcr digitale Ausgangsdoppelachse, der im Bereich der industriellen Kontrolle verwendet wird. Eingebautes Hochvorbereitungs-16bit A \/D -Ronverter und Filteralgorithmus n-Ordnung werden zur Messung der Neigung und des Stellwinkels des Sensorausgangs relativ zur horizontalen Ebene verwendet. Die Ausgangsschnittstelle verf\u00fcgt \u00fcber RS232, RS485, RS422, TTL, PWM, Can, Modbus zur Auswahl.<\/p>\n<p>Das Produkt ist mit einem hochpr\u00e4zisen digitalen Sensor der ADI-Firma ausgestattet, das die Temperaturdrift der Temperatur korrigieren kann\u00a0<a href=\"https:\/\/www.ericcointernational.com\/inclinomter\/\">sensor<\/a>\u00a0entsprechend der \u00fcberwachungstemperatur\u00e4nderung des eingebauten temperatursensors, um die wiederholbarkeit des produkts in umgebungen mit niedrigen und hohen temperaturen sicherzustellen. Die entsprechende Frequenz der Leistung betr\u00e4gt 100 Hz, ein echtes industrielles Produkt mit zuverl\u00e4ssiger und stabiler Leistung, guter Skalierbarkeit und einer Vielzahl von Output -Optionen, damit sie f\u00fcr verschiedene industrielle Steuerungsumgebungen geeignet ist.<\/p>\n<p><strong><b>Merkmale<\/b><\/strong><\/p>\n<p>Doppelachsekipp\u00fcberwachung<\/p>\n<p>Genauigkeit des Vollbereichs 0,01 \u00b0, Aufl\u00f6sung 0,001 \u00b0<\/p>\n<p>Ausgangsfrequenz 5 ~ 100 Hz (optional)<\/p>\n<p>Weitspannung Eingang DC 9 ~ 36 V<\/p>\n<p>Breite Temperatur funktioniert -40 ~+85 \u2103<\/p>\n<p>Messbereich: 0 ~ \u00b1 90 \u00b0 (optional)<\/p>\n<p>Hoher Schwingungswiderstand&gt; 20000g<\/p>\n<p>Baud Rate 2400 ~ 115200 (einstellbar)<\/p>\n<p>IP67 Schutz<\/p>\n<p>Kann rs232 \/RS485\/TTL\/MODBUS ausgeben (optional)<\/p>\n<p>Kleines Volumen (46*35*8 mm) (anpassbar)<\/p>\n<p><strong><b>Anwendungen<\/b><\/strong><\/p>\n<p>Hochspannungsstromleitungs -Turmpol -\u00dcberwachung<\/p>\n<p>Satelliten -Solarantennenpositionierung<\/p>\n<p>AGV -Trolley<\/p>\n<p>Bergbaumaschinerie, \u00d6lprotokollierungsausr\u00fcstung<\/p>\n<p>Medizinische Ausr\u00fcstung<\/p>\n<p>Nivellierung<\/p>\n<p>Hydraulische Hebeplattform<\/p>\n<p>Neigungs\u00fcberwachung<\/p>\n<p>Winkelkontrolle verschiedener Baumaschinen<\/p>\n<p>Inspektion von Br\u00fccken und D\u00e4mmen<\/p>","protected":false},"featured_media":2431,"comment_status":"open","ping_status":"closed","template":"","meta":[],"product_brand":[],"product_cat":[24],"product_tag":[],"class_list":{"0":"post-2429","1":"product","2":"type-product","3":"status-publish","4":"has-post-thumbnail","6":"product_cat-tilt-sensor","8":"first","9":"instock","10":"shipping-taxable","11":"product-type-simple"},"_links":{"self":[{"href":"https:\/\/www.andelutech.com\/de\/wp-json\/wp\/v2\/product\/2429","targetHints":{"allow":["GET"]}}],"collection":[{"href":"https:\/\/www.andelutech.com\/de\/wp-json\/wp\/v2\/product"}],"about":[{"href":"https:\/\/www.andelutech.com\/de\/wp-json\/wp\/v2\/types\/product"}],"replies":[{"embeddable":true,"href":"https:\/\/www.andelutech.com\/de\/wp-json\/wp\/v2\/comments?post=2429"}],"wp:featuredmedia":[{"embeddable":true,"href":"https:\/\/www.andelutech.com\/de\/wp-json\/wp\/v2\/media\/2431"}],"wp:attachment":[{"href":"https:\/\/www.andelutech.com\/de\/wp-json\/wp\/v2\/media?parent=2429"}],"wp:term":[{"taxonomy":"product_brand","embeddable":true,"href":"https:\/\/www.andelutech.com\/de\/wp-json\/wp\/v2\/product_brand?post=2429"},{"taxonomy":"product_cat","embeddable":true,"href":"https:\/\/www.andelutech.com\/de\/wp-json\/wp\/v2\/product_cat?post=2429"},{"taxonomy":"product_tag","embeddable":true,"href":"https:\/\/www.andelutech.com\/de\/wp-json\/wp\/v2\/product_tag?post=2429"}],"curies":[{"name":"wp","href":"https:\/\/api.w.org\/{rel}","templated":true}]}}