{"id":2426,"date":"2025-05-23T15:29:46","date_gmt":"2025-05-23T07:29:46","guid":{"rendered":"https:\/\/www.andelutech.com\/?post_type=product&#038;p=2426"},"modified":"2026-01-09T14:01:40","modified_gmt":"2026-01-09T06:01:40","slug":"current-output-type-2-axis-tilt-sensor-3268cu","status":"publish","type":"product","link":"https:\/\/www.andelutech.com\/de\/product\/current-output-type-2-axis-tilt-sensor-3268cu\/","title":{"rendered":"AND-TS-3268CU Current Output Type 2 Axis Tilt Sensor"},"content":{"rendered":"","protected":false},"excerpt":{"rendered":"<p><strong><b>Einf\u00fchrung<\/b><\/strong><\/p>\n<p>Und TS-3268CU ist ein Standard-Neigungssensor f\u00fcr industrielle Doppelachse. Es stehen Standardstr\u00f6me von 4-20 mA, 0-20 mA, 0-24 mA zur Auswahl und k\u00f6nnen eine Fernentfernung von 2000 Metern \u00fcbertragen.<\/p>\n<p>Das Produkt \u00fcbernimmt die MEMS -Sensorproduktionstechnologie, die Temperaturfehler und lineare Fehler genau kompensieren und korrigieren kann. Es hat die Eigenschaften hoher Genauigkeit, kleiner Gr\u00f6\u00dfe, hoher Verpackungstechnologie, starker Schwingungsresistenz, eingebauter Anti-Radio-Frequenz und Antielektromagnet-Interferenzschaltungen, die besonders f\u00fcr unterirdische Anwendungen in harten industriellen Umgebungen wie Ausgrabungsmaschinen geeignet sind.<\/p>\n<p><strong><b>Merkmale<\/b><\/strong><\/p>\n<p>Doppelachsekipp\u00fcberwachung<\/p>\n<p>Genauigkeit des Vollbereichs 0,01 \u00b0, Aufl\u00f6sung 0,001 \u00b0<\/p>\n<p>Ausgabe 4 ~ 20 mA, 0 ~ 20 mA, 0 ~ 24 mA (optional)<\/p>\n<p>Weitspannung Eingang DC 9 ~ 36 V<\/p>\n<p>Breite Temperatur funktioniert -40 ~+85 \u2103<\/p>\n<p>Messbereich: 0 ~ \u00b1 90 \u00b0 (optional)<\/p>\n<p>Hoher Schwingungswiderstand&gt; 20000g<\/p>\n<p>IP67 Schutz<\/p>\n<p>Kann gleichzeitig RS232 ausgeben<\/p>\n<p>Kleines Volumen (90*40*27 mm) (anpassbar)<\/p>\n<p><strong><b>Anwendungen<\/b><\/strong><\/p>\n<p>Hochspannungsstromleitungs -Turmpol -\u00dcberwachung<\/p>\n<p>Satelliten -Solarantennenpositionierung<\/p>\n<p>Lastwagen in der Luft<\/p>\n<p>Bergbaumaschinerie, \u00d6lprotokollierungsausr\u00fcstung<\/p>\n<p>Medizinische Ausr\u00fcstung<\/p>\n<p>Nivellierung<\/p>\n<p>Hydraulische Hebeplattform<\/p>\n<p>Neigungs\u00fcberwachung<\/p>\n<p>Winkelkontrolle verschiedener Baumaschinen<\/p>\n<p>Inspektion von Br\u00fccken und D\u00e4mmen<\/p>","protected":false},"featured_media":3345,"comment_status":"open","ping_status":"closed","template":"","meta":[],"product_brand":[],"product_cat":[24],"product_tag":[],"class_list":{"0":"post-2426","1":"product","2":"type-product","3":"status-publish","4":"has-post-thumbnail","6":"product_cat-tilt-sensor","8":"first","9":"instock","10":"shipping-taxable","11":"product-type-simple"},"_links":{"self":[{"href":"https:\/\/www.andelutech.com\/de\/wp-json\/wp\/v2\/product\/2426","targetHints":{"allow":["GET"]}}],"collection":[{"href":"https:\/\/www.andelutech.com\/de\/wp-json\/wp\/v2\/product"}],"about":[{"href":"https:\/\/www.andelutech.com\/de\/wp-json\/wp\/v2\/types\/product"}],"replies":[{"embeddable":true,"href":"https:\/\/www.andelutech.com\/de\/wp-json\/wp\/v2\/comments?post=2426"}],"wp:featuredmedia":[{"embeddable":true,"href":"https:\/\/www.andelutech.com\/de\/wp-json\/wp\/v2\/media\/3345"}],"wp:attachment":[{"href":"https:\/\/www.andelutech.com\/de\/wp-json\/wp\/v2\/media?parent=2426"}],"wp:term":[{"taxonomy":"product_brand","embeddable":true,"href":"https:\/\/www.andelutech.com\/de\/wp-json\/wp\/v2\/product_brand?post=2426"},{"taxonomy":"product_cat","embeddable":true,"href":"https:\/\/www.andelutech.com\/de\/wp-json\/wp\/v2\/product_cat?post=2426"},{"taxonomy":"product_tag","embeddable":true,"href":"https:\/\/www.andelutech.com\/de\/wp-json\/wp\/v2\/product_tag?post=2426"}],"curies":[{"name":"wp","href":"https:\/\/api.w.org\/{rel}","templated":true}]}}