{"id":2423,"date":"2025-05-23T15:27:58","date_gmt":"2025-05-23T07:27:58","guid":{"rendered":"https:\/\/www.andelutech.com\/?post_type=product&#038;p=2423"},"modified":"2026-01-09T14:03:50","modified_gmt":"2026-01-09T06:03:50","slug":"current-output-two-axis-foundation-pit-inclinometer-3267di","status":"publish","type":"product","link":"https:\/\/www.andelutech.com\/de\/product\/current-output-two-axis-foundation-pit-inclinometer-3267di\/","title":{"rendered":"AND-TS-3267DI Current Output Two-axis Foundation Pit Inclinometer"},"content":{"rendered":"","protected":false},"excerpt":{"rendered":"<p><strong><b>Einf\u00fchrung<\/b><\/strong><\/p>\n<p>Und TS-3267DI ist ein digitaler Neigungssensor mit zwei Achsen, der im Bereich der industriellen Feldsteuerung verwendet wird und mit einem eingebauten Hochvertr\u00e4gen 16bit A \/D -Werter ausgestattet ist, und der Neigungswert der Dualachse wird schlie\u00dflich \u00fcber das N-Ortering-Filteralgorith ausgegeben. Die Ausgangsgrenzwerte RS232, RS485, RS422, TTL und Modbus Bus sind zur Auswahl erh\u00e4ltlich.<\/p>\n<p>Das Produkt ist mit einem hochpr\u00e4zisen digitalen Sensor der ADI-Firma ausgestattet, das die Temperaturdrift des Sensors gem\u00e4\u00df der \u00dcberwachungstemperatur\u00e4nderung des eingebauten Temperatursensors korrigieren kann, um die Wiederholbarkeit des Produkts in Umgebungen mit niedrigen und hohen Temperaturen zu gew\u00e4hrleisten. Die entsprechende Frequenz der Leistung betr\u00e4gt 100 Hz, ein echtes industrielles Produkt mit zuverl\u00e4ssiger und stabiler Leistung, guter Skalierbarkeit und einer Vielzahl von Output -Optionen, damit sie f\u00fcr verschiedene industrielle Steuerungsumgebungen geeignet ist.<\/p>\n<p><strong><b>Merkmale<\/b><\/strong><\/p>\n<p>Doppelachsekipp\u00fcberwachung<\/p>\n<p>Genauigkeit des Vollbereichs 0,01 \u00b0, Aufl\u00f6sung 0,001 \u00b0<\/p>\n<p>Ausgangsfrequenz 5 ~ 100 Hz (optional)<\/p>\n<p>Weitspannung Eingang DC 9 ~ 36 V<\/p>\n<p>Breite Temperatur funktioniert -40 ~+85 \u2103<\/p>\n<p>Messbereich: 0 ~ \u00b1 90 \u00b0 (optional)<\/p>\n<p>Hoher Schwingungswiderstand&gt; 20000g<\/p>\n<p>Baud Rate 2400 ~ 115200 (einstellbar)<\/p>\n<p>IP67 Schutz<\/p>\n<p>Kann rs232 \/RS485\/TTL\/MODBUS ausgeben (optional)<\/p>\n<p>Kleines Volumen (90*40*27 mm) anpassbar<\/p>\n<p><strong><b>Anwendungen<\/b><\/strong><\/p>\n<p>Hochspannungs -Drahtsturmpol -\u00dcberwachung<\/p>\n<p>satelliten -solarantennenpositionierung<\/p>\n<p>AGV -Trolley<\/p>\n<p>Bergbaumaschinerie, \u00d6lprotokollierungsausr\u00fcstung<\/p>\n<p>Medizinische Ausr\u00fcstung<\/p>\n<p>Nivellierung<\/p>\n<p>Hydraulische Hebeplattform<\/p>\n<p>Neigungs\u00fcberwachung<\/p>\n<p>Winkelkontrolle verschiedener Baumaschinen<\/p>\n<p>Inspektion von Br\u00fccken und D\u00e4mmen<\/p>","protected":false},"featured_media":2424,"comment_status":"open","ping_status":"closed","template":"","meta":[],"product_brand":[],"product_cat":[24],"product_tag":[],"class_list":{"0":"post-2423","1":"product","2":"type-product","3":"status-publish","4":"has-post-thumbnail","6":"product_cat-tilt-sensor","8":"first","9":"instock","10":"shipping-taxable","11":"product-type-simple"},"_links":{"self":[{"href":"https:\/\/www.andelutech.com\/de\/wp-json\/wp\/v2\/product\/2423","targetHints":{"allow":["GET"]}}],"collection":[{"href":"https:\/\/www.andelutech.com\/de\/wp-json\/wp\/v2\/product"}],"about":[{"href":"https:\/\/www.andelutech.com\/de\/wp-json\/wp\/v2\/types\/product"}],"replies":[{"embeddable":true,"href":"https:\/\/www.andelutech.com\/de\/wp-json\/wp\/v2\/comments?post=2423"}],"wp:featuredmedia":[{"embeddable":true,"href":"https:\/\/www.andelutech.com\/de\/wp-json\/wp\/v2\/media\/2424"}],"wp:attachment":[{"href":"https:\/\/www.andelutech.com\/de\/wp-json\/wp\/v2\/media?parent=2423"}],"wp:term":[{"taxonomy":"product_brand","embeddable":true,"href":"https:\/\/www.andelutech.com\/de\/wp-json\/wp\/v2\/product_brand?post=2423"},{"taxonomy":"product_cat","embeddable":true,"href":"https:\/\/www.andelutech.com\/de\/wp-json\/wp\/v2\/product_cat?post=2423"},{"taxonomy":"product_tag","embeddable":true,"href":"https:\/\/www.andelutech.com\/de\/wp-json\/wp\/v2\/product_tag?post=2423"}],"curies":[{"name":"wp","href":"https:\/\/api.w.org\/{rel}","templated":true}]}}