{"id":2420,"date":"2025-05-23T15:13:35","date_gmt":"2025-05-23T07:13:35","guid":{"rendered":"https:\/\/www.andelutech.com\/?post_type=product&#038;p=2420"},"modified":"2026-01-09T14:05:48","modified_gmt":"2026-01-09T06:05:48","slug":"digital-type-two-axis-tilt-sensor-3266di","status":"publish","type":"product","link":"https:\/\/www.andelutech.com\/de\/product\/digital-type-two-axis-tilt-sensor-3266di\/","title":{"rendered":"AND-TS-3266DI Digital Type Two Axis Tilt Sensor"},"content":{"rendered":"","protected":false},"excerpt":{"rendered":"<p><strong><b>Einf\u00fchrung<\/b><\/strong><\/p>\n<p>Und TS-3266DI ist ein serielles Dual-Achse-Neigungsmesser, das speziell f\u00fcr die industrielle Steuerung unter Verwendung von MEMS-Technologie und digitaler Ausgabe entwickelt wurde. Eingebautes hochpr\u00e4ziser16bit A \/Ddifferential Konverter \u00fcber N-Filteralgorithmus, der den Winkel des Sensorausgangs relativ zum Horizont Taltilt und der Tonh\u00f6he messen kann. Die Ausgangsschnittstellen RS485, RS232, RS422, TTL, CAN, MODBUS sind optional.<\/p>\n<p>Das Produkt ist mit einem hochpr\u00e4zisen digitalen Sensor von ADI ausgestattet, der die Temperaturdrift des Sensors gem\u00e4\u00df der \u00dcberwachungstemperatur\u00e4nderung des eingebauten Temperatursensors korrigieren kann, um die Wiederholbarkeit des Produkts in niedrigen und hohen Temperaturumgebungen sicherzustellen. Die entsprechende Ausgangsfrequenz betr\u00e4gt 100 Hz. Das fertige Produkt verf\u00fcgt \u00fcber eine zuverl\u00e4ssige und stabile Leistung, gute Skalierbarkeit und eine Vielzahl von Output -Optionen, die f\u00fcr verschiedene industrielle Kontrollumgebungen geeignet sind.<\/p>\n<p><strong><b>Merkmale<\/b><\/strong><\/p>\n<p>Doppelachsekipp\u00fcberwachung<\/p>\n<p>Genauigkeit des Vollbereichs 0,01 \u00b0, Aufl\u00f6sung 0,001 \u00b0<\/p>\n<p>Ausgangsfrequenz 5 ~ 100 Hz (optional)<\/p>\n<p>Weitspannung Eingang DC 9 ~ 36 V<\/p>\n<p>Breite Temperatur funktioniert -40 ~+85 \u2103<\/p>\n<p>Messbereich: 0 ~ \u00b1 90 \u00b0 (optional)<\/p>\n<p>Hoher Schwingungswiderstand&gt; 20000g<\/p>\n<p>Baud Rate 2400 ~ 115200 (einstellbar)<\/p>\n<p>IP67 Schutz<\/p>\n<p>Kann rs232 \/RS485\/TTL\/MODBUS ausgeben (optional)<\/p>\n<p>Kleines Volumen (90*40*27 mm) (anpassbar)<\/p>","protected":false},"featured_media":3346,"comment_status":"open","ping_status":"closed","template":"","meta":[],"product_brand":[],"product_cat":[24],"product_tag":[],"class_list":{"0":"post-2420","1":"product","2":"type-product","3":"status-publish","4":"has-post-thumbnail","6":"product_cat-tilt-sensor","8":"first","9":"instock","10":"shipping-taxable","11":"product-type-simple"},"_links":{"self":[{"href":"https:\/\/www.andelutech.com\/de\/wp-json\/wp\/v2\/product\/2420","targetHints":{"allow":["GET"]}}],"collection":[{"href":"https:\/\/www.andelutech.com\/de\/wp-json\/wp\/v2\/product"}],"about":[{"href":"https:\/\/www.andelutech.com\/de\/wp-json\/wp\/v2\/types\/product"}],"replies":[{"embeddable":true,"href":"https:\/\/www.andelutech.com\/de\/wp-json\/wp\/v2\/comments?post=2420"}],"wp:featuredmedia":[{"embeddable":true,"href":"https:\/\/www.andelutech.com\/de\/wp-json\/wp\/v2\/media\/3346"}],"wp:attachment":[{"href":"https:\/\/www.andelutech.com\/de\/wp-json\/wp\/v2\/media?parent=2420"}],"wp:term":[{"taxonomy":"product_brand","embeddable":true,"href":"https:\/\/www.andelutech.com\/de\/wp-json\/wp\/v2\/product_brand?post=2420"},{"taxonomy":"product_cat","embeddable":true,"href":"https:\/\/www.andelutech.com\/de\/wp-json\/wp\/v2\/product_cat?post=2420"},{"taxonomy":"product_tag","embeddable":true,"href":"https:\/\/www.andelutech.com\/de\/wp-json\/wp\/v2\/product_tag?post=2420"}],"curies":[{"name":"wp","href":"https:\/\/api.w.org\/{rel}","templated":true}]}}