{"id":2417,"date":"2025-05-23T15:12:00","date_gmt":"2025-05-23T07:12:00","guid":{"rendered":"https:\/\/www.andelutech.com\/?post_type=product&#038;p=2417"},"modified":"2026-01-09T14:07:44","modified_gmt":"2026-01-09T06:07:44","slug":"canopen-type-dual-axis-tilt-sensor-3265ca","status":"publish","type":"product","link":"https:\/\/www.andelutech.com\/de\/product\/canopen-type-dual-axis-tilt-sensor-3265ca\/","title":{"rendered":"AND-TS-3265CA CANopen Type Dual Axis Tilt Sensor"},"content":{"rendered":"","protected":false},"excerpt":{"rendered":"<p><strong><b>Einf\u00fchrung<\/b><\/strong><\/p>\n<p>Und TS-3265CA Canopen Output Dual Achse Tilt Sensor ist speziell f\u00fcr das industrielle Kontrollfeld ausgelegt, wobei der industrielle Standard-Isolator transceiver, ein integriertes Hochprezision 16bit A \/D Differentialkonverter, \u00fcber n-so-Ordnung-Filter-Algorithmus, um das zu messen\u00a0<a href=\"https:\/\/www.ericcointernational.com\/inclinomter\/\">sensor<\/a>\u00a0ausgabe relativ zur horizontalen ebene und pitching -winkel.<\/p>\n<p>Das Produkt verf\u00fcgt \u00fcber einen eingebauten Temperatursensor mit hoher Pr\u00e4zision, der die Temperaturdrift des Sensors gem\u00e4\u00df der \u00c4nderung des eingebauten Temperatursensors korrigieren kann, um die hohe Wiederholbarkeit des Produkts in einer Umgebung mit niedriger Temperatur oder hoher Temperatur zu gew\u00e4hrleisten. Der Ausgangsantwortfrequenzstandard betr\u00e4gt bis zu 100 Hz, was f\u00fcr verschiedene harte industrielle Kontrollumgebungen geeignet ist.<\/p>\n<p><strong><b>Merkmale<\/b><\/strong><\/p>\n<p>Doppelachsekipp\u00fcberwachung<\/p>\n<p>Genauigkeit des Vollbereichs 0,01 \u00b0, Aufl\u00f6sung 0,001 \u00b0<\/p>\n<p>Ausgangsfrequenz 5 ~ 100 Hz (optional)<\/p>\n<p>Weitspannung Eingang DC 9 ~ 36 V<\/p>\n<p>Breite Temperatur funktioniert -40 ~+85 \u2103<\/p>\n<p>Messbereich: 0 ~ \u00b1 90 \u00b0 (optional)<\/p>\n<p>Hoher Schwingungswiderstand&gt; 20000g<\/p>\n<p>Baud Rate 100k ~ 500k BPS<\/p>\n<p>IP67 Schutz<\/p>\n<p>Ausgabe von Canopen<\/p>\n<p>Kleines Volumen (90*40*27 mm) (anpassbar)<\/p>","protected":false},"featured_media":3365,"comment_status":"open","ping_status":"closed","template":"","meta":[],"product_brand":[],"product_cat":[24],"product_tag":[],"class_list":{"0":"post-2417","1":"product","2":"type-product","3":"status-publish","4":"has-post-thumbnail","6":"product_cat-tilt-sensor","8":"first","9":"instock","10":"shipping-taxable","11":"product-type-simple"},"_links":{"self":[{"href":"https:\/\/www.andelutech.com\/de\/wp-json\/wp\/v2\/product\/2417","targetHints":{"allow":["GET"]}}],"collection":[{"href":"https:\/\/www.andelutech.com\/de\/wp-json\/wp\/v2\/product"}],"about":[{"href":"https:\/\/www.andelutech.com\/de\/wp-json\/wp\/v2\/types\/product"}],"replies":[{"embeddable":true,"href":"https:\/\/www.andelutech.com\/de\/wp-json\/wp\/v2\/comments?post=2417"}],"wp:featuredmedia":[{"embeddable":true,"href":"https:\/\/www.andelutech.com\/de\/wp-json\/wp\/v2\/media\/3365"}],"wp:attachment":[{"href":"https:\/\/www.andelutech.com\/de\/wp-json\/wp\/v2\/media?parent=2417"}],"wp:term":[{"taxonomy":"product_brand","embeddable":true,"href":"https:\/\/www.andelutech.com\/de\/wp-json\/wp\/v2\/product_brand?post=2417"},{"taxonomy":"product_cat","embeddable":true,"href":"https:\/\/www.andelutech.com\/de\/wp-json\/wp\/v2\/product_cat?post=2417"},{"taxonomy":"product_tag","embeddable":true,"href":"https:\/\/www.andelutech.com\/de\/wp-json\/wp\/v2\/product_tag?post=2417"}],"curies":[{"name":"wp","href":"https:\/\/api.w.org\/{rel}","templated":true}]}}