{"id":2414,"date":"2025-05-23T15:10:38","date_gmt":"2025-05-23T07:10:38","guid":{"rendered":"https:\/\/www.andelutech.com\/?post_type=product&#038;p=2414"},"modified":"2026-03-26T17:51:15","modified_gmt":"2026-03-26T09:51:15","slug":"digital-output-type-2-axis-tilt-sensor3262di","status":"publish","type":"product","link":"https:\/\/www.andelutech.com\/de\/product\/digital-output-type-2-axis-tilt-sensor3262di\/","title":{"rendered":"AND-TS-3262DI Digital Output Type 2 Axis Tilt Sensor"},"content":{"rendered":"<table width=\"730\">\n<tbody>\n<tr>\n<td width=\"204\">Parameter<\/td>\n<td width=\"86\">Zustand<\/td>\n<td width=\"99\">AND-TM-3262DL10<\/td>\n<td width=\"100\">AND-TM-3262DL30<\/td>\n<td width=\"97\">AND-TM-3262D-60<\/td>\n<td width=\"98\">AND-TM-3262DI90<\/td>\n<td width=\"43\">Einheit<\/td>\n<\/tr>\n<tr>\n<td width=\"204\">Messbereich<\/td>\n<td width=\"86\">\/<\/td>\n<td width=\"99\">\u00b1 10<\/td>\n<td width=\"100\">\u00b1 30<\/td>\n<td width=\"97\">\u00b160<\/td>\n<td width=\"98\">\u00b190<\/td>\n<td width=\"43\">\u3002<\/td>\n<\/tr>\n<tr>\n<td width=\"204\">Measurement axis<\/td>\n<td width=\"86\">1<\/td>\n<td width=\"99\">X,Yaxis<\/td>\n<td width=\"100\">X,Yaxis<\/td>\n<td width=\"97\">X,Yaxis<\/td>\n<td width=\"98\">X,Yaxs<\/td>\n<td width=\"43\">\/<\/td>\n<\/tr>\n<tr>\n<td width=\"204\">Null -Temperaturdrift<\/td>\n<td width=\"86\">-40 \uff5e 85 \u00b0<\/td>\n<td width=\"99\">\u00b10.008<\/td>\n<td width=\"100\">\u00b10.008<\/td>\n<td width=\"97\">\u00b10.008<\/td>\n<td width=\"98\">\u00b10.008<\/td>\n<td width=\"43\">rC<\/td>\n<\/tr>\n<tr>\n<td width=\"204\">Empfindlichkeitstemperaturkoeffizient<\/td>\n<td width=\"86\">40\uff5e85\u00b0<\/td>\n<td width=\"99\">\u2264 100<\/td>\n<td width=\"100\">\u2264 100<\/td>\n<td width=\"97\">\u2264 100<\/td>\n<td width=\"98\">\u2264 100<\/td>\n<td width=\"43\">ppm \/ C<\/td>\n<\/tr>\n<tr>\n<td width=\"204\">Frequenzgang<\/td>\n<td width=\"86\">DC -Antwort<\/td>\n<td width=\"99\">100<\/td>\n<td width=\"100\">100<\/td>\n<td width=\"97\">100<\/td>\n<td width=\"98\">100<\/td>\n<td width=\"43\">Hz<\/td>\n<\/tr>\n<tr>\n<td width=\"204\">Aufl\u00f6sung<\/td>\n<td width=\"86\">\/<\/td>\n<td width=\"99\">0.005<\/td>\n<td width=\"100\">0.005<\/td>\n<td width=\"97\">0.005<\/td>\n<td width=\"98\">0.005<\/td>\n<td width=\"43\">\u3002<\/td>\n<\/tr>\n<tr>\n<td width=\"204\">Genauigkeit<\/td>\n<td width=\"86\">40\uff5e85\u2103<\/td>\n<td width=\"99\">0.02<\/td>\n<td width=\"100\">0.03<\/td>\n<td width=\"97\">0.04<\/td>\n<td width=\"98\">0.05<\/td>\n<td width=\"43\">\u3002<\/td>\n<\/tr>\n<tr>\n<td width=\"204\">Langfristige Stabilit\u00e4t<\/td>\n<td width=\"86\">40\uff5e85\u2103<\/td>\n<td width=\"99\">&lt;0.023<\/td>\n<td width=\"100\">&lt;0.035<\/td>\n<td width=\"97\">&lt;0.045<\/td>\n<td width=\"98\">&lt;0.054<\/td>\n<td width=\"43\">\u3002<\/td>\n<\/tr>\n<tr>\n<td width=\"204\">Power onstart time<\/td>\n<td width=\"86\">\/<\/td>\n<td width=\"99\">0.2<\/td>\n<td width=\"100\">0.2<\/td>\n<td width=\"97\">0.2<\/td>\n<td width=\"98\">0.2<\/td>\n<td width=\"43\">s<\/td>\n<\/tr>\n<tr>\n<td width=\"204\">Ansprechzeit<\/td>\n<td width=\"86\">\/<\/td>\n<td width=\"99\">0.01<\/td>\n<td width=\"100\">0.01<\/td>\n<td width=\"97\">0.01<\/td>\n<td width=\"98\">0.01<\/td>\n<td width=\"43\">S<\/td>\n<\/tr>\n<tr>\n<td width=\"204\">Rate<\/td>\n<td colspan=\"6\" width=\"525\">5Hzoutput\u300115Hz\u300135Hz\u300150Hz canbe set(RS485 without this function)<\/td>\n<\/tr>\n<tr>\n<td width=\"204\">Ausgangssignal<\/td>\n<td colspan=\"6\" width=\"525\">RS232\/RS485\/RS422\/TTL\/PWM\/CAN\/MODBUS<\/td>\n<\/tr>\n<tr>\n<td width=\"204\">Durchschnittliche Arbeitszeit<\/td>\n<td colspan=\"6\" width=\"525\">\u226545000 hours\/time<\/td>\n<\/tr>\n<tr>\n<td width=\"204\">mpact resistant<\/td>\n<td colspan=\"6\" width=\"525\">20000g,0.5ms,3 times\/axis<\/td>\n<\/tr>\n<tr>\n<td width=\"204\">Schockresistent<\/td>\n<td colspan=\"6\" width=\"525\">10grms,10~1000Hz<\/td>\n<\/tr>\n<tr>\n<td width=\"204\">nsulation resistance<\/td>\n<td colspan=\"6\" width=\"525\">\u2265100MQ<\/td>\n<\/tr>\n<tr>\n<td width=\"204\">Wasserdichtes Niveau<\/td>\n<td colspan=\"6\" width=\"525\">IP67<\/td>\n<\/tr>\n<tr>\n<td width=\"204\">Kabel<\/td>\n<td colspan=\"6\" width=\"525\">Standard 1.5m length,wear resistance,oil proof,wide temperature,shielding cable 4*0.3mm2<\/td>\n<\/tr>\n<tr>\n<td width=\"204\">Gewicht<\/td>\n<td colspan=\"6\" width=\"525\">10g(excluding boxes)<\/td>\n<\/tr>\n<\/tbody>\n<\/table>","protected":false},"excerpt":{"rendered":"<p><strong><b>Einf\u00fchrung<\/b><\/strong><\/p>\n<p>Und TS-3262DI ist ein serielles Dual-Achse-Neigungsmesser mit MEMS-Technologie und digitaler Ausgabe, das f\u00fcr das Gebiet der industriellen Steuerung ausgelegt ist. Die Ausgangsschnittstelle verf\u00fcgt \u00fcber RS485, RS232, RS422, TTL, Can, Modbus zur Auswahl.<\/p>\n<p>Das Produkt ist mit einem hochpr\u00e4zisen digitalen Sensor von ADI ausgestattet, der die Temperaturdrift des Sensors gem\u00e4\u00df der \u00dcberwachungstemperatur\u00e4nderung des eingebauten Temperatursensors korrigieren kann, um die Wiederholbarkeit des Produkts in niedrigen und hohen Temperaturumgebungen sicherzustellen. Die entsprechende Frequenz der Leistung betr\u00e4gt 100 Hz, ein echtes industrielles Produkt mit zuverl\u00e4ssiger und stabiler Leistung, guter Skalierbarkeit und einer Vielzahl von Output -Optionen, damit sie f\u00fcr verschiedene industrielle Steuerungsumgebungen geeignet ist.<\/p>\n<p><strong><b>Merkmale<\/b><\/strong><\/p>\n<p>Doppelachsekipp\u00fcberwachung<\/p>\n<p>Genauigkeit des Vollbereichs 0,02 \u00b0, Aufl\u00f6sung 0,005 \u00b0<\/p>\n<p>Ausgangsfrequenz 5 ~ 100 Hz (optional)<\/p>\n<p>Weitspannungseingang DC 9 \uff5e 36 V<\/p>\n<p>Breite Temperatur funktioniert -40 ~+85 \u2103<\/p>\n<p>Messbereich: 0 ~ \u00b1 90 \u00b0 (optional)<\/p>\n<p>Hoher Schwingungswiderstand&gt; 20000g<\/p>\n<p>Baud Rate 2400 ~ 115200 (einstellbar)<\/p>\n<p>IP67 Schutz<\/p>\n<p>Kann rs232 \/RS485\/TTL\/MODBUS ausgeben (optional)<\/p>\n<p>Kleines Volumen (46*35*8 mm) anpassbar<\/p>\n<p><strong><b>Anwendungen<\/b><\/strong><\/p>\n<p>Hochspannungs -Drahtsturmpol -\u00dcberwachung<\/p>\n<p>satelliten -solarantennenpositionierung<\/p>\n<p>AGV -Trolley<\/p>\n<p>Bergbaumaschinerie, \u00d6lprotokollierungsausr\u00fcstung<\/p>\n<p>Medizinische Ausr\u00fcstung<\/p>\n<p>Nivellierung<\/p>\n<p>Hydraulische Hebeplattform<\/p>\n<p>Neigungs\u00fcberwachung<\/p>\n<p>Winkelkontrolle verschiedener Baumaschinen<\/p>\n<p>Inspektion von Br\u00fccken und D\u00e4mmen<\/p>","protected":false},"featured_media":2415,"comment_status":"open","ping_status":"closed","template":"","meta":[],"product_brand":[],"product_cat":[24],"product_tag":[],"class_list":{"0":"post-2414","1":"product","2":"type-product","3":"status-publish","4":"has-post-thumbnail","6":"product_cat-tilt-sensor","8":"first","9":"instock","10":"shipping-taxable","11":"product-type-simple"},"_links":{"self":[{"href":"https:\/\/www.andelutech.com\/de\/wp-json\/wp\/v2\/product\/2414","targetHints":{"allow":["GET"]}}],"collection":[{"href":"https:\/\/www.andelutech.com\/de\/wp-json\/wp\/v2\/product"}],"about":[{"href":"https:\/\/www.andelutech.com\/de\/wp-json\/wp\/v2\/types\/product"}],"replies":[{"embeddable":true,"href":"https:\/\/www.andelutech.com\/de\/wp-json\/wp\/v2\/comments?post=2414"}],"wp:featuredmedia":[{"embeddable":true,"href":"https:\/\/www.andelutech.com\/de\/wp-json\/wp\/v2\/media\/2415"}],"wp:attachment":[{"href":"https:\/\/www.andelutech.com\/de\/wp-json\/wp\/v2\/media?parent=2414"}],"wp:term":[{"taxonomy":"product_brand","embeddable":true,"href":"https:\/\/www.andelutech.com\/de\/wp-json\/wp\/v2\/product_brand?post=2414"},{"taxonomy":"product_cat","embeddable":true,"href":"https:\/\/www.andelutech.com\/de\/wp-json\/wp\/v2\/product_cat?post=2414"},{"taxonomy":"product_tag","embeddable":true,"href":"https:\/\/www.andelutech.com\/de\/wp-json\/wp\/v2\/product_tag?post=2414"}],"curies":[{"name":"wp","href":"https:\/\/api.w.org\/{rel}","templated":true}]}}