{"id":2411,"date":"2025-05-23T15:08:59","date_gmt":"2025-05-23T07:08:59","guid":{"rendered":"https:\/\/www.andelutech.com\/?post_type=product&#038;p=2411"},"modified":"2026-03-26T17:49:11","modified_gmt":"2026-03-26T09:49:11","slug":"digital-type-single-axis-tilt-sensor-3166di","status":"publish","type":"product","link":"https:\/\/www.andelutech.com\/de\/product\/digital-type-single-axis-tilt-sensor-3166di\/","title":{"rendered":"AND-TS-3166DI Digital Type Single Axis Tilt Sensor"},"content":{"rendered":"","protected":false},"excerpt":{"rendered":"<p><strong><b>Einf\u00fchrung<\/b><\/strong><\/p>\n<p>Und TS-3166DI Digitales Einfachachse-Neigungsmessger\u00e4t ist f\u00fcr das industrielle Feldkontrollfeld ausgelegt. Es verf\u00fcgt \u00fcber einen integrierten hohen Voraussatz 16bit A \/D -Ronverter und einen Filteralgorithmus n-Ordnung, um die Neigung und den Pitching-Winkel des Sensorausgangs relativ zur horizontalen Ebene zu messen. Die Ausgangsgrenzwerte RS232, RS485, RS422, TTL, PWM, CAN, Modbus -Bus sind zur Auswahl erh\u00e4ltlich.<\/p>\n<p>Das Produkt ist mit einem hochpr\u00e4zisen digitalen Sensor der ADI-Firma ausgestattet, das die Temperaturdrift des Sensors gem\u00e4\u00df der \u00dcberwachungstemperatur\u00e4nderung des eingebauten Temperatursensors korrigieren kann, um die Wiederholbarkeit des Produkts in Umgebungen mit niedrigen und hohen Temperaturen zu gew\u00e4hrleisten. Die entsprechende Ausgangsfrequenz betr\u00e4gt 100 Hz. Das fertige Produkt verf\u00fcgt \u00fcber eine zuverl\u00e4ssige und stabile Leistung, gute Skalierbarkeit und eine Vielzahl von Output -Optionen, die f\u00fcr verschiedene industrielle Kontrollumgebungen geeignet sind.<\/p>\n<p><strong><b>Merkmale<\/b><\/strong><\/p>\n<p>Neigungs\u00fcberwachung der Einzelachse<\/p>\n<p>Genauigkeit des Vollbereichs 0,01 \u00b0, Aufl\u00f6sung 0,001 \u00b0<\/p>\n<p>Ausgangsfrequenz 5 ~ 100 Hz (optional)<\/p>\n<p>Weitspannung Eingang DC 9 ~ 36 V<\/p>\n<p>Breite Temperatur funktioniert -40 ~+85 \u2103<\/p>\n<p>Messbereich: 0 ~ \u00b1 90 \u00b0 (optional)<\/p>\n<p>Hoher Schwingungswiderstand&gt; 20000g<\/p>\n<p>Baud Rate 2400 ~ 115200 (einstellbar)<\/p>\n<p>IP67 Schutz<\/p>\n<p>Ausgabe rs232 \/RS485\/TTL\/MODBUS (optional)<\/p>\n<p>Kleines Volumen (90*40*27 mm) (anpassbar)<\/p>\n<p><strong><b>Anwendungen<\/b><\/strong><\/p>\n<p>Hochspannungs -Drahtsturmpol -\u00dcberwachung<\/p>\n<p>Satelliten -Solarantennenpositionierung<\/p>\n<p>AGV -Trolley<\/p>\n<p>Bergbaumaschinerie, \u00d6lprotokollierungsausr\u00fcstung<\/p>\n<p>Medizinische Ausr\u00fcstung<\/p>\n<p>Nivellierung<\/p>\n<p>Hydraulische Hebeplattform<\/p>\n<p>Neigungs\u00fcberwachung<\/p>\n<p>Winkelkontrolle verschiedener Baumaschinen<\/p>\n<p>Inspektion von Br\u00fccken und D\u00e4mmen<\/p>","protected":false},"featured_media":3366,"comment_status":"open","ping_status":"closed","template":"","meta":[],"product_brand":[],"product_cat":[24],"product_tag":[],"class_list":{"0":"post-2411","1":"product","2":"type-product","3":"status-publish","4":"has-post-thumbnail","6":"product_cat-tilt-sensor","8":"first","9":"instock","10":"shipping-taxable","11":"product-type-simple"},"_links":{"self":[{"href":"https:\/\/www.andelutech.com\/de\/wp-json\/wp\/v2\/product\/2411","targetHints":{"allow":["GET"]}}],"collection":[{"href":"https:\/\/www.andelutech.com\/de\/wp-json\/wp\/v2\/product"}],"about":[{"href":"https:\/\/www.andelutech.com\/de\/wp-json\/wp\/v2\/types\/product"}],"replies":[{"embeddable":true,"href":"https:\/\/www.andelutech.com\/de\/wp-json\/wp\/v2\/comments?post=2411"}],"wp:featuredmedia":[{"embeddable":true,"href":"https:\/\/www.andelutech.com\/de\/wp-json\/wp\/v2\/media\/3366"}],"wp:attachment":[{"href":"https:\/\/www.andelutech.com\/de\/wp-json\/wp\/v2\/media?parent=2411"}],"wp:term":[{"taxonomy":"product_brand","embeddable":true,"href":"https:\/\/www.andelutech.com\/de\/wp-json\/wp\/v2\/product_brand?post=2411"},{"taxonomy":"product_cat","embeddable":true,"href":"https:\/\/www.andelutech.com\/de\/wp-json\/wp\/v2\/product_cat?post=2411"},{"taxonomy":"product_tag","embeddable":true,"href":"https:\/\/www.andelutech.com\/de\/wp-json\/wp\/v2\/product_tag?post=2411"}],"curies":[{"name":"wp","href":"https:\/\/api.w.org\/{rel}","templated":true}]}}