{"id":2405,"date":"2025-05-23T15:06:02","date_gmt":"2025-05-23T07:06:02","guid":{"rendered":"https:\/\/www.andelutech.com\/?post_type=product&#038;p=2405"},"modified":"2026-01-09T14:18:39","modified_gmt":"2026-01-09T06:18:39","slug":"high-precision-current-output-type-single-axis-tilt-sensor-3168cu","status":"publish","type":"product","link":"https:\/\/www.andelutech.com\/de\/product\/high-precision-current-output-type-single-axis-tilt-sensor-3168cu\/","title":{"rendered":"AND-TS-3168CU High Precision Current Output Type Single Axis Tilt Sensor"},"content":{"rendered":"<h3><span style=\"color: #000000;\">Merkmale<\/span><\/h3>\n<p>Neigungs\u00fcberwachung der Einzelachse<\/p>\n<p>Genauigkeit des Vollbereichs 0,01 \u00b0, Aufl\u00f6sung 0,001 \u00b0<\/p>\n<p>Ausgabe 4 ~ 20 mA, 0 ~ 20 mA, 0 ~ 24 mA (optional)<\/p>\n<p>Weitspannung Eingang DC 9 ~ 36 V<\/p>\n<p>Breite Temperatur funktioniert -40 ~+85 \u2103<\/p>\n<p>Messbereich: 0 ~ \u00b1 90 \u00b0 (optional)<\/p>\n<p>Hoher Schwingungswiderstand&gt; 20000g<\/p>\n<p>IP67 Schutz<\/p>\n<p>Kann gleichzeitig RS232 ausgeben<\/p>\n<p>Kleines Volumen (90*40*27 mm) (anpassbar)<\/p>\n<p>&nbsp;<\/p>\n<h3><span style=\"color: #000000;\">Anwendungen<\/span><\/h3>\n<p>Eisenbahnmesselurnerin, Messger\u00e4teinstrument<\/p>\n<p>Satelliten -Solarantennenpositionierung<\/p>\n<p>Arbeitsfahrzeug in gro\u00dfer H\u00f6he<\/p>\n<p>Nivellierung<\/p>\n<p>Hydraulische Hebeplattform<\/p>\n<p>Neigungs\u00fcberwachung<\/p>\n<p>Winkelkontrolle verschiedener Baumaschinen<\/p>\n<p>Inspektion von Br\u00fccken und D\u00e4mmen<\/p>\n<p>Neigungsmessung<\/p>","protected":false},"excerpt":{"rendered":"<p>Und TS-3168CU-Strom-Single-Achse-Neigungsmesser ist ein Standard-Einneigungssensor f\u00fcr industrielle Dual-Achse-Stromausgaben. Der Standardstrom betr\u00e4gt 4-20 mA, 0-20 mA, 0-24 mA (optional) und kann 2000 Meter entfernt \u00fcbertragen werden.<\/p>\n<p>Der Neigungssensor \u00fcbernimmt den MEMS -Erfassungsproduktionsprozess an, der den Temperaturfehler und den linearen Fehler genau kompensieren und korrigieren kann. Es hat die Eigenschaften von hoher Pr\u00e4zision, geringer Gr\u00f6\u00dfe, hohem Verpackungsprozess, starker Schock- und Vibrationsresistenz, eingebauter Anti-Radio-Frequenz, antielektromagnetischer Interferenzkreis und eignet sich besonders f\u00fcr Anwendungen in starken industriellen Umgebungen wie unterirdischer Grabenmaschinerie.<\/p>","protected":false},"featured_media":3350,"comment_status":"open","ping_status":"closed","template":"","meta":[],"product_brand":[],"product_cat":[24],"product_tag":[],"class_list":{"0":"post-2405","1":"product","2":"type-product","3":"status-publish","4":"has-post-thumbnail","6":"product_cat-tilt-sensor","8":"first","9":"instock","10":"shipping-taxable","11":"product-type-simple"},"_links":{"self":[{"href":"https:\/\/www.andelutech.com\/de\/wp-json\/wp\/v2\/product\/2405","targetHints":{"allow":["GET"]}}],"collection":[{"href":"https:\/\/www.andelutech.com\/de\/wp-json\/wp\/v2\/product"}],"about":[{"href":"https:\/\/www.andelutech.com\/de\/wp-json\/wp\/v2\/types\/product"}],"replies":[{"embeddable":true,"href":"https:\/\/www.andelutech.com\/de\/wp-json\/wp\/v2\/comments?post=2405"}],"wp:featuredmedia":[{"embeddable":true,"href":"https:\/\/www.andelutech.com\/de\/wp-json\/wp\/v2\/media\/3350"}],"wp:attachment":[{"href":"https:\/\/www.andelutech.com\/de\/wp-json\/wp\/v2\/media?parent=2405"}],"wp:term":[{"taxonomy":"product_brand","embeddable":true,"href":"https:\/\/www.andelutech.com\/de\/wp-json\/wp\/v2\/product_brand?post=2405"},{"taxonomy":"product_cat","embeddable":true,"href":"https:\/\/www.andelutech.com\/de\/wp-json\/wp\/v2\/product_cat?post=2405"},{"taxonomy":"product_tag","embeddable":true,"href":"https:\/\/www.andelutech.com\/de\/wp-json\/wp\/v2\/product_tag?post=2405"}],"curies":[{"name":"wp","href":"https:\/\/api.w.org\/{rel}","templated":true}]}}