{"id":2402,"date":"2025-05-23T15:04:38","date_gmt":"2025-05-23T07:04:38","guid":{"rendered":"https:\/\/www.andelutech.com\/?post_type=product&#038;p=2402"},"modified":"2026-01-09T14:20:19","modified_gmt":"2026-01-09T06:20:19","slug":"small-size-single-axis-tilt-sensor-canopen-output-3165ca","status":"publish","type":"product","link":"https:\/\/www.andelutech.com\/de\/product\/small-size-single-axis-tilt-sensor-canopen-output-3165ca\/","title":{"rendered":"AND-TS-3165CA Small Size Single Axis Tilt Sensor CANopen Output"},"content":{"rendered":"","protected":false},"excerpt":{"rendered":"<p><strong><b>Einf\u00fchrung<\/b><\/strong><\/p>\n<p>Und TS-3165CA-Dose-Neigungsmessger\u00e4t ist ein industrielles Kontrollfeld f\u00fcr die Einf\u00fchrung von Dose Open Outs Uniaxial Tilt-Sensor. Der industrielle Standard-Isolator kann durch ein integriertes hochpr\u00e4zises 16bita \/ d-Differentialkonverter durch N-Orter-Filter-Algorithmus eingebaut, sodass der Sensor, der in Bezug auf den Horizont-Flugzeug ausgeht. Das eingebaute Produkt mit hoher Pr\u00e4zisionstemperatur von ADI kann die Temperaturdrift des Sensors gem\u00e4\u00df den \u00c4nderungen des eingebauten Temperatursensors korrigieren, um eine hohe Wiederholbarkeit des Produkts in Umgebungen mit niedrigen und hohen Temperaturen zu gew\u00e4hrleisten. Der Ausgangsantwortfrequenzstandard ist bis zu 100 Hz, was ihn f\u00fcr verschiedene harte industrielle Kontrollumgebungen geeignet ist.<\/p>\n<p><strong><b>Merkmale<\/b><\/strong><\/p>\n<p>Neigungs\u00fcberwachung der Einzelachse<\/p>\n<p>Genauigkeit des Vollbereichs 0,01 \u00b0, Aufl\u00f6sung 0,001 \u00b0<\/p>\n<p>Ausgangsfrequenz 5 ~ 100 Hz (optional)<\/p>\n<p>Weitspannung Eingang DC 9 ~ 36 V<\/p>\n<p>Breite Temperatur funktioniert -40 ~+85 \u2103<\/p>\n<p>Messbereich: 0 ~ \u00b1 90 \u00b0 (optional)<\/p>\n<p>Hoher Schwingungswiderstand&gt; 20000g<\/p>\n<p>Baud Rate 100k ~ 500k BPS<\/p>\n<p>IP67 Schutz<\/p>\n<p>Ausgabe kann sich \u00f6ffnen<\/p>\n<p>Kleines Volumen (90*40*27 mm) (anpassbar)<\/p>","protected":false},"featured_media":3351,"comment_status":"open","ping_status":"closed","template":"","meta":[],"product_brand":[],"product_cat":[24],"product_tag":[],"class_list":{"0":"post-2402","1":"product","2":"type-product","3":"status-publish","4":"has-post-thumbnail","6":"product_cat-tilt-sensor","8":"first","9":"instock","10":"shipping-taxable","11":"product-type-simple"},"_links":{"self":[{"href":"https:\/\/www.andelutech.com\/de\/wp-json\/wp\/v2\/product\/2402","targetHints":{"allow":["GET"]}}],"collection":[{"href":"https:\/\/www.andelutech.com\/de\/wp-json\/wp\/v2\/product"}],"about":[{"href":"https:\/\/www.andelutech.com\/de\/wp-json\/wp\/v2\/types\/product"}],"replies":[{"embeddable":true,"href":"https:\/\/www.andelutech.com\/de\/wp-json\/wp\/v2\/comments?post=2402"}],"wp:featuredmedia":[{"embeddable":true,"href":"https:\/\/www.andelutech.com\/de\/wp-json\/wp\/v2\/media\/3351"}],"wp:attachment":[{"href":"https:\/\/www.andelutech.com\/de\/wp-json\/wp\/v2\/media?parent=2402"}],"wp:term":[{"taxonomy":"product_brand","embeddable":true,"href":"https:\/\/www.andelutech.com\/de\/wp-json\/wp\/v2\/product_brand?post=2402"},{"taxonomy":"product_cat","embeddable":true,"href":"https:\/\/www.andelutech.com\/de\/wp-json\/wp\/v2\/product_cat?post=2402"},{"taxonomy":"product_tag","embeddable":true,"href":"https:\/\/www.andelutech.com\/de\/wp-json\/wp\/v2\/product_tag?post=2402"}],"curies":[{"name":"wp","href":"https:\/\/api.w.org\/{rel}","templated":true}]}}