{"id":2395,"date":"2025-05-23T15:00:00","date_gmt":"2025-05-23T07:00:00","guid":{"rendered":"https:\/\/www.andelutech.com\/?post_type=product&#038;p=2395"},"modified":"2026-01-09T14:26:10","modified_gmt":"2026-01-09T06:26:10","slug":"high-precision-two-axis-tilt-sensor-current-output-2288cu","status":"publish","type":"product","link":"https:\/\/www.andelutech.com\/de\/product\/high-precision-two-axis-tilt-sensor-current-output-2288cu\/","title":{"rendered":"AND-TM-2288CU High Precision Two Axis Tilt Sensor Current Output"},"content":{"rendered":"","protected":false},"excerpt":{"rendered":"<p><strong><b>Einf\u00fchrung<\/b><\/strong><\/p>\n<p>Es handelt sich um einen standardm\u00e4\u00dfigen industriellen hochpr\u00e4zisen Stromausgang Dual-Achse-Neigungssensor. Der Standardstrom kann von 4-20 mA, 0-20 mA und 0-24 mA ausgew\u00e4hlt werden. Es kann \u00fcber RS232 ausgegeben werden und \u00fcber einen Abstand von 2000 Metern \u00fcbertragen werden. Der Bediener muss nur den Spannungswert des Sensors sammeln, um den Stromkippwinkel des Objekts zu berechnen. Das eingebaute (MEMS) feste Pendel kann durch Messung der \u00c4nderung des statischen Schwerkraftfeldes in die \u00c4nderung des Neigungswinkels umgewandelt werden.<\/p>\n<p>Das Produkt \u00fcbernimmt die MEMS -Sensorproduktionstechnologie, die Temperaturfehler und lineare Fehler genau kompensieren und korrigieren kann. Es verf\u00fcgt \u00fcber eine hohe Genauigkeit, eine geringe Gr\u00f6\u00dfe, eine hohe Verpackungstechnologie, eine starke Vibrationsresistenz, ein eingebaute Anti-Radio-Frequenz und die Eigenschaften der Antielektromagnet-Interferenzkreis, insbesondere f\u00fcr unterirdische Anwendungen in harten industriellen Umgebungen wie grabenlosen Maschinen.<\/p>\n<p><strong><b>Merkmale<\/b><\/strong><\/p>\n<p>Zwei -Achse -Kipp\u00fcberwachung<\/p>\n<p>Genauigkeit der vollen Reichweite 0,005 \u00b0, Aufl\u00f6sung 0,0007 \u00b0<\/p>\n<p>Ausgabe 4 ~ 20 mA, 0 ~ 20 mA, 0 ~ 24 mA (optional)<\/p>\n<p>Weitspannungseingang DC 11 ~ 36 V<\/p>\n<p>Breite Temperatur funktioniert -40 ~+85 \u2103<\/p>\n<p>Bereich 0 ~ \u00b1 5 \/\u00b110\/\u00b115\/\u00b130\u00b0 (optional)<\/p>\n<p>Hoher Schwingungswiderstand&gt; 20000g<\/p>\n<p>IP67 Schutz<\/p>\n<p>Kann gleichzeitig RS232 ausgeben<\/p>\n<p>Volumen (107*55*27 mm) (anpassbar)<\/p>\n<p><strong><b>Anwendungen<\/b><\/strong><\/p>\n<p>Eisenbahnmesselurnerin, Messger\u00e4teinstrument<\/p>\n<p>Satelliten -Solarantennenpositionierung<\/p>\n<p>Arbeitsfahrzeug in gro\u00dfer H\u00f6he<\/p>\n<p>Bergbaumaschinerie, \u00d6lprotokollierungsausr\u00fcstung<\/p>\n<p>Medizinische Ausr\u00fcstung<\/p>\n<p>Hydraulische Hebeplattform<\/p>\n<p>Neigungs\u00fcberwachung<\/p>\n<p>Winkelkontrolle verschiedener Baumaschinen<\/p>\n<p>Inspektion von Br\u00fccken und D\u00e4mmen<\/p>","protected":false},"featured_media":3354,"comment_status":"open","ping_status":"closed","template":"","meta":[],"product_brand":[],"product_cat":[24],"product_tag":[],"class_list":{"0":"post-2395","1":"product","2":"type-product","3":"status-publish","4":"has-post-thumbnail","6":"product_cat-tilt-sensor","8":"first","9":"instock","10":"shipping-taxable","11":"product-type-simple"},"_links":{"self":[{"href":"https:\/\/www.andelutech.com\/de\/wp-json\/wp\/v2\/product\/2395","targetHints":{"allow":["GET"]}}],"collection":[{"href":"https:\/\/www.andelutech.com\/de\/wp-json\/wp\/v2\/product"}],"about":[{"href":"https:\/\/www.andelutech.com\/de\/wp-json\/wp\/v2\/types\/product"}],"replies":[{"embeddable":true,"href":"https:\/\/www.andelutech.com\/de\/wp-json\/wp\/v2\/comments?post=2395"}],"wp:featuredmedia":[{"embeddable":true,"href":"https:\/\/www.andelutech.com\/de\/wp-json\/wp\/v2\/media\/3354"}],"wp:attachment":[{"href":"https:\/\/www.andelutech.com\/de\/wp-json\/wp\/v2\/media?parent=2395"}],"wp:term":[{"taxonomy":"product_brand","embeddable":true,"href":"https:\/\/www.andelutech.com\/de\/wp-json\/wp\/v2\/product_brand?post=2395"},{"taxonomy":"product_cat","embeddable":true,"href":"https:\/\/www.andelutech.com\/de\/wp-json\/wp\/v2\/product_cat?post=2395"},{"taxonomy":"product_tag","embeddable":true,"href":"https:\/\/www.andelutech.com\/de\/wp-json\/wp\/v2\/product_tag?post=2395"}],"curies":[{"name":"wp","href":"https:\/\/api.w.org\/{rel}","templated":true}]}}