{"id":2392,"date":"2025-05-23T14:58:30","date_gmt":"2025-05-23T06:58:30","guid":{"rendered":"https:\/\/www.andelutech.com\/?post_type=product&#038;p=2392"},"modified":"2026-01-09T14:28:00","modified_gmt":"2026-01-09T06:28:00","slug":"output-type-dual-axis-tilt-sensor-2286di","status":"publish","type":"product","link":"https:\/\/www.andelutech.com\/de\/product\/output-type-dual-axis-tilt-sensor-2286di\/","title":{"rendered":"AND-TM-2286D Output Type Dual Axis Tilt Sensor"},"content":{"rendered":"","protected":false},"excerpt":{"rendered":"<p><strong><b>Einf\u00fchrung<\/b><\/strong><\/p>\n<p>Es ist eine hochpr\u00e4zissive biaxiale Neigung\u00a0<a href=\"https:\/\/www.ericcointernational.com\/inclinomter\/\">sensor<\/a>\u00a0mit aufl\u00f6sung von 0,0007 \u00b0, genauigkeit von 0,005 \u00b0 und temperaturdrift von 0,0007 \u00b0 \/ \u2103. Die Ausgangsschnittstelle sind RS232, RS485, RS422, TTL, CAN, Modbus Bus (optional).<\/p>\n<p>Das Produkt ist mit einem hochpr\u00e4zisen digitalen Sensor von ADI ausgestattet, der die Temperaturdrift des Sensors gem\u00e4\u00df der Temperatur\u00e4nderung des eingebauten Temperatursensors korrigieren kann, um die Wiederholbarkeit des Produkts in einer Umgebung mit niedriger Temperatur oder Hochtemperatur zu gew\u00e4hrleisten. Die entsprechende Frequenz der Leistung betr\u00e4gt 100 Hz, ein industrielles industrielles Produkt mit zuverl\u00e4ssiger und stabiler Leistung, guter Skalierbarkeit und geeignet f\u00fcr verschiedene industrielle Kontrollumgebungen.<\/p>\n<p><strong><b>Merkmale<\/b><\/strong><\/p>\n<p>Zwei -Achse -Kipp\u00fcberwachung<\/p>\n<p>Genauigkeit der vollen Reichweite 0,005 \u00b0, Aufl\u00f6sung 0,0007 \u00b0<\/p>\n<p>Ausgangsfrequenz 5 ~ 100 Hz (optional)<\/p>\n<p>Breiter Spannungseingang DC 11 ~ 36 V<\/p>\n<p>Breite Temperatur funktioniert -40 ~+85 \u2103<\/p>\n<p>Messbereich 0 ~ \u00b1 5 \/\u00b110\/\u00b115\/\u00b130\u00b0(optional)<\/p>\n<p>Hoher Schwingungswiderstand&gt; 20000g<\/p>\n<p>Baud Rate 2400 ~ 115200 (einstellbar)<\/p>\n<p>IP67 Schutz<\/p>\n<p>Kann rs232 \/RS485\/TTL\/MODBUS ausgeben (optional)<\/p>\n<p>Kleines Volumen (107*55*27 mm) (anpassbar)<\/p>\n<p><strong><b>Anwendungen<\/b><\/strong><\/p>\n<p>Hochspannungsdraht-Turmpol-\u00dcberwachung<\/p>\n<p>Satelliten -Solarantennenpositionierung<\/p>\n<p>Horizontale Steuerung der Pr\u00e4zisionsmaschinenmaschine<\/p>\n<p>Pr\u00e4zisionslaser -Plattformausr\u00fcstung<\/p>\n<p>Medizinische Ausr\u00fcstung<\/p>\n<p>Tanknivellierung<\/p>\n<p>Eisenbahnlokomotive<\/p>\n<p>Basierend auf der Neigungs\u00fcberwachung<\/p>\n<p>Winkelkontrolle verschiedener Baumaschinen<\/p>\n<p>Br\u00fccke, Damm, Geb\u00e4ude\u00fcberwachung<\/p>","protected":false},"featured_media":3356,"comment_status":"open","ping_status":"closed","template":"","meta":[],"product_brand":[],"product_cat":[24],"product_tag":[],"class_list":{"0":"post-2392","1":"product","2":"type-product","3":"status-publish","4":"has-post-thumbnail","6":"product_cat-tilt-sensor","8":"first","9":"instock","10":"shipping-taxable","11":"product-type-simple"},"_links":{"self":[{"href":"https:\/\/www.andelutech.com\/de\/wp-json\/wp\/v2\/product\/2392","targetHints":{"allow":["GET"]}}],"collection":[{"href":"https:\/\/www.andelutech.com\/de\/wp-json\/wp\/v2\/product"}],"about":[{"href":"https:\/\/www.andelutech.com\/de\/wp-json\/wp\/v2\/types\/product"}],"replies":[{"embeddable":true,"href":"https:\/\/www.andelutech.com\/de\/wp-json\/wp\/v2\/comments?post=2392"}],"wp:featuredmedia":[{"embeddable":true,"href":"https:\/\/www.andelutech.com\/de\/wp-json\/wp\/v2\/media\/3356"}],"wp:attachment":[{"href":"https:\/\/www.andelutech.com\/de\/wp-json\/wp\/v2\/media?parent=2392"}],"wp:term":[{"taxonomy":"product_brand","embeddable":true,"href":"https:\/\/www.andelutech.com\/de\/wp-json\/wp\/v2\/product_brand?post=2392"},{"taxonomy":"product_cat","embeddable":true,"href":"https:\/\/www.andelutech.com\/de\/wp-json\/wp\/v2\/product_cat?post=2392"},{"taxonomy":"product_tag","embeddable":true,"href":"https:\/\/www.andelutech.com\/de\/wp-json\/wp\/v2\/product_tag?post=2392"}],"curies":[{"name":"wp","href":"https:\/\/api.w.org\/{rel}","templated":true}]}}