{"id":2382,"date":"2025-05-23T14:51:50","date_gmt":"2025-05-23T06:51:50","guid":{"rendered":"https:\/\/www.andelutech.com\/?post_type=product&#038;p=2382"},"modified":"2026-01-09T14:32:49","modified_gmt":"2026-01-09T06:32:49","slug":"current-output-single-axis-tilt-sensor-2188cu","status":"publish","type":"product","link":"https:\/\/www.andelutech.com\/de\/product\/current-output-single-axis-tilt-sensor-2188cu\/","title":{"rendered":"AND-TM-2188CU Current Output Single Axis Tilt Sensor"},"content":{"rendered":"","protected":false},"excerpt":{"rendered":"<p><strong><b>Einf\u00fchrung<\/b><\/strong><\/p>\n<p>Es handelt sich um einen standardm\u00e4\u00dfigen industriellen Hochvorbereitungsstrom-Ausgangs-Ein-Achsen-Neigungssensor mit Standardstr\u00f6men von 4-20 mA, 0-20 mA, 0-24 mA und RS232-Ausgang, die 2000 Meter entfernt \u00fcbertragen werden k\u00f6nnen. Benutzer m\u00fcssen nur den Sensorspannungswert sammeln und den aktuellen Neigungswinkel des Objekts berechnen. Das eingebaute (MEMS) feste Pendel durch Messung von \u00c4nderungen im statischen Gravitationsfeld f\u00fchrt zu \u00c4nderungen der Neigung.<\/p>\n<p>Das Produkt nimmt die MEMS -Sensorproduktionstechnologie an, um Temperaturfehler und lineare Fehler genau zu kompensieren und zu korrigieren. Es hat die Vorteile von hoher Genauigkeit, geringer Gr\u00f6\u00dfe, hohem Verpackungsprozess, starker Vibration, eingebauter Anti-Radio-Frequenz, antielektromagnetischer Interferenzkreis, insbesondere geeignet f\u00fcr die Anwendung unterirdischer grabenloser Maschinen und andere raue industrielle Umgebungen.<\/p>\n<p><strong><b>Merkmale<\/b><\/strong><\/p>\n<p>Neigungs\u00fcberwachung der Einzelachse<\/p>\n<p>Genauigkeit der vollen Reichweite 0,005 \u00b0, Aufl\u00f6sung 0,0007 \u00b0<\/p>\n<p>Ausgabeschnittstelle 4 ~ 20 mA, 0 ~ 20 mA, 0 ~ 24 mA (optional)<\/p>\n<p>Weitspannungseingang DC 11 ~ 36 V<\/p>\n<p>Breite Temperatur funktioniert -40 ~+85 \u2103<\/p>\n<p>Bereich 0 ~ \u00b1 5 \/\u00b115\/\u00b130\u00b0 (optional)<\/p>\n<p>Hoher Schwingungswiderstand&gt; 20000g<\/p>\n<p>IP67 Schutz<\/p>\n<p>Kann gleichzeitig RS232 ausgeben<\/p>\n<p>Volumen (107*55*27 mm) (anpassbar)<\/p>\n<p><strong><b>Anwendungen<\/b><\/strong><\/p>\n<p>Eisenbahnmesselurnerin, Messger\u00e4teinstrument<\/p>\n<p>Satelliten -Solarantennenpositionierung<\/p>\n<p>Arbeitsfahrzeug in gro\u00dfer H\u00f6he<\/p>\n<p>Bergbaumaschinerie, \u00d6lprotokollierungsausr\u00fcstung<\/p>\n<p>Medizinische Ausr\u00fcstung<\/p>\n<p>Hydraulische Hebeplattform<\/p>\n<p>Neigungs\u00fcberwachung<\/p>\n<p>Winkelkontrolle verschiedener Baumaschinen<\/p>\n<p>Inspektion von Br\u00fccken und D\u00e4mmen<\/p>","protected":false},"featured_media":3359,"comment_status":"open","ping_status":"closed","template":"","meta":[],"product_brand":[],"product_cat":[24],"product_tag":[],"class_list":{"0":"post-2382","1":"product","2":"type-product","3":"status-publish","4":"has-post-thumbnail","6":"product_cat-tilt-sensor","8":"first","9":"instock","10":"shipping-taxable","11":"product-type-simple"},"_links":{"self":[{"href":"https:\/\/www.andelutech.com\/de\/wp-json\/wp\/v2\/product\/2382","targetHints":{"allow":["GET"]}}],"collection":[{"href":"https:\/\/www.andelutech.com\/de\/wp-json\/wp\/v2\/product"}],"about":[{"href":"https:\/\/www.andelutech.com\/de\/wp-json\/wp\/v2\/types\/product"}],"replies":[{"embeddable":true,"href":"https:\/\/www.andelutech.com\/de\/wp-json\/wp\/v2\/comments?post=2382"}],"wp:featuredmedia":[{"embeddable":true,"href":"https:\/\/www.andelutech.com\/de\/wp-json\/wp\/v2\/media\/3359"}],"wp:attachment":[{"href":"https:\/\/www.andelutech.com\/de\/wp-json\/wp\/v2\/media?parent=2382"}],"wp:term":[{"taxonomy":"product_brand","embeddable":true,"href":"https:\/\/www.andelutech.com\/de\/wp-json\/wp\/v2\/product_brand?post=2382"},{"taxonomy":"product_cat","embeddable":true,"href":"https:\/\/www.andelutech.com\/de\/wp-json\/wp\/v2\/product_cat?post=2382"},{"taxonomy":"product_tag","embeddable":true,"href":"https:\/\/www.andelutech.com\/de\/wp-json\/wp\/v2\/product_tag?post=2382"}],"curies":[{"name":"wp","href":"https:\/\/api.w.org\/{rel}","templated":true}]}}