{"id":2379,"date":"2025-05-23T14:49:44","date_gmt":"2025-05-23T06:49:44","guid":{"rendered":"https:\/\/www.andelutech.com\/?post_type=product&#038;p=2379"},"modified":"2026-01-09T14:34:52","modified_gmt":"2026-01-09T06:34:52","slug":"digital-output-type-single-axis-tilt-sensor-2186di","status":"publish","type":"product","link":"https:\/\/www.andelutech.com\/de\/product\/digital-output-type-single-axis-tilt-sensor-2186di\/","title":{"rendered":"AND-TS-2186DI Digital Output Type Single Axis Tilt Sensor"},"content":{"rendered":"","protected":false},"excerpt":{"rendered":"<p><strong><b>Einf\u00fchrung<\/b><\/strong><\/p>\n<p>Und TS-2186DI ist ein Hochvorbereitungs-Ein-Achsen-Neigungssensor mit einer Aufl\u00f6sung von 0,0007 \u00b0, einer Genauigkeit von 0,005 \u00b0 und einer Temperaturdrift von 0,0007 \u00b0 \/ \u2103. Die Ausgangsschnittstelle verf\u00fcgt \u00fcber RS232, RS485, RS422, TTL, CAN, Modbus Bus zur Auswahl.<\/p>\n<p>Das Produkt ist mit einem hochpr\u00e4zisen digitalen Sensor von ADI ausgestattet, der die Temperaturdrift des Sensors gem\u00e4\u00df der \u00dcberwachungstemperatur\u00e4nderung des eingebauten Temperatursensors korrigieren kann, um die Wiederholbarkeit des Produkts in niedrigen Temperatur- und Hochtemperaturumgebungen sicherzustellen. Die entsprechende Frequenz betr\u00e4gt 100 Hz, die Leistung ist zuverl\u00e4ssig und stabil, und die Skalierbarkeit ist gut, dh f\u00fcr verschiedene industrielle Kontrollumgebungen geeignet.<\/p>\n<p><strong><b>Merkmale<\/b><\/strong><\/p>\n<p>Neigungs\u00fcberwachung der Einzelachse<\/p>\n<p>Genauigkeit der vollen Reichweite 0,005 \u00b0, Aufl\u00f6sung 0,0007 \u00b0<\/p>\n<p>Ausgangsfrequenz 5 ~ 100 Hz (optional)<\/p>\n<p>Breiter Spannungseingang DC 11 ~ 36 V<\/p>\n<p>Breite Temperatur funktioniert -40 ~+85 \u2103<\/p>\n<p>Messbereich 0 ~ \u00b1 5 \/\u00b110\/\u00b115\/\u00b130\u00b0 (optional)<\/p>\n<p>Hoher Schwingungswiderstand&gt; 20000g<\/p>\n<p>Baud Rate 2400 ~ 115200 (einstellbar)<\/p>\n<p>IP67 Schutz<\/p>\n<p>Kann rs232 \/RS485\/TTL\/MODBUS ausgeben (optional)<\/p>\n<p>Kleines Volumen (107*55*27 mm) (anpassbar)<\/p>\n<p><strong><b>Anwendungen<\/b><\/strong><\/p>\n<p>Hochspannungsdraht-Turmpol-\u00dcberwachung<\/p>\n<p>Satelliten -Solarantennenpositionierung<\/p>\n<p>Horizontale Steuerung der Pr\u00e4zisionsmaschinenmaschine<\/p>\n<p>Pr\u00e4zisionslaser -Plattformausr\u00fcstung<\/p>\n<p>Medizinische Ausr\u00fcstung<\/p>\n<p>Tanknivellierung<\/p>\n<p>Eisenbahnlokomotive<\/p>\n<p>Basierend auf der Neigungs\u00fcberwachung<\/p>\n<p>Winkelkontrolle verschiedener Baumaschinen<\/p>\n<p>Inspektion von Br\u00fccken und D\u00e4mmen<\/p>","protected":false},"featured_media":3360,"comment_status":"open","ping_status":"closed","template":"","meta":[],"product_brand":[],"product_cat":[24],"product_tag":[],"class_list":{"0":"post-2379","1":"product","2":"type-product","3":"status-publish","4":"has-post-thumbnail","6":"product_cat-tilt-sensor","8":"first","9":"instock","10":"shipping-taxable","11":"product-type-simple"},"_links":{"self":[{"href":"https:\/\/www.andelutech.com\/de\/wp-json\/wp\/v2\/product\/2379","targetHints":{"allow":["GET"]}}],"collection":[{"href":"https:\/\/www.andelutech.com\/de\/wp-json\/wp\/v2\/product"}],"about":[{"href":"https:\/\/www.andelutech.com\/de\/wp-json\/wp\/v2\/types\/product"}],"replies":[{"embeddable":true,"href":"https:\/\/www.andelutech.com\/de\/wp-json\/wp\/v2\/comments?post=2379"}],"wp:featuredmedia":[{"embeddable":true,"href":"https:\/\/www.andelutech.com\/de\/wp-json\/wp\/v2\/media\/3360"}],"wp:attachment":[{"href":"https:\/\/www.andelutech.com\/de\/wp-json\/wp\/v2\/media?parent=2379"}],"wp:term":[{"taxonomy":"product_brand","embeddable":true,"href":"https:\/\/www.andelutech.com\/de\/wp-json\/wp\/v2\/product_brand?post=2379"},{"taxonomy":"product_cat","embeddable":true,"href":"https:\/\/www.andelutech.com\/de\/wp-json\/wp\/v2\/product_cat?post=2379"},{"taxonomy":"product_tag","embeddable":true,"href":"https:\/\/www.andelutech.com\/de\/wp-json\/wp\/v2\/product_tag?post=2379"}],"curies":[{"name":"wp","href":"https:\/\/api.w.org\/{rel}","templated":true}]}}