{"id":2377,"date":"2025-05-23T14:29:14","date_gmt":"2025-05-23T06:29:14","guid":{"rendered":"https:\/\/www.andelutech.com\/?post_type=product&#038;p=2377"},"modified":"2026-01-09T14:36:27","modified_gmt":"2026-01-09T06:36:27","slug":"high-precision-single-axis-tilt-sensor-canopen-output2185ca","status":"publish","type":"product","link":"https:\/\/www.andelutech.com\/de\/product\/high-precision-single-axis-tilt-sensor-canopen-output2185ca\/","title":{"rendered":"AND-TM-2185CA High Precision Single Axis Tilt Sensor CANopen Output"},"content":{"rendered":"","protected":false},"excerpt":{"rendered":"<p><strong><b>Einf\u00fchrung<\/b><\/strong><\/p>\n<p>Es handelt sich um einen hochpr\u00e4zisen Canopen-Single-Achs-Neigungssensor f\u00fcr die industrielle Feldkontrolle. Es nimmt den Industrie-Standard-Isolator mit einer Aufl\u00f6sung von 0,0008 \u00b0, Genauigkeit von 0,005 \u00b0 und Temperaturdrift von 0,0005 \u00b0 \/ \u2103 an, was ein reales Produkt in Industriequalit\u00e4t ist.<\/p>\n<p>ADI verf\u00fcgt \u00fcber einen eingebauten Temperatursensor mit hoher Pr\u00e4zision, der die Temperaturdrift des Sensors gem\u00e4\u00df der \u00c4nderung des eingebauten Temperatursensors korrigieren kann, um die hohe Wiederholbarkeit des Produkts unabh\u00e4ngig von der Umgebung mit niedriger Temperatur oder hoher Temperatur zu gew\u00e4hrleisten. Der Ausgangsantwortfrequenzstandard betr\u00e4gt bis zu 100 Hz, was f\u00fcr verschiedene harte Arbeitsumgebungen geeignet ist.<\/p>\n<p><strong><b>Merkmale<\/b><\/strong><\/p>\n<p>Neigungs\u00fcberwachung der Einzelachse<\/p>\n<p>Genauigkeit der vollen Reichweite 0,005 \u00b0, Aufl\u00f6sung 0,0007 \u00b0<\/p>\n<p>Ausgangsfrequenz 5 ~ 100 Hz (optional)<\/p>\n<p>Weitspannungseingang DC 11 ~ 36 V<\/p>\n<p>Breite Temperatur funktioniert -40 ~+85 \u2103<\/p>\n<p>Bereich 0 ~ \u00b1 5 \/\u00b110\/\u00b115\/\u00b130\u00b0 (optional)<\/p>\n<p>Hoher Schwingungswiderstand&gt; 20000g<\/p>\n<p>Baud Rate: 100k ~ 500k BPS<\/p>\n<p>IP67 Schutz<\/p>\n<p>Ausgabe von Canopen<\/p>\n<p>Volumen (107*55*27 mm) (anpassbar)<\/p>\n<p><strong><b>Anwendungen<\/b><\/strong><\/p>\n<p>Hochspannungsdrahtsturm\u00fcberwachung<\/p>\n<p>Satelliten -Solarantennenpositionierung<\/p>\n<p>Lastwagen in der Luft<\/p>\n<p>Bergbaumaschinerie, \u00d6lprotokollierungsausr\u00fcstung<\/p>\n<p>Medizinische Ausr\u00fcstung<\/p>\n<p>Nivellierung<\/p>\n<p>Hydraulische Hebeplattform<\/p>\n<p>Neigungs\u00fcberwachung<\/p>\n<p>Winkelkontrolle verschiedener Baumaschinen<\/p>\n<p>Inspektion von Br\u00fccken und D\u00e4mmen<\/p>","protected":false},"featured_media":3360,"comment_status":"open","ping_status":"closed","template":"","meta":[],"product_brand":[],"product_cat":[24],"product_tag":[],"class_list":{"0":"post-2377","1":"product","2":"type-product","3":"status-publish","4":"has-post-thumbnail","6":"product_cat-tilt-sensor","8":"first","9":"instock","10":"shipping-taxable","11":"product-type-simple"},"_links":{"self":[{"href":"https:\/\/www.andelutech.com\/de\/wp-json\/wp\/v2\/product\/2377","targetHints":{"allow":["GET"]}}],"collection":[{"href":"https:\/\/www.andelutech.com\/de\/wp-json\/wp\/v2\/product"}],"about":[{"href":"https:\/\/www.andelutech.com\/de\/wp-json\/wp\/v2\/types\/product"}],"replies":[{"embeddable":true,"href":"https:\/\/www.andelutech.com\/de\/wp-json\/wp\/v2\/comments?post=2377"}],"wp:featuredmedia":[{"embeddable":true,"href":"https:\/\/www.andelutech.com\/de\/wp-json\/wp\/v2\/media\/3360"}],"wp:attachment":[{"href":"https:\/\/www.andelutech.com\/de\/wp-json\/wp\/v2\/media?parent=2377"}],"wp:term":[{"taxonomy":"product_brand","embeddable":true,"href":"https:\/\/www.andelutech.com\/de\/wp-json\/wp\/v2\/product_brand?post=2377"},{"taxonomy":"product_cat","embeddable":true,"href":"https:\/\/www.andelutech.com\/de\/wp-json\/wp\/v2\/product_cat?post=2377"},{"taxonomy":"product_tag","embeddable":true,"href":"https:\/\/www.andelutech.com\/de\/wp-json\/wp\/v2\/product_tag?post=2377"}],"curies":[{"name":"wp","href":"https:\/\/api.w.org\/{rel}","templated":true}]}}