{"id":2371,"date":"2025-05-23T14:25:30","date_gmt":"2025-05-23T06:25:30","guid":{"rendered":"https:\/\/www.andelutech.com\/?post_type=product&#038;p=2371"},"modified":"2026-01-09T14:40:29","modified_gmt":"2026-01-09T06:40:29","slug":"high-precision-dual-axis-digital-tilt-sensor-1240di","status":"publish","type":"product","link":"https:\/\/www.andelutech.com\/de\/product\/high-precision-dual-axis-digital-tilt-sensor-1240di\/","title":{"rendered":"AND-TM-1240DI High-Precision Dual-Axis Digital Tilt Sensor"},"content":{"rendered":"","protected":false},"excerpt":{"rendered":"<p><strong><b>Einf\u00fchrung<\/b><\/strong><\/p>\n<p>Es handelt sich um einen vollst\u00e4ndig temperatur kompensierenden hochpr\u00e4zisen biaxialen Neigungsensor mit Aufl\u00f6sung von 0,0005 \u00b0, Genauigkeit von 0,001 \u00b0 und Temperaturdrift von 0,0005 \u00b0 \/ \u2103. Die Ausgangsgrenzwerte RS232, RS485, RS422, TTL und Modbus Bus sind zur Auswahl erh\u00e4ltlich.<\/p>\n<p>Digitales Signalgetriebe Neigungsmesser, Unterst\u00fctzung professioneller Computersoftware, Datenmessung und Aufzeichnung. Es verf\u00fcgt \u00fcber die Eigenschaften der nichtkontakten Installation, einer bequemen Systemintegration und einer bequemen Installation. Der horizontale Winkel des Objekts kann berechnet werden, indem der Sensor auf der Oberfl\u00e4che des Objekts mit einer Schraube gemessen wird, und der Betrieb ist sehr einfach. Und es hat einen starken Widerstand gegen externe elektromagnetische Interferenzen und eine starke Erdbebenresistenz.<\/p>\n<p><strong><b>Merkmale<\/b><\/strong><\/p>\n<p>Zwei -Achse -Kipp\u00fcberwachung<\/p>\n<p>Genauigkeit des Vollbereichs 0,001 \u00b0, Aufl\u00f6sung 0,0005 \u00b0<\/p>\n<p>Ausgangsfrequenz 5 ~ 100 Hz (optional)<\/p>\n<p>Breiter Spannungseingang DC 11 ~ 36 V<\/p>\n<p>Breite Temperatur funktioniert -40 ~+85 \u2103<\/p>\n<p>Messbereich 0 ~ \u00b1 5 \/\u00b110\/\u00b115\/\u00b130\u00b0 (optional)<\/p>\n<p>Hoher Schwingungswiderstand&gt; 20000g<\/p>\n<p>Baud Rate 2400 ~ 115200 (einstellbar)<\/p>\n<p>IP67 Schutz<\/p>\n<p>Ausgabe rs232 \/RS485\/TTL\/MODBUS (optional)<\/p>\n<p>Kleines Volumen (176*27*27 mm) (anpassbar)<\/p>\n<p><strong><b>Anwendungen<\/b><\/strong><\/p>\n<p>Hochspannungsdrahtsturm\u00fcberwachung<\/p>\n<p>Satelliten -Solarantennenpositionierung<\/p>\n<p>Lastwagen in der Luft<\/p>\n<p>Bergbaumaschinerie, \u00d6lprotokollierungsausr\u00fcstung<\/p>\n<p>Medizinische Ausr\u00fcstung<\/p>\n<p>Nivellierung<\/p>\n<p>Hydraulische Hebeplattform<\/p>\n<p>Neigungs\u00fcberwachung<\/p>\n<p>Winkelkontrolle verschiedener Baumaschinen<\/p>\n<p>Inspektion von Br\u00fccken und D\u00e4mmen<\/p>","protected":false},"featured_media":3362,"comment_status":"open","ping_status":"closed","template":"","meta":[],"product_brand":[],"product_cat":[24],"product_tag":[],"class_list":{"0":"post-2371","1":"product","2":"type-product","3":"status-publish","4":"has-post-thumbnail","6":"product_cat-tilt-sensor","8":"first","9":"instock","10":"shipping-taxable","11":"product-type-simple"},"_links":{"self":[{"href":"https:\/\/www.andelutech.com\/de\/wp-json\/wp\/v2\/product\/2371","targetHints":{"allow":["GET"]}}],"collection":[{"href":"https:\/\/www.andelutech.com\/de\/wp-json\/wp\/v2\/product"}],"about":[{"href":"https:\/\/www.andelutech.com\/de\/wp-json\/wp\/v2\/types\/product"}],"replies":[{"embeddable":true,"href":"https:\/\/www.andelutech.com\/de\/wp-json\/wp\/v2\/comments?post=2371"}],"wp:featuredmedia":[{"embeddable":true,"href":"https:\/\/www.andelutech.com\/de\/wp-json\/wp\/v2\/media\/3362"}],"wp:attachment":[{"href":"https:\/\/www.andelutech.com\/de\/wp-json\/wp\/v2\/media?parent=2371"}],"wp:term":[{"taxonomy":"product_brand","embeddable":true,"href":"https:\/\/www.andelutech.com\/de\/wp-json\/wp\/v2\/product_brand?post=2371"},{"taxonomy":"product_cat","embeddable":true,"href":"https:\/\/www.andelutech.com\/de\/wp-json\/wp\/v2\/product_cat?post=2371"},{"taxonomy":"product_tag","embeddable":true,"href":"https:\/\/www.andelutech.com\/de\/wp-json\/wp\/v2\/product_tag?post=2371"}],"curies":[{"name":"wp","href":"https:\/\/api.w.org\/{rel}","templated":true}]}}