{"id":2368,"date":"2025-05-23T14:23:22","date_gmt":"2025-05-23T06:23:22","guid":{"rendered":"https:\/\/www.andelutech.com\/?post_type=product&#038;p=2368"},"modified":"2026-01-09T14:43:02","modified_gmt":"2026-01-09T06:43:02","slug":"digital-output-type-dual-axis-tilt-sensor-1230di","status":"publish","type":"product","link":"https:\/\/www.andelutech.com\/de\/product\/digital-output-type-dual-axis-tilt-sensor-1230di\/","title":{"rendered":"AND-TM-1230DI Digital Output Type Dual- Axis Tilt Sensor"},"content":{"rendered":"","protected":false},"excerpt":{"rendered":"<p><strong><b>Einf\u00fchrung<\/b><\/strong><\/p>\n<p>Dies ist eine Temperaturkompensation mit voller Temperatur mit zwei Achsen mit einer Aufl\u00f6sung von 0,0005 \u00b0, einer Genauigkeit von 0,001 \u00b0 und einer Temperaturdrift von 0,0005 \u00b0 \/ \u2103. Die Ausgangsschnittstelle verf\u00fcgt \u00fcber RS232, RS485, RS422, TTL und Modbus zur Auswahl. Dieses Produkt ist ein ma\u00dfgeschneidertes Neigungsmesser zur Messung der Neigung von Stein- und Bodenfundamentgruben. Es integriert ein 24-Bit-Arm-High-End-System mit einer Aufl\u00f6sung von 4 Sekunden und einer Antwortfrequenz von bis zu 100 Hz. Der Bediener muss das Neigungsmesser nur an den Daten\u00fcbertragungscomputer anschlie\u00dfen, um ein hochpr\u00e4zisetztes Neigungsmesser zu erstellen.<\/p>\n<p><strong><b>Merkmale<\/b><\/strong><\/p>\n<p>Zwei -Achse -Kipp\u00fcberwachung<\/p>\n<p>Genauigkeit des Vollbereichs 0,001 \u00b0, Aufl\u00f6sung 0,0005 \u00b0<\/p>\n<p>Ausgangsfrequenz 5 ~ 100 Hz (optional)<\/p>\n<p>Breiter Spannungseingang DC 11 ~ 36 V<\/p>\n<p>Breite Temperatur funktioniert -40 ~+85 \u2103<\/p>\n<p>Messbereich 0 ~ \u00b1 5 \/\u00b110\/\u00b115\/\u00b130\u00b0(optional)<\/p>\n<p>Hoher Schwingungswiderstand&gt; 20000g<\/p>\n<p>Baud Rate 2400 ~ 115200 (einstellbar)<\/p>\n<p>IP67 Schutz<\/p>\n<p>Ausgabe rs232 \/RS485\/TTL\/MODBUS (optional)<\/p>\n<p>Kleines Volumen (160*20*20 mm) (anpassbar)<\/p>\n<p><strong><b>Anwendungen<\/b><\/strong><\/p>\n<p>Hochspannungsdraht-Turmpol-\u00dcberwachung<\/p>\n<p>Satelliten -Solarantennenpositionierung<\/p>\n<p>Horizontale Steuerung der Pr\u00e4zisionsmaschinenmaschine<\/p>\n<p>Pr\u00e4zisionslaser -Plattformausr\u00fcstung<\/p>\n<p>Medizinische Ausr\u00fcstung<\/p>\n<p>Tanknivellierung<\/p>\n<p>Eisenbahnlokomotive<\/p>\n<p>Basierend auf der Neigungs\u00fcberwachung<\/p>\n<p>Winkelkontrolle verschiedener Baumaschinen<\/p>\n<p>\u00dcberwachung von Br\u00fccken, D\u00e4mmen und Geb\u00e4uden<\/p>","protected":false},"featured_media":3363,"comment_status":"open","ping_status":"closed","template":"","meta":[],"product_brand":[],"product_cat":[24],"product_tag":[],"class_list":{"0":"post-2368","1":"product","2":"type-product","3":"status-publish","4":"has-post-thumbnail","6":"product_cat-tilt-sensor","8":"first","9":"instock","10":"shipping-taxable","11":"product-type-simple"},"_links":{"self":[{"href":"https:\/\/www.andelutech.com\/de\/wp-json\/wp\/v2\/product\/2368","targetHints":{"allow":["GET"]}}],"collection":[{"href":"https:\/\/www.andelutech.com\/de\/wp-json\/wp\/v2\/product"}],"about":[{"href":"https:\/\/www.andelutech.com\/de\/wp-json\/wp\/v2\/types\/product"}],"replies":[{"embeddable":true,"href":"https:\/\/www.andelutech.com\/de\/wp-json\/wp\/v2\/comments?post=2368"}],"wp:featuredmedia":[{"embeddable":true,"href":"https:\/\/www.andelutech.com\/de\/wp-json\/wp\/v2\/media\/3363"}],"wp:attachment":[{"href":"https:\/\/www.andelutech.com\/de\/wp-json\/wp\/v2\/media?parent=2368"}],"wp:term":[{"taxonomy":"product_brand","embeddable":true,"href":"https:\/\/www.andelutech.com\/de\/wp-json\/wp\/v2\/product_brand?post=2368"},{"taxonomy":"product_cat","embeddable":true,"href":"https:\/\/www.andelutech.com\/de\/wp-json\/wp\/v2\/product_cat?post=2368"},{"taxonomy":"product_tag","embeddable":true,"href":"https:\/\/www.andelutech.com\/de\/wp-json\/wp\/v2\/product_tag?post=2368"}],"curies":[{"name":"wp","href":"https:\/\/api.w.org\/{rel}","templated":true}]}}