{"id":2365,"date":"2025-05-23T14:21:09","date_gmt":"2025-05-23T06:21:09","guid":{"rendered":"https:\/\/www.andelutech.com\/?post_type=product&#038;p=2365"},"modified":"2026-01-09T14:44:34","modified_gmt":"2026-01-09T06:44:34","slug":"analog-type-two-axis-tilt-sensor-1228an","status":"publish","type":"product","link":"https:\/\/www.andelutech.com\/de\/product\/analog-type-two-axis-tilt-sensor-1228an\/","title":{"rendered":"AND-TM-1228AN- Analog Type Two Axis Tilt Sensor"},"content":{"rendered":"","protected":false},"excerpt":{"rendered":"<p><strong><b>Einf\u00fchrung<\/b><\/strong><\/p>\n<p>Dies ist ein Standard-Industrie-Volltemperaturkompensation mit hoher Achsen-Tilt-Sensor mit einer analogen Ausgangs-Neigungssensor unter Verwendung von Standardspannung 0 ~ 5 V, 0 ~ 10 V, Strom 4 ~ 20 mA, 0 ~ 20 mA, 0 ~ 24 mA (optional). Gleichzeitig kann es durch RS232 \/CAN Ausgabe von 2000 Metern eine Fern\u00fcbertragung erreichen. Der Bediener muss nur den Spannungswert des Sensors sammeln, um den Stromkippwinkel des Objekts zu berechnen. Das eingebaute (MEMS) feste Pendel kann durch Messung der \u00c4nderung des statischen Schwerkraftfeldes in die \u00c4nderung des Neigungswinkels umgewandelt werden.<\/p>\n<p>Mithilfe der MEMS -Sensorproduktionstechnologie k\u00f6nnen Temperaturfehler und lineare Fehler genau kompensieren und korrigieren. Es hat die Eigenschaften von hoher Pr\u00e4zision, kleiner Gr\u00f6\u00dfe, hoher Verpackungstechnologie und starker Vibrationsbest\u00e4ndigkeit. Aufgrund der eingebauten Anti-Radio-Frequenz und der antielektromagnetischen Interferenzkreis ist es besonders f\u00fcr Anwendungen in harten industriellen Umgebungen wie unterirdischer Nicht-Exkaviermaschinen geeignet.<\/p>\n<p><strong><b>Merkmale<\/b><\/strong><\/p>\n<p>Zwei -Achse -Kipp\u00fcberwachung<\/p>\n<p>Genauigkeit des Vollbereichs 0,001 \u00b0, Aufl\u00f6sung 0,0005 \u00b0<\/p>\n<p>Ausgabe 0 ~ 5V \u3001 4 ~ 20 mA (optional)<\/p>\n<p>Weitspannungseingang DC 11 ~ 36 V<\/p>\n<p>Breite Temperatur funktioniert -40 ~+85 \u2103<\/p>\n<p>Bereich 0 ~ \u00b1 5 \/\u00b110\/\u00b115\/\u00b130\u00b0 (optional)<\/p>\n<p>Hoher Schwingungswiderstand&gt; 20000g<\/p>\n<p>IP67 Schutz<\/p>\n<p>RS232 gleichzeitig ausgeben<\/p>\n<p>Volumen (107*55*27 mm) (anpassbar)<\/p>\n<p><strong><b>Anwendungen<\/b><\/strong><\/p>\n<p>Hochspannungsdrahtsturm\u00fcberwachung<\/p>\n<p>Satelliten -Solarantennenpositionierung<\/p>\n<p>Lastwagen in der Luft<\/p>\n<p>Bergbaumaschinerie, \u00d6lprotokollierungsausr\u00fcstung<\/p>\n<p>Medizinische Ausr\u00fcstung<\/p>\n<p>Nivellierung<\/p>\n<p>Hydraulische Hebeplattform<\/p>\n<p>Neigungs\u00fcberwachung<\/p>\n<p>Winkelkontrolle verschiedener Baumaschinen<\/p>\n<p>Inspektion von Br\u00fccken und D\u00e4mmen<\/p>","protected":false},"featured_media":3364,"comment_status":"open","ping_status":"closed","template":"","meta":[],"product_brand":[],"product_cat":[24],"product_tag":[],"class_list":{"0":"post-2365","1":"product","2":"type-product","3":"status-publish","4":"has-post-thumbnail","6":"product_cat-tilt-sensor","8":"first","9":"instock","10":"shipping-taxable","11":"product-type-simple"},"_links":{"self":[{"href":"https:\/\/www.andelutech.com\/de\/wp-json\/wp\/v2\/product\/2365","targetHints":{"allow":["GET"]}}],"collection":[{"href":"https:\/\/www.andelutech.com\/de\/wp-json\/wp\/v2\/product"}],"about":[{"href":"https:\/\/www.andelutech.com\/de\/wp-json\/wp\/v2\/types\/product"}],"replies":[{"embeddable":true,"href":"https:\/\/www.andelutech.com\/de\/wp-json\/wp\/v2\/comments?post=2365"}],"wp:featuredmedia":[{"embeddable":true,"href":"https:\/\/www.andelutech.com\/de\/wp-json\/wp\/v2\/media\/3364"}],"wp:attachment":[{"href":"https:\/\/www.andelutech.com\/de\/wp-json\/wp\/v2\/media?parent=2365"}],"wp:term":[{"taxonomy":"product_brand","embeddable":true,"href":"https:\/\/www.andelutech.com\/de\/wp-json\/wp\/v2\/product_brand?post=2365"},{"taxonomy":"product_cat","embeddable":true,"href":"https:\/\/www.andelutech.com\/de\/wp-json\/wp\/v2\/product_cat?post=2365"},{"taxonomy":"product_tag","embeddable":true,"href":"https:\/\/www.andelutech.com\/de\/wp-json\/wp\/v2\/product_tag?post=2365"}],"curies":[{"name":"wp","href":"https:\/\/api.w.org\/{rel}","templated":true}]}}