{"id":2363,"date":"2025-05-23T14:19:22","date_gmt":"2025-05-23T06:19:22","guid":{"rendered":"https:\/\/www.andelutech.com\/?post_type=product&#038;p=2363"},"modified":"2026-01-09T14:45:25","modified_gmt":"2026-01-09T06:45:25","slug":"high-precision-can-open-dual-axis-tilt-sensor-1225ca","status":"publish","type":"product","link":"https:\/\/www.andelutech.com\/de\/product\/high-precision-can-open-dual-axis-tilt-sensor-1225ca\/","title":{"rendered":"AND-TM-1225CA High Precision CAN Open Dual Axis Tilt Sensor"},"content":{"rendered":"","protected":false},"excerpt":{"rendered":"<p><strong><b>Einf\u00fchrung<\/b><\/strong><\/p>\n<p>Es ist ein hochpr\u00e4ziser Canopen Biaxial\u00a0<a href=\"https:\/\/www.ericcointernational.com\/inclinomter\/\">neigungssensor<\/a>\u00a0Das Produkt richtet sich haupts\u00e4chlich auf den Bereich der industriellen Feldkontrolle und nimmt den industriellen Standard -ISOLATOR mit einer Aufl\u00f6sung von 0,0005 \u00b0, einer Genauigkeit von 0,001 \u00b0 und einer Temperaturdrift von 0,0005 \u00b0 \/ \u00b0 C an.<\/p>\n<p>Das Produkt verf\u00fcgt \u00fcber einen eingebauten Temperatursensor mit hoher Pr\u00e4zision, der die Temperaturdrift des Sensors gem\u00e4\u00df der \u00c4nderung des eingebauten Temperatursensors korrigieren kann, um die hohe Wiederholbarkeit des Produkts in einer niedrigen Temperatur- oder Hochtemperaturumgebung zu gew\u00e4hrleisten. Der Ausgangsantwortfrequenzstandard betr\u00e4gt bis zu 100 Hz, was f\u00fcr verschiedene harte industrielle Kontrollumgebungen geeignet ist.<\/p>\n<p><strong><b>Merkmale<\/b><\/strong><\/p>\n<p>Zwei -Achse -Kipp\u00fcberwachung<\/p>\n<p>Genauigkeit des Vollbereichs 0,001 \u00b0, Aufl\u00f6sung 0,0005 \u00b0<\/p>\n<p>Ausgangsfrequenz 5 ~ 100 Hz (optional)<\/p>\n<p>Weitspannungseingang DC 11 ~ 36 V<\/p>\n<p>Breite Temperatur funktioniert -40 ~ +85 \u2103<\/p>\n<p>Bereich 0 ~ \u00b1 5 \/\u00b110\/\u00b115\/\u00b130\u00b0 (optional)<\/p>\n<p>Hoher Schwingungswiderstand&gt; 20000g<\/p>\n<p>Baud Rate: 100k ~ 500k BPS<\/p>\n<p>IP67 Schutz<\/p>\n<p>Ausgabe von Canopen<\/p>\n<p>Volumen (107*55*27 mm) (anpassbar)<\/p>\n<p><strong><b>Anwendungen<\/b><\/strong><\/p>\n<p>Hochspannungsdrahtsturm\u00fcberwachung<\/p>\n<p>Satelliten -Solarantennenpositionierung<\/p>\n<p>Arbeitsfahrzeug in gro\u00dfer H\u00f6he<\/p>\n<p>Bergbaumaschinerie, \u00d6lprotokollierungsausr\u00fcstung<\/p>\n<p>Medizinische Ausr\u00fcstung<\/p>\n<p>Nivellierung<\/p>\n<p>Hydraulische Hebeplattform<\/p>\n<p>Neigungs\u00fcberwachung<\/p>\n<p>Winkelkontrolle verschiedener Baumaschinen<\/p>\n<p>Br\u00fccken und D\u00e4mme, \u00dcberwachung<\/p>","protected":false},"featured_media":3368,"comment_status":"open","ping_status":"closed","template":"","meta":[],"product_brand":[],"product_cat":[24],"product_tag":[],"class_list":{"0":"post-2363","1":"product","2":"type-product","3":"status-publish","4":"has-post-thumbnail","6":"product_cat-tilt-sensor","8":"first","9":"instock","10":"shipping-taxable","11":"product-type-simple"},"_links":{"self":[{"href":"https:\/\/www.andelutech.com\/de\/wp-json\/wp\/v2\/product\/2363","targetHints":{"allow":["GET"]}}],"collection":[{"href":"https:\/\/www.andelutech.com\/de\/wp-json\/wp\/v2\/product"}],"about":[{"href":"https:\/\/www.andelutech.com\/de\/wp-json\/wp\/v2\/types\/product"}],"replies":[{"embeddable":true,"href":"https:\/\/www.andelutech.com\/de\/wp-json\/wp\/v2\/comments?post=2363"}],"wp:featuredmedia":[{"embeddable":true,"href":"https:\/\/www.andelutech.com\/de\/wp-json\/wp\/v2\/media\/3368"}],"wp:attachment":[{"href":"https:\/\/www.andelutech.com\/de\/wp-json\/wp\/v2\/media?parent=2363"}],"wp:term":[{"taxonomy":"product_brand","embeddable":true,"href":"https:\/\/www.andelutech.com\/de\/wp-json\/wp\/v2\/product_brand?post=2363"},{"taxonomy":"product_cat","embeddable":true,"href":"https:\/\/www.andelutech.com\/de\/wp-json\/wp\/v2\/product_cat?post=2363"},{"taxonomy":"product_tag","embeddable":true,"href":"https:\/\/www.andelutech.com\/de\/wp-json\/wp\/v2\/product_tag?post=2363"}],"curies":[{"name":"wp","href":"https:\/\/api.w.org\/{rel}","templated":true}]}}