{"id":2354,"date":"2025-05-23T14:13:05","date_gmt":"2025-05-23T06:13:05","guid":{"rendered":"https:\/\/www.andelutech.com\/?post_type=product&#038;p=2354"},"modified":"2026-01-09T14:49:48","modified_gmt":"2026-01-09T06:49:48","slug":"tilt-sensor-precision-0-001","status":"publish","type":"product","link":"https:\/\/www.andelutech.com\/de\/product\/tilt-sensor-precision-0-001\/","title":{"rendered":"AND-TS-12200 Tilt Sensor Precision 0.001\u00b0"},"content":{"rendered":"","protected":false},"excerpt":{"rendered":"<p><strong><b>Einf\u00fchrung<\/b><\/strong><\/p>\n<p>Und TS-12200-modbus hohe Pr\u00e4zisions-Wireless-\u00dcbertragung<a href=\"https:\/\/www.ericcointernational.com\/tilt-sensor\">Neigungssensor<\/a>\u00a0ist ein drahtloser neigungssensor mit extrem niedrigem stromverbrauch, geringer gr\u00f6\u00dfe und hoher leistung, die sich an die industrielle anwendung von benutzern ohne stromversorgung oder echtzeit dynamische messung des einstellungswinkels des objekts richtet. Angetrieben von Lithium -Batterie, basierend auf dem Internet of Things Technology Bluetooth und Zigbee (optional) drahtlose \u00dcbertragungstechnologie wurden alle internen Schaltkreise optimiert und entworfen, und verschiedene Ma\u00dfnahmen wie die industrielle MCU, drei Proof -PCB -Boards, importierte Kabel und eine breite Metallschale mit breiter Temperatur werden angewendet, um das industrielle Niveau des Produkts zu verbessern. Mit einer guten langfristigen Stabilit\u00e4t und einer kleinen Nulldrift kann es automatisch in den Schlafmodus mit geringer Leistung eintreten, um die Abh\u00e4ngigkeit von der Nutzungsumgebung zu beseitigen.<\/p>\n<p>Das Produkt verf\u00fcgt \u00fcber kompakte Struktur, pr\u00e4zises Design, RE -Kompensation f\u00fcr Temperatur und Linearit\u00e4t sowie integrierte umfassende Schutzfunktionen wie Kurzschluss, sofortige Hochspannung, Polarit\u00e4t, Anstieg usw. Es ist einfach und bequem zu bedienen. Das drahtlose digitale Signal\u00fcbertragungsmethode eliminiert die umst\u00e4ndliche Verkabelung und Rauschinterferenz, die durch eine lange Kabel\u00fcbertragung verursacht wird.  Die drahtlosen Sensorknoten k\u00f6nnen ein riesiges drahtloses Netzwerk bilden, Tausende von Messpunkten unterst\u00fctzen, um die Neigung gleichzeitig zu \u00fcberwachen und professionelle Computersoftware zu unterst\u00fctzen. Ohne Feldumfrage kann es den Zustand des gemessenen Objekts in Echtzeit messen und aufzeichnen.<\/p>\n<p><strong><b>Merkmale<\/b><\/strong><\/p>\n<p>\u00dcberwachung der Dualachse (Optionaler Achse)<\/p>\n<p>Bereich: \u00b1 30 \u00b0<\/p>\n<p>Genauigkeit: 0,001 \u00b0, Aufl\u00f6sung: 0,0005 \u00b0<\/p>\n<p>Volumen (94*74*64 mm) (anpassbar)<\/p>\n<p>Ultra niedriger Stromverbrauch<\/p>\n<p>Angetrieben durch eingebaute wiederaufladbare Lithiumbatterie<\/p>\n<p>Breitstemperaturbetrieb -40 ~+85 \u2103<\/p>\n<p>IP67 Schutznote<\/p>\n<p><strong><b>Anwendungen<\/b><\/strong><\/p>\n<p>Br\u00fcckenbau<\/p>\n<p>Pan Tilt Leveling<\/p>\n<p>Schiffsnavigationseinstellungsmessung<\/p>\n<p>Tunnel\u00fcberwachung der Hochbahn -Fundament -Tunnel<\/p>\n<p>Satelliten -Solarantennenpositionierung<\/p>\n<p>Medizinische Ausr\u00fcstung<\/p>\n<p>Winkelkontrolle verschiedener Baumaschinen<\/p>","protected":false},"featured_media":2355,"comment_status":"open","ping_status":"closed","template":"","meta":[],"product_brand":[],"product_cat":[24],"product_tag":[],"class_list":{"0":"post-2354","1":"product","2":"type-product","3":"status-publish","4":"has-post-thumbnail","6":"product_cat-tilt-sensor","8":"first","9":"instock","10":"shipping-taxable","11":"product-type-simple"},"_links":{"self":[{"href":"https:\/\/www.andelutech.com\/de\/wp-json\/wp\/v2\/product\/2354","targetHints":{"allow":["GET"]}}],"collection":[{"href":"https:\/\/www.andelutech.com\/de\/wp-json\/wp\/v2\/product"}],"about":[{"href":"https:\/\/www.andelutech.com\/de\/wp-json\/wp\/v2\/types\/product"}],"replies":[{"embeddable":true,"href":"https:\/\/www.andelutech.com\/de\/wp-json\/wp\/v2\/comments?post=2354"}],"wp:featuredmedia":[{"embeddable":true,"href":"https:\/\/www.andelutech.com\/de\/wp-json\/wp\/v2\/media\/2355"}],"wp:attachment":[{"href":"https:\/\/www.andelutech.com\/de\/wp-json\/wp\/v2\/media?parent=2354"}],"wp:term":[{"taxonomy":"product_brand","embeddable":true,"href":"https:\/\/www.andelutech.com\/de\/wp-json\/wp\/v2\/product_brand?post=2354"},{"taxonomy":"product_cat","embeddable":true,"href":"https:\/\/www.andelutech.com\/de\/wp-json\/wp\/v2\/product_cat?post=2354"},{"taxonomy":"product_tag","embeddable":true,"href":"https:\/\/www.andelutech.com\/de\/wp-json\/wp\/v2\/product_tag?post=2354"}],"curies":[{"name":"wp","href":"https:\/\/api.w.org\/{rel}","templated":true}]}}