{"id":2352,"date":"2025-05-23T14:07:48","date_gmt":"2025-05-23T06:07:48","guid":{"rendered":"https:\/\/www.andelutech.com\/?post_type=product&#038;p=2352"},"modified":"2025-06-30T17:44:26","modified_gmt":"2025-06-30T09:44:26","slug":"and-fimu-5500-high-bandwidth-and-large-range-fog-imu","status":"publish","type":"product","link":"https:\/\/www.andelutech.com\/de\/product\/and-fimu-5500-high-bandwidth-and-large-range-fog-imu\/","title":{"rendered":"Und fimu-5500 hohe Bandbreite und gro\u00dfer Reichweite Nebel Imu\u00a0"},"content":{"rendered":"","protected":false},"excerpt":{"rendered":"<p><strong><b>Einf\u00fchrung<\/b><\/strong><\/p>\n<p>Und -fimu-5500 hohe Bandbreite und gro\u00dfe Reichweite\u00a0<a href=\"https:\/\/www.ericcointernational.com\/inertial-measurement-units\/fog-imu\/\">NEBEL IMU<\/a>\u00a0besteht aus glasfasergyroskop und quarzflexiblen beschleunigungsmesser. Das Produkt nimmt drei Achsen geschlossener Glasfaser-Gyroskop an, das eine gute Genauigkeit und ein gutes Erscheinungsbild aufweist. Das Produkt der Inertial-Messeinheit f\u00fcr optische Faser ist ein kosteng\u00fcnstiges Tr\u00e4gheitsmessger\u00e4t, das die Eigenschaften von Breitband, hoher Aufl\u00f6sung, niedriger Nulldrift, hoher Linearit\u00e4t, kurzer Startzeit, starker Schock und Schwingungswiderstand, geringer Gr\u00f6\u00dfe und niedrigen Kosten aufweist.<\/p>\n<p><strong><b>Merkmale<\/b><\/strong><\/p>\n<p>Hohe Bandbreite, gro\u00dfer Bereich, niedriger Stromverbrauch und kleines Volumen;<\/p>\n<p>Die Antwortzeit ist kurz und die Datenaktualisierungsrate kann bis zu 4 kHz betragen.<\/p>\n<p>Mit dem ARM -Prozessor kann der Navigationsalgorithmus entsprechend den Anforderungen des Benutzers gestaltet werden.<\/p>\n<p>Die Sensordaten werden kalibriert und die Temperatur kompensiert, und die gesamte Temperaturleistung ist stabil.<\/p>\n<p><strong><b>Anwendungen<\/b><\/strong><\/p>\n<p>Intelligente Munition (JDAM);<\/p>\n<p>Aeronautical Surveying und Mapping;<\/p>\n<p>Fahrzeugnavigation und Positionierung;<\/p>\n<p>Einstellungskontrolle;<\/p>\n<p>Messung;<\/p>\n<p>Integriertes Navigationssystem;<\/p>\n<p><strong><b>Haupttechnische Indikatoren<\/b><\/strong><\/p>\n<p>Gesamtindikatoren:<\/p>\n<p>Gewicht: \u2264 900 g;<\/p>\n<p>Dimension: 81 mm*81 mm*98 mm;<\/p>\n<p>Stromversorgung: 9 ~ 36 V DC;<\/p>\n<p>Der konstante Stromverbrauch: \u2264 10 W;<\/p>\n<p>Arbeitstemperatur: -40 ~+60 c;<\/p>\n<p>Datenaktualisierungsfrequenz: 1000 Hz (anpassbares maxizierbares 4000 Hz);<\/p>\n<p>Schnittstelle: RS422.<\/p>\n<p><strong><b>Glasfasergyroskop\u00a0<\/b><\/strong><\/p>\n<p>Bereich: \u00b1 1000 \u00b0 \/ s;<\/p>\n<p>Bias -Stabilit\u00e4t: \u2264 0,5 \u00b0 \/ h<\/p>\n<p>Verzerrung wiederholbarkeit: \u2264 0,5 \u00b0 \/ h<\/p>\n<p>Zufalls Walk -Koeffizient: \u2264 0,05 \u00b0 \/ H0.5<\/p>\n<p>Skalierungsfaktor der Wiederholbarkeit: \u2264 100 ppm<\/p>\n<p>Skalierungsfaktor Nichtlinearit\u00e4t: \u2264 100 ppm<\/p>\n<p>Bandbreite: \u2265500 Hz<\/p>\n<p><strong><b>Quarzbeschleunigungsmesser<\/b><\/strong><\/p>\n<p>Bereich: \u00b1 10g<\/p>\n<p>Bias -Stabilit\u00e4t: \u2264 300ug (Durchschnitt 1)<\/p>\n<p>Skalierungsfaktorstabilit\u00e4t: \u2264 300 ppm (-40 ~+60 \u2103)<\/p>\n<p><strong><b>Vertikale Kreiselmodusindikatoren<\/b><\/strong><\/p>\n<p>Horizontaler Einstellungsmessbereich: \u00b1 60 \u00b0;<\/p>\n<p>Horizontale Einstellungsgenauigkeit: \u2264 0,03 \u00b0;<\/p>\n<p>HEAVE -Messbereich: \u00b1 5 m;<\/p>\n<p>Heavenmessgenauigkeit: \u2264 5% (die Genauigkeit ist besser als 5 cm, wenn die Amplitude weniger als 1 m betr\u00e4gt).<\/p>","protected":false},"featured_media":2714,"comment_status":"open","ping_status":"closed","template":"","meta":[],"product_brand":[],"product_cat":[26],"product_tag":[],"class_list":{"0":"post-2352","1":"product","2":"type-product","3":"status-publish","4":"has-post-thumbnail","6":"product_cat-imu-mems-ins","8":"first","9":"instock","10":"shipping-taxable","11":"product-type-simple"},"_links":{"self":[{"href":"https:\/\/www.andelutech.com\/de\/wp-json\/wp\/v2\/product\/2352","targetHints":{"allow":["GET"]}}],"collection":[{"href":"https:\/\/www.andelutech.com\/de\/wp-json\/wp\/v2\/product"}],"about":[{"href":"https:\/\/www.andelutech.com\/de\/wp-json\/wp\/v2\/types\/product"}],"replies":[{"embeddable":true,"href":"https:\/\/www.andelutech.com\/de\/wp-json\/wp\/v2\/comments?post=2352"}],"wp:featuredmedia":[{"embeddable":true,"href":"https:\/\/www.andelutech.com\/de\/wp-json\/wp\/v2\/media\/2714"}],"wp:attachment":[{"href":"https:\/\/www.andelutech.com\/de\/wp-json\/wp\/v2\/media?parent=2352"}],"wp:term":[{"taxonomy":"product_brand","embeddable":true,"href":"https:\/\/www.andelutech.com\/de\/wp-json\/wp\/v2\/product_brand?post=2352"},{"taxonomy":"product_cat","embeddable":true,"href":"https:\/\/www.andelutech.com\/de\/wp-json\/wp\/v2\/product_cat?post=2352"},{"taxonomy":"product_tag","embeddable":true,"href":"https:\/\/www.andelutech.com\/de\/wp-json\/wp\/v2\/product_tag?post=2352"}],"curies":[{"name":"wp","href":"https:\/\/api.w.org\/{rel}","templated":true}]}}