{"id":2348,"date":"2025-05-23T14:05:59","date_gmt":"2025-05-23T06:05:59","guid":{"rendered":"https:\/\/www.andelutech.com\/?post_type=product&#038;p=2348"},"modified":"2025-06-30T17:48:49","modified_gmt":"2025-06-30T09:48:49","slug":"and-fimu-60-low-cost-high-precision-fog-imu-replace-ln200","status":"publish","type":"product","link":"https:\/\/www.andelutech.com\/de\/product\/and-fimu-60-low-cost-high-precision-fog-imu-replace-ln200\/","title":{"rendered":"AND-FIMU-60 Niedrige Kosten &#038; Hochpr\u00e4zise FOG IMU (Ersatz LN200)"},"content":{"rendered":"","protected":false},"excerpt":{"rendered":"<p><strong><b>Einf\u00fchrung:<\/b><\/strong><\/p>\n<p>AND-FIMU-60 Low Cost &amp; High Precision FOG IMU (ersetzen LN200) entwickelt f\u00fcr taktische milit\u00e4rische Systeme, um LN200 von Northrop Grumman (ehemalige Litton) zu ersetzen. Es besteht aus einem vollst\u00e4ndig festen triaxialen Glasfasergyroskop und einem triaxialen Quarzbeschleunigungsmessger\u00e4t, Karosseriestruktur, Datenschnittstellenplatte und anderen Komponenten. Es hat folgende Vorteile: schneller Start und schnelle Reaktion; Vollst\u00e4ndige Haltungsmessung; geringer Stromverbrauch und Miniaturisierung; vollst\u00e4ndig versiegeltes, nicht aktives Teil- und Gasschutzfach und zuverl\u00e4ssige Rahmenstruktur, somit hohe Zuverl\u00e4ssigkeit und lange Lebensdauer. Der Sensor ist ger\u00e4uscharm und mit geringem Offset ausgestattet und kann direkt mit Navigationscomputer, Satellitenempf\u00e4nger und entsprechender Software integriert werden, um eine integrierte GNSS\/INS-Navigation zu bilden. Es kann direkt auf die Tr\u00e4gheitsnavigation von Boden-Luft-Raketen, Luft-Luft-Raketen und Navigationsraketen angewendet werden. Es kann weit verbreitet in Raumstabilisierungssystemen, Kartensystemen, Haltungsreferenzsystemen, Bewegungskompensationssystemen, Bildstabilisierungssystemen, Flugsteuerungssystemen und Luftkampfmanuverinstrumenten \/ Navigationspr\u00fcfger\u00e4ten verwendet werden.<\/p>","protected":false},"featured_media":2722,"comment_status":"open","ping_status":"closed","template":"","meta":[],"product_brand":[],"product_cat":[26],"product_tag":[],"class_list":{"0":"post-2348","1":"product","2":"type-product","3":"status-publish","4":"has-post-thumbnail","6":"product_cat-imu-mems-ins","8":"first","9":"instock","10":"shipping-taxable","11":"product-type-simple"},"_links":{"self":[{"href":"https:\/\/www.andelutech.com\/de\/wp-json\/wp\/v2\/product\/2348","targetHints":{"allow":["GET"]}}],"collection":[{"href":"https:\/\/www.andelutech.com\/de\/wp-json\/wp\/v2\/product"}],"about":[{"href":"https:\/\/www.andelutech.com\/de\/wp-json\/wp\/v2\/types\/product"}],"replies":[{"embeddable":true,"href":"https:\/\/www.andelutech.com\/de\/wp-json\/wp\/v2\/comments?post=2348"}],"wp:featuredmedia":[{"embeddable":true,"href":"https:\/\/www.andelutech.com\/de\/wp-json\/wp\/v2\/media\/2722"}],"wp:attachment":[{"href":"https:\/\/www.andelutech.com\/de\/wp-json\/wp\/v2\/media?parent=2348"}],"wp:term":[{"taxonomy":"product_brand","embeddable":true,"href":"https:\/\/www.andelutech.com\/de\/wp-json\/wp\/v2\/product_brand?post=2348"},{"taxonomy":"product_cat","embeddable":true,"href":"https:\/\/www.andelutech.com\/de\/wp-json\/wp\/v2\/product_cat?post=2348"},{"taxonomy":"product_tag","embeddable":true,"href":"https:\/\/www.andelutech.com\/de\/wp-json\/wp\/v2\/product_tag?post=2348"}],"curies":[{"name":"wp","href":"https:\/\/api.w.org\/{rel}","templated":true}]}}