{"id":2344,"date":"2025-05-23T14:04:36","date_gmt":"2025-05-23T06:04:36","guid":{"rendered":"https:\/\/www.andelutech.com\/?post_type=product&#038;p=2344"},"modified":"2025-06-30T17:12:23","modified_gmt":"2025-06-30T09:12:23","slug":"and-fimu-50-minimum-fog-imu-50","status":"publish","type":"product","link":"https:\/\/www.andelutech.com\/de\/product\/and-fimu-50-minimum-fog-imu-50\/","title":{"rendered":"Und fimu-50 Mindestnebel IMU 50"},"content":{"rendered":"","protected":false},"excerpt":{"rendered":"<p><strong><b>Einf\u00fchrung<\/b><\/strong><\/p>\n<p>und-FIMU-50\u00a0<a href=\"https:\/\/www.ericcointernational.com\/inertial-measurement-units\/fog-imu\/\">FOG IMU<\/a>ist ein minimal kosteng\u00fcnstiges Tr\u00e4gheitsmessger\u00e4t f\u00fcr Navigation, Steuerung und dynamische Messung. Das System verwendet ein hochzuverl\u00e4ssiges Glasfasergyroskop und ein Beschleunigungsmesser und gew\u00e4hrleistet die Messgenauigkeit durch mehrere Kompensationstechniken. Im Herstellungsprozess wird strenge Technologie \u00fcbernommen, um sicherzustellen, dass die Winkelbewegung und die linearen Bewegungsparameter des Tr\u00e4gers unter rauen Bedingungen genau gemessen werden k\u00f6nnen.<\/p>\n<p>Das Produkt hat eine gute Benutzererfahrung. Neben der Breitspannungsversorgung k\u00f6nnen Anwender auch die Ausgangsbandbreite, die Datenaktualisierungsrate, die Kommunikationshaftbaudrate und das Kommunikationsprotokoll entsprechend ihren Bed\u00fcrfnissen konfigurieren.<strong><b>\u00a0<\/b><\/strong><\/p>\n<p><strong><b>Merkmale<\/b><\/strong><\/p>\n<p>Mindestglasfaser\u00a0<a href=\"https:\/\/www.ericcointernational.com\/inertial-measurement-units\/\">IMU<\/a><\/p>\n<p>Volltemperaturkompensation<\/p>\n<p>Starke Sto\u00dfbest\u00e4ndigkeit und Vibrationsbest\u00e4ndigkeit<\/p>\n<p>Bandbreite&gt; 100 Hz<\/p>\n<p>Datenaktualisierungsrate: 100Hz ~ 4000Hz<\/p>\n<p>Baud-Rate konfigurierbar, bis zu 921,6 Kbps<\/p>\n<p>Gewicht&lt; 600 g<\/p>\n<p>Breite Spannungsversorgung 9V ~ 31V<\/p>\n<p>Stromverbrauch 4,8 W<\/p>\n<p><strong><b>Anwendungen<\/b><\/strong><\/p>\n<p><a href=\"https:\/\/www.ericcointernational.com\/attitude-heading-reference-system\/\">AHRS<\/a><\/p>\n<p>F\u00fchrungssystem<\/p>\n<p>Messung des Fahrzeug- und Schiffsbeh\u00f6rde<\/p>\n<p>Inertiales\/Satelliten-integriertes Navigationssystem<\/p>\n<p>Bohrsystem<\/p>\n<p>Mobiles Mapping -System<\/p>\n<p>Satellitenkommunikation in Bewegung<\/p>","protected":false},"featured_media":2706,"comment_status":"open","ping_status":"closed","template":"","meta":[],"product_brand":[],"product_cat":[26],"product_tag":[],"class_list":{"0":"post-2344","1":"product","2":"type-product","3":"status-publish","4":"has-post-thumbnail","6":"product_cat-imu-mems-ins","8":"first","9":"instock","10":"shipping-taxable","11":"product-type-simple"},"_links":{"self":[{"href":"https:\/\/www.andelutech.com\/de\/wp-json\/wp\/v2\/product\/2344","targetHints":{"allow":["GET"]}}],"collection":[{"href":"https:\/\/www.andelutech.com\/de\/wp-json\/wp\/v2\/product"}],"about":[{"href":"https:\/\/www.andelutech.com\/de\/wp-json\/wp\/v2\/types\/product"}],"replies":[{"embeddable":true,"href":"https:\/\/www.andelutech.com\/de\/wp-json\/wp\/v2\/comments?post=2344"}],"wp:featuredmedia":[{"embeddable":true,"href":"https:\/\/www.andelutech.com\/de\/wp-json\/wp\/v2\/media\/2706"}],"wp:attachment":[{"href":"https:\/\/www.andelutech.com\/de\/wp-json\/wp\/v2\/media?parent=2344"}],"wp:term":[{"taxonomy":"product_brand","embeddable":true,"href":"https:\/\/www.andelutech.com\/de\/wp-json\/wp\/v2\/product_brand?post=2344"},{"taxonomy":"product_cat","embeddable":true,"href":"https:\/\/www.andelutech.com\/de\/wp-json\/wp\/v2\/product_cat?post=2344"},{"taxonomy":"product_tag","embeddable":true,"href":"https:\/\/www.andelutech.com\/de\/wp-json\/wp\/v2\/product_tag?post=2344"}],"curies":[{"name":"wp","href":"https:\/\/api.w.org\/{rel}","templated":true}]}}