{"id":2335,"date":"2025-05-23T13:59:41","date_gmt":"2025-05-23T05:59:41","guid":{"rendered":"https:\/\/www.andelutech.com\/?post_type=product&#038;p=2335"},"modified":"2026-01-12T15:21:50","modified_gmt":"2026-01-12T07:21:50","slug":"high-accuracy-mems-imu-m01-a","status":"publish","type":"product","link":"https:\/\/www.andelutech.com\/de\/product\/high-accuracy-mems-imu-m01-a\/","title":{"rendered":"AND-M01-A High Accuracy MEMS IMU"},"content":{"rendered":"","protected":false},"excerpt":{"rendered":"<p><strong><b>Einf\u00fchrung<\/b><\/strong><\/p>\n<p>Das MEMS kann die Winkelrate -Informationen von Tonh\u00f6he, Rollen und \u00dcbergang in Echtzeit messen und an die Benutzer ausgeben.<\/p>\n<p>A\u00a0<a href=\"https:\/\/www.ericcointernational.com\/inertial-measurement-units\/mems-inertial-measurement-unit\/\">MEMS IMU<\/a>\u00a0Sensor, Gyroskop und Beschleunigungsmesser aus MEMS -GYROSKOP, MEMS -BESCHLEUNIGUNGSMESSER und Magnetometer bilden die Kernkomponenten des Tr\u00e4gheitsnavigationssystems. Durch das eingebaute Beschleunigungsmesser und das Gyroskop kann die IMU die lineare Beschleunigungs- und Rotationswinkelgeschwindigkeit in drei Richtungen messen und die Haltung, Geschwindigkeits- und Verschiebungsinformationen der Tr\u00e4ger erhalten.<\/p>\n<p>IMU wird haupts\u00e4chlich in Bewegungssteuerungsausr\u00fcstung wie Fahrzeugen und Robotern verwendet und kann auch in Anl\u00e4ssen verwendet werden, die die Einstellung der Einstellungsberechnung f\u00fcr eine genaue Verschiebung erfordern, z. Im Vergleich zu anderen Navigationsger\u00e4ten hat das Tr\u00e4gheitsnavigationssystem auch die wichtigen Merkmale umfassender Informationen, vollst\u00e4ndige Autonomie, starke Verschleierung, kontinuierliche Informationen in Echtzeit, freie Zeit, geografische Beschr\u00e4nkungen und menschliche Faktoren, die es f\u00fcr Luft, Wasser und unterirdische Arbeiten normalerweise in der Umwelt geeignet machen.<\/p>","protected":false},"featured_media":2318,"comment_status":"open","ping_status":"closed","template":"","meta":[],"product_brand":[],"product_cat":[26],"product_tag":[],"class_list":{"0":"post-2335","1":"product","2":"type-product","3":"status-publish","4":"has-post-thumbnail","6":"product_cat-imu-mems-ins","8":"first","9":"instock","10":"shipping-taxable","11":"product-type-simple"},"_links":{"self":[{"href":"https:\/\/www.andelutech.com\/de\/wp-json\/wp\/v2\/product\/2335","targetHints":{"allow":["GET"]}}],"collection":[{"href":"https:\/\/www.andelutech.com\/de\/wp-json\/wp\/v2\/product"}],"about":[{"href":"https:\/\/www.andelutech.com\/de\/wp-json\/wp\/v2\/types\/product"}],"replies":[{"embeddable":true,"href":"https:\/\/www.andelutech.com\/de\/wp-json\/wp\/v2\/comments?post=2335"}],"wp:featuredmedia":[{"embeddable":true,"href":"https:\/\/www.andelutech.com\/de\/wp-json\/wp\/v2\/media\/2318"}],"wp:attachment":[{"href":"https:\/\/www.andelutech.com\/de\/wp-json\/wp\/v2\/media?parent=2335"}],"wp:term":[{"taxonomy":"product_brand","embeddable":true,"href":"https:\/\/www.andelutech.com\/de\/wp-json\/wp\/v2\/product_brand?post=2335"},{"taxonomy":"product_cat","embeddable":true,"href":"https:\/\/www.andelutech.com\/de\/wp-json\/wp\/v2\/product_cat?post=2335"},{"taxonomy":"product_tag","embeddable":true,"href":"https:\/\/www.andelutech.com\/de\/wp-json\/wp\/v2\/product_tag?post=2335"}],"curies":[{"name":"wp","href":"https:\/\/api.w.org\/{rel}","templated":true}]}}