{"id":2329,"date":"2025-05-23T13:56:45","date_gmt":"2025-05-23T05:56:45","guid":{"rendered":"https:\/\/www.andelutech.com\/?post_type=product&#038;p=2329"},"modified":"2026-01-12T15:40:05","modified_gmt":"2026-01-12T07:40:05","slug":"high-performance-mems-imu-m01","status":"publish","type":"product","link":"https:\/\/www.andelutech.com\/de\/product\/high-performance-mems-imu-m01\/","title":{"rendered":"AND-M01 High Performance MEMS IMU"},"content":{"rendered":"","protected":false},"excerpt":{"rendered":"<p><strong><b>Einf\u00fchrung<\/b><\/strong><\/p>\n<p>Ein MEMS IMU -Sensor kombiniert von\u00a0<a href=\"https:\/\/www.ericcointernational.com\/gyroscope\/mems-gyroscope\/\">Mems Gyroscop<\/a>,\u00a0<a href=\"https:\/\/www.ericcointernational.com\/accelerometer\/mems-accelerometer\/\">MEMS Accelerometer<\/a>\u00a0und magnetometer, gyroskop und\u00a0<a href=\"https:\/\/www.ericcointernational.com\/accelerometer\/\">beschleunigungsmesser<\/a>\u00a0bilden die kernkomponenten des tr\u00e4gheitsnavigationssystems. Durch das eingebaute Beschleunigungsmesser und das Gyroskop kann die IMU die lineare Beschleunigungs- und Rotationswinkelgeschwindigkeit in drei Richtungen messen und die Haltung, Geschwindigkeits- und Verschiebungsinformationen der Tr\u00e4ger erhalten.<\/p>\n<p>Das Produkt wird haupts\u00e4chlich in Bewegungssteuerungsger\u00e4ten wie Fahrzeugen und Robotern verwendet und kann auch in Anl\u00e4ssen verwendet werden, bei denen die Berechnung der Einstellung f\u00fcr eine genaue Verschiebung verwendet werden muss, z. Im Vergleich zu anderen Navigationsausr\u00fcstungen verf\u00fcgt das Tr\u00e4gheitsnavigationssystem auch \u00fcber die wichtigen Merkmale umfassender Informationen, vollst\u00e4ndige Autonomie, starke Verschleierung, kontinuierliche Echtzeitinformationen, frei von Zeiten, geografische Beschr\u00e4nkungen und menschliche Faktoren, die es f\u00fcr Luft, Wasser und unterirdische Arbeiten normalerweise in der Umwelt geeignet machen.<\/p>","protected":false},"featured_media":2330,"comment_status":"open","ping_status":"closed","template":"","meta":[],"product_brand":[],"product_cat":[26],"product_tag":[],"class_list":{"0":"post-2329","1":"product","2":"type-product","3":"status-publish","4":"has-post-thumbnail","6":"product_cat-imu-mems-ins","8":"first","9":"instock","10":"shipping-taxable","11":"product-type-simple"},"_links":{"self":[{"href":"https:\/\/www.andelutech.com\/de\/wp-json\/wp\/v2\/product\/2329","targetHints":{"allow":["GET"]}}],"collection":[{"href":"https:\/\/www.andelutech.com\/de\/wp-json\/wp\/v2\/product"}],"about":[{"href":"https:\/\/www.andelutech.com\/de\/wp-json\/wp\/v2\/types\/product"}],"replies":[{"embeddable":true,"href":"https:\/\/www.andelutech.com\/de\/wp-json\/wp\/v2\/comments?post=2329"}],"wp:featuredmedia":[{"embeddable":true,"href":"https:\/\/www.andelutech.com\/de\/wp-json\/wp\/v2\/media\/2330"}],"wp:attachment":[{"href":"https:\/\/www.andelutech.com\/de\/wp-json\/wp\/v2\/media?parent=2329"}],"wp:term":[{"taxonomy":"product_brand","embeddable":true,"href":"https:\/\/www.andelutech.com\/de\/wp-json\/wp\/v2\/product_brand?post=2329"},{"taxonomy":"product_cat","embeddable":true,"href":"https:\/\/www.andelutech.com\/de\/wp-json\/wp\/v2\/product_cat?post=2329"},{"taxonomy":"product_tag","embeddable":true,"href":"https:\/\/www.andelutech.com\/de\/wp-json\/wp\/v2\/product_tag?post=2329"}],"curies":[{"name":"wp","href":"https:\/\/api.w.org\/{rel}","templated":true}]}}