{"id":2321,"date":"2025-05-23T13:49:14","date_gmt":"2025-05-23T05:49:14","guid":{"rendered":"https:\/\/www.andelutech.com\/?post_type=product&#038;p=2321"},"modified":"2026-01-12T13:29:24","modified_gmt":"2026-01-12T05:29:24","slug":"north-seeking-mems-imu-mimu04","status":"publish","type":"product","link":"https:\/\/www.andelutech.com\/de\/product\/north-seeking-mems-imu-mimu04\/","title":{"rendered":"AND-MIMU-05"},"content":{"rendered":"","protected":false},"excerpt":{"rendered":"<p><strong><b>Einf\u00fchrung<\/b><\/strong><\/p>\n<p>Inertiale Messeinheit, die als IMU bezeichnet wird, ist ein Ger\u00e4t zur Messung des Einstellungswinkels (oder der Winkelgeschwindigkeit) und der Beschleunigung der drei Achse des Objekts.\u00a0<a href=\"https:\/\/www.ericcointernational.com\/gyroscope\">Gyroskop<\/a>\u00a0und<a href=\"https:\/\/www.ericcointernational.com\/accelerometer\">Beschleunigungsmesser<\/a>\u00a0sind die kernger\u00e4te des tr\u00e4gheitsnavigationssystems (<a href=\"https:\/\/www.ericcointernational.com\/inertial-navigation-system\">INS<\/a>). Mit dem eingebauten Beschleunigungsmessersensor und Gyroskop kann die IMU die lineare Beschleunigungs- und Drehungsgeschwindigkeit aus drei Richtungen messen und die Einstellung, Geschwindigkeits- und Verschiebungsinformationen des Tr\u00e4gers durch die Aufl\u00f6sung erhalten.<\/p>\n<p>Und MIMU-05 verwendet das MEMS-Beschleunigungsmesser und ein Gyroskop mit hoher Qualit\u00e4t und Zuverl\u00e4ssigkeit, RS422 und externer Kommunikation. Die Baudrate kann \u00fcber das Kommunikationsprotokoll flexibel zwischen 9600 ~ 921600 festgelegt werden, um die erforderliche Kommunikationsrate des Benutzers festzulegen. With X, Y, Z three-axis precision gyro, X, Y, Z three-axis accelerometer with high resolution, can be output by RS422 X, Y, Z three axis of gyroscope and accelerometer\u2019s original hexadecimal complement data (including gyro hexadecimal complement the numerical temperature, angle, the accelerometer hexadecimal temperature, the acceleration hexadecimal<\/p>\n<p><strong><b>Anwendungsbereiche<\/b><\/strong><\/p>\n<p>Erd\u00f6lforschung;<\/p>\n<p>Br\u00fccke, hohes Geb\u00e4ude, Turm, Damm\u00fcberwachung<\/p>\n<p>Gesteins- und Boden\u00fcberwachung<\/p>\n<p>Bergbau<\/p>","protected":false},"featured_media":2322,"comment_status":"open","ping_status":"closed","template":"","meta":[],"product_brand":[],"product_cat":[26],"product_tag":[],"class_list":{"0":"post-2321","1":"product","2":"type-product","3":"status-publish","4":"has-post-thumbnail","6":"product_cat-imu-mems-ins","8":"first","9":"instock","10":"shipping-taxable","11":"product-type-simple"},"_links":{"self":[{"href":"https:\/\/www.andelutech.com\/de\/wp-json\/wp\/v2\/product\/2321","targetHints":{"allow":["GET"]}}],"collection":[{"href":"https:\/\/www.andelutech.com\/de\/wp-json\/wp\/v2\/product"}],"about":[{"href":"https:\/\/www.andelutech.com\/de\/wp-json\/wp\/v2\/types\/product"}],"replies":[{"embeddable":true,"href":"https:\/\/www.andelutech.com\/de\/wp-json\/wp\/v2\/comments?post=2321"}],"wp:featuredmedia":[{"embeddable":true,"href":"https:\/\/www.andelutech.com\/de\/wp-json\/wp\/v2\/media\/2322"}],"wp:attachment":[{"href":"https:\/\/www.andelutech.com\/de\/wp-json\/wp\/v2\/media?parent=2321"}],"wp:term":[{"taxonomy":"product_brand","embeddable":true,"href":"https:\/\/www.andelutech.com\/de\/wp-json\/wp\/v2\/product_brand?post=2321"},{"taxonomy":"product_cat","embeddable":true,"href":"https:\/\/www.andelutech.com\/de\/wp-json\/wp\/v2\/product_cat?post=2321"},{"taxonomy":"product_tag","embeddable":true,"href":"https:\/\/www.andelutech.com\/de\/wp-json\/wp\/v2\/product_tag?post=2321"}],"curies":[{"name":"wp","href":"https:\/\/api.w.org\/{rel}","templated":true}]}}