{"id":2319,"date":"2025-05-23T13:47:22","date_gmt":"2025-05-23T05:47:22","guid":{"rendered":"https:\/\/www.andelutech.com\/?post_type=product&#038;p=2319"},"modified":"2026-01-09T13:19:45","modified_gmt":"2026-01-09T05:19:45","slug":"mimu-04","status":"publish","type":"product","link":"https:\/\/www.andelutech.com\/de\/product\/mimu-04\/","title":{"rendered":"AND-MIMU-04 MEMS"},"content":{"rendered":"","protected":false},"excerpt":{"rendered":"<p>Inertiale Messeinheit, die als IMU bezeichnet wird, ist ein Ger\u00e4t zur Messung des Einstellungswinkels (oder der Winkelgeschwindigkeit) und der Beschleunigung der drei Achse des Objekts. Gyroskop und Beschleunigungsmesser sind die Kernger\u00e4te des Tr\u00e4gheitsnavigationssystems (<a href=\"https:\/\/www.ericcointernational.com\/inertial-navigation-system\">INS<\/a>). Mit dem eingebauten Beschleunigungsmessersensor und Gyroskop kann die IMU die lineare Beschleunigungs- und Drehungsgeschwindigkeit aus drei Richtungen messen und die Einstellung, Geschwindigkeits- und Verschiebungsinformationen des Tr\u00e4gers durch die Aufl\u00f6sung erhalten.<\/p>\n<p>Und MIMU-04 verwendet das MEMS-Beschleunigungsmesser und ein Gyroskop mit hoher Qualit\u00e4t und Zuverl\u00e4ssigkeit, RS422 und externer Kommunikation. Die Baudrate kann \u00fcber das Kommunikationsprotokoll flexibel zwischen 9600 ~ 921600 festgelegt werden, um die erforderliche Kommunikationsrate des Benutzers festzulegen. With X, Y, Z three-axis precision gyro, X, Y, Z three-axis accelerometer with high resolution, can be output by RS422 X, Y, Z three axis of gyroscope and accelerometer\u2019s original hexadecimal complement data (including gyro hexadecimal complement the numerical temperature, angle, the accelerometer hexadecimal temperature, the acceleration hexadecimal<\/p>\n<h2><strong><b>Anwendungen der Inertialmesseinheit imu<\/b><\/strong><\/h2>\n<p>Messung des Dip -Winkel -Winkels, Winkelkontrolle, \u00dcberwachung der Pylonbetrieb, Winkelregelung der medizinischen Ger\u00e4te, Satellitenantennensternsuche, Br\u00fccke, hohes Geb\u00e4ude, Turm, Damm\u00fcberwachung und Gestein und Boden\u00fcberwachung,\u00a0<a href=\"https:\/\/www.ericcointernational.com\/north-finders\/fiber-optic-gyro-north-finder\/er-fiber-optic-gyro-north-finder-for-mining.html\"><strong><b>bergbau<\/b><\/strong><\/a>, Haltung \/heading Referenzsystem, integrierte Tr\u00e4gheitsnavigation, integrierte Navigationssysteme und Inertial -Leitsystem, Flugsteuerungs- und Leitsystem, Referenzsysteme zur Einstellung zur \u00dcberschrift (Referenz) (<a href=\"https:\/\/www.ericcointernational.com\/attitude-heading-reference-system\">AHRS<\/a>), Stabilisierung von Antennen, Kameras und Plattformen.<\/p>\n<h2><strong><b>Merkmale\u00a0<\/b><\/strong><\/h2>\n<p>Volumen: 38,6 mm \u00d7 44,8 mm \u00d7 21,8 mm;<\/p>\n<p>5 -V -Stromversorgung, geringem Stromverbrauch 1,0W;<\/p>\n<p>geringes gewicht: 55 g;<\/p>\n<p>Zu den Produkten geh\u00f6ren X, Y, Z Drei -Achsen -Mems Gyro und X, Y, Z Drei -Achsen -Memsmesser von Mems;<\/p>\n<p>RS422 Buskommunikation, Baud -Rate von 9600 ~ 921600 kann festgelegt werden.<\/p>","protected":false},"featured_media":2320,"comment_status":"open","ping_status":"closed","template":"","meta":[],"product_brand":[],"product_cat":[26],"product_tag":[],"class_list":{"0":"post-2319","1":"product","2":"type-product","3":"status-publish","4":"has-post-thumbnail","6":"product_cat-imu-mems-ins","8":"first","9":"instock","10":"shipping-taxable","11":"product-type-simple"},"_links":{"self":[{"href":"https:\/\/www.andelutech.com\/de\/wp-json\/wp\/v2\/product\/2319","targetHints":{"allow":["GET"]}}],"collection":[{"href":"https:\/\/www.andelutech.com\/de\/wp-json\/wp\/v2\/product"}],"about":[{"href":"https:\/\/www.andelutech.com\/de\/wp-json\/wp\/v2\/types\/product"}],"replies":[{"embeddable":true,"href":"https:\/\/www.andelutech.com\/de\/wp-json\/wp\/v2\/comments?post=2319"}],"wp:featuredmedia":[{"embeddable":true,"href":"https:\/\/www.andelutech.com\/de\/wp-json\/wp\/v2\/media\/2320"}],"wp:attachment":[{"href":"https:\/\/www.andelutech.com\/de\/wp-json\/wp\/v2\/media?parent=2319"}],"wp:term":[{"taxonomy":"product_brand","embeddable":true,"href":"https:\/\/www.andelutech.com\/de\/wp-json\/wp\/v2\/product_brand?post=2319"},{"taxonomy":"product_cat","embeddable":true,"href":"https:\/\/www.andelutech.com\/de\/wp-json\/wp\/v2\/product_cat?post=2319"},{"taxonomy":"product_tag","embeddable":true,"href":"https:\/\/www.andelutech.com\/de\/wp-json\/wp\/v2\/product_tag?post=2319"}],"curies":[{"name":"wp","href":"https:\/\/api.w.org\/{rel}","templated":true}]}}