{"id":2313,"date":"2025-05-23T13:36:24","date_gmt":"2025-05-23T05:36:24","guid":{"rendered":"https:\/\/www.andelutech.com\/?post_type=product&#038;p=2313"},"modified":"2025-05-23T13:36:25","modified_gmt":"2025-05-23T05:36:25","slug":"and-mimu-02-high-precision-navigation-mems-imu","status":"publish","type":"product","link":"https:\/\/www.andelutech.com\/de\/product\/and-mimu-02-high-precision-navigation-mems-imu\/","title":{"rendered":"Und MIMU-02 Hochpr\u00e4zisionsnavigationsmems IMU"},"content":{"rendered":"","protected":false},"excerpt":{"rendered":"<p>Inertiale Messeinheit, die als IMU bezeichnet wird, ist ein Ger\u00e4t zur Messung des Einstellungswinkels (oder der Winkelgeschwindigkeit) und der Beschleunigung der drei Achse des Objekts. Gyroskop und Beschleunigungsmesser sind die Kernger\u00e4te des Tr\u00e4gheitsnavigationssystems (INS). Mit dem eingebauten Beschleunigungsmessersensor und Gyroskop kann die IMU die lineare Beschleunigungs- und Drehungsgeschwindigkeit aus drei Richtungen messen und die Einstellung, Geschwindigkeits- und Verschiebungsinformationen des Tr\u00e4gers durch die Aufl\u00f6sung erhalten.<\/p>\n<p>Und mimu-02 verwendet\u00a0<a href=\"https:\/\/www.ericcointernational.com\/accelerometer\/mems-accelerometer\">MEMS Accelerometer<\/a>\u00a0und Gyroscope mit hoher Qualit\u00e4t und Zuverl\u00e4ssigkeit, RS422 und externer Kommunikation k\u00f6nnen die Baudrate \u00fcber das Kommunikationsprotokoll flexibel ZWISCHEN 9600 ~ 921600 festlegen, um die erforderliche Kommunikationsrate des Benutzers festzulegen. With X, Y, Z three-axis precision gyro, X, Y, Z three-axis accelerometer with high resolution, can be output by RS422 X, Y, Z three axis of gyroscope and accelerometer\u2019s original hexadecimal complement data (including gyro hexadecimal complement the numerical temperature, Angle, the accelerometer hexadecimal temperature, the acceleration hexadecimal<\/p>\n<p><strong><b>Anwendungen<\/b><\/strong><\/p>\n<p>Antenne und Sichtlinienstabilisierungssysteme<\/p>\n<p>Integrierte Navigationssysteme und Inertial Guidance -System<\/p>\n<p>Flugsteuerungs- und Leitsystem<\/p>\n<p>Referenzsysteme f\u00fcr Einstellungs\u00fcberschriften (<a href=\"https:\/\/www.ericcointernational.com\/attitude-heading-reference-system\/\">AHRS<\/a>)<\/p>\n<p>Stabilisierung von Antennen, Kameras und Plattformen<\/p>\n<p>Luft- und Meeresgeo-Mapping \/ Vermessung<\/p>\n<p><strong><b>Merkmale<\/b><\/strong><\/p>\n<p>Volumen: 38,6 mm \u00d7 44,8 mm \u00d7 21,8 mm;<\/p>\n<p>5 -V -Stromversorgung, geringem Stromverbrauch 1,0W;<\/p>\n<p>Leicht: 50g;<\/p>\n<p>Zu den Produkten geh\u00f6ren X, Y, Z Drei-Achsen-Mems Gyro und X, Y, Z Drei-Achsen-MEMS-Beschleunigungsmesser;<\/p>\n<p>RS422 Buskommunikation, Baud -Rate von 9600 ~ 921600 kann festgelegt werden.<\/p>","protected":false},"featured_media":2315,"comment_status":"open","ping_status":"closed","template":"","meta":[],"product_brand":[],"product_cat":[26],"product_tag":[],"class_list":{"0":"post-2313","1":"product","2":"type-product","3":"status-publish","4":"has-post-thumbnail","6":"product_cat-imu-mems-ins","8":"first","9":"instock","10":"shipping-taxable","11":"product-type-simple"},"_links":{"self":[{"href":"https:\/\/www.andelutech.com\/de\/wp-json\/wp\/v2\/product\/2313","targetHints":{"allow":["GET"]}}],"collection":[{"href":"https:\/\/www.andelutech.com\/de\/wp-json\/wp\/v2\/product"}],"about":[{"href":"https:\/\/www.andelutech.com\/de\/wp-json\/wp\/v2\/types\/product"}],"replies":[{"embeddable":true,"href":"https:\/\/www.andelutech.com\/de\/wp-json\/wp\/v2\/comments?post=2313"}],"wp:featuredmedia":[{"embeddable":true,"href":"https:\/\/www.andelutech.com\/de\/wp-json\/wp\/v2\/media\/2315"}],"wp:attachment":[{"href":"https:\/\/www.andelutech.com\/de\/wp-json\/wp\/v2\/media?parent=2313"}],"wp:term":[{"taxonomy":"product_brand","embeddable":true,"href":"https:\/\/www.andelutech.com\/de\/wp-json\/wp\/v2\/product_brand?post=2313"},{"taxonomy":"product_cat","embeddable":true,"href":"https:\/\/www.andelutech.com\/de\/wp-json\/wp\/v2\/product_cat?post=2313"},{"taxonomy":"product_tag","embeddable":true,"href":"https:\/\/www.andelutech.com\/de\/wp-json\/wp\/v2\/product_tag?post=2313"}],"curies":[{"name":"wp","href":"https:\/\/api.w.org\/{rel}","templated":true}]}}