{"id":2308,"date":"2025-05-23T12:00:48","date_gmt":"2025-05-23T04:00:48","guid":{"rendered":"https:\/\/www.andelutech.com\/?post_type=product&#038;p=2308"},"modified":"2026-01-09T13:21:12","modified_gmt":"2026-01-09T05:21:12","slug":"dynamically-tuned-inertial-navigation-system","status":"publish","type":"product","link":"https:\/\/www.andelutech.com\/de\/product\/dynamically-tuned-inertial-navigation-system\/","title":{"rendered":"AND-DINS Dynamically Tuned Inertial Navigation System"},"content":{"rendered":"","protected":false},"excerpt":{"rendered":"<p><strong><b>Einf\u00fchrung<\/b><\/strong><\/p>\n<p>Dynamisch abgestimmt\u00a0<a href=\"https:\/\/www.ericcointernational.com\/inertial-navigation-system\/\">Inertial Navigationssystem<\/a>\u00a0besteht aus einer tr\u00e4gheitsmesseinheit, einem magnetischen \u00fcberschriftensensor und steuern sie die anzeige, die satellitenempfangsantenne, das doppler -radar und die installationshalterungskomponente. Die Empfangsantenne Satellit kann gem\u00e4\u00df den Anforderungen an BD2 \/GPS\/GLONASS Triple Empfangsantenne oder BD2-Anti-Interferenzantenne angepasst werden. Inertiale Messeinheit kann auch eine separate Form der Tr\u00e4gheitsmesseinheit f\u00fcr alle Arten von Raketenflugsteuerungssystemen und Leitsystemen sein.<\/p>\n<p>Intialial Navigationssystem f\u00fcr das schnallige Inertial bestimmt Flugzeugposition, \u00dcberschrift, H\u00f6he, Beschleunigung. Als Navigation von Flugzeugen bestimmt sie Flugsteuerung, Routenmanagement und bietet Standort, Geschwindigkeit, Einstellung und \u00dcberschrifteninformationen. Das dynamisch abgestimmte Tr\u00e4gheitsnavigationssystem verf\u00fcgt \u00fcber eine schnelle Ausrichtung der Notf\u00e4lle, eine normale Ausrichtung, Navigation, Korrektur, Parameterkalibrierung, Tests, Parameterbindung und nicht fl\u00fcchtiger Speicher.<\/p>","protected":false},"featured_media":2309,"comment_status":"open","ping_status":"closed","template":"","meta":[],"product_brand":[],"product_cat":[26],"product_tag":[],"class_list":{"0":"post-2308","1":"product","2":"type-product","3":"status-publish","4":"has-post-thumbnail","6":"product_cat-imu-mems-ins","8":"first","9":"instock","10":"shipping-taxable","11":"product-type-simple"},"_links":{"self":[{"href":"https:\/\/www.andelutech.com\/de\/wp-json\/wp\/v2\/product\/2308","targetHints":{"allow":["GET"]}}],"collection":[{"href":"https:\/\/www.andelutech.com\/de\/wp-json\/wp\/v2\/product"}],"about":[{"href":"https:\/\/www.andelutech.com\/de\/wp-json\/wp\/v2\/types\/product"}],"replies":[{"embeddable":true,"href":"https:\/\/www.andelutech.com\/de\/wp-json\/wp\/v2\/comments?post=2308"}],"wp:featuredmedia":[{"embeddable":true,"href":"https:\/\/www.andelutech.com\/de\/wp-json\/wp\/v2\/media\/2309"}],"wp:attachment":[{"href":"https:\/\/www.andelutech.com\/de\/wp-json\/wp\/v2\/media?parent=2308"}],"wp:term":[{"taxonomy":"product_brand","embeddable":true,"href":"https:\/\/www.andelutech.com\/de\/wp-json\/wp\/v2\/product_brand?post=2308"},{"taxonomy":"product_cat","embeddable":true,"href":"https:\/\/www.andelutech.com\/de\/wp-json\/wp\/v2\/product_cat?post=2308"},{"taxonomy":"product_tag","embeddable":true,"href":"https:\/\/www.andelutech.com\/de\/wp-json\/wp\/v2\/product_tag?post=2308"}],"curies":[{"name":"wp","href":"https:\/\/api.w.org\/{rel}","templated":true}]}}