{"id":2306,"date":"2025-05-23T11:57:43","date_gmt":"2025-05-23T03:57:43","guid":{"rendered":"https:\/\/www.andelutech.com\/?post_type=product&#038;p=2306"},"modified":"2025-06-30T15:51:28","modified_gmt":"2025-06-30T07:51:28","slug":"and-mins-5680-mems-integrated-ins","status":"publish","type":"product","link":"https:\/\/www.andelutech.com\/de\/product\/and-mins-5680-mems-integrated-ins\/","title":{"rendered":"Und --mins-5680 mems integrierte Ins"},"content":{"rendered":"","protected":false},"excerpt":{"rendered":"<p>Einf\u00fchrung<br \/>\nDieser MEMS-Integrierte INS hat eine eingebaute volle Temperatur von 0,5 \u00b0 \/ h hochpr\u00e4zisen MEMS-Gyroskop, einen 100-ug-Quarzbeschleunigungsmesser und einen GNSS-Empf\u00e4nger auf Umfrageebene mit Multi-Mode und Multi-Frequenz f\u00fcr dynamische schnelle Ausrichtungen oder GNSS-Dual-Antenna-Unterst\u00fctzung schnell und hohe Pr\u00e4zisionsorientierung bis zu 0,1 \u00b0. Das Produkt unterst\u00fctzt GNSS \/odometer\/DVL\/barometric H\u00f6henmesser und andere Sensoren extern, mit ausgezeichneter Skalierbarkeit. Durch die Verwendung der Multi-Sensor-Datenfusionstechnologie, um die Inertialmessung zu kombinieren und zusammen zu phasen, kann das System eine geografische Anpassungsf\u00e4higkeit und Robustheit erheblich verbessert. Das Produkt kann die Anwendungsanforderungen der Marine-Vermessung, Zuordnung und Kartierung von Vermessung und Zuordnung erf\u00fcllen, die urspr\u00fcngliche Datenspeicherung, das Ausma\u00df der Vermessung und Kartierung sowie die Nachbearbeitungssoftware f\u00fcr die Vermessung und die Zuordnung der Navigation entsprechen. Benutzer k\u00f6nnen nach ihren Anforderungen \u00fcbereinstimmen.<br \/>\nMerkmale<br \/>\nHochgenauige MEMS -Ger\u00e4te: 0,5 \u00b0 \/ h Gyroskop, 100 -ug -Beschleunigungsmesser<br \/>\nUmfragebegeld GNSSS -Empf\u00e4nger: Support GPS \/ BDS \/ GLONASS<br \/>\nDynamische schnelle Ausrichtung: Unterst\u00fctzung der schnellen Ausrichtung, 1-2 Minuten (muss dynamisches Man\u00f6ver sein)<br \/>\nSchnelle Orientierung mit zwei Antennen: St\u00fctzt die schnelle Ausrichtung der Dual -Antenne: Genauigkeit 0,1 \u00b0 (Baseline 2M)<br \/>\nUnterst\u00fctzung f\u00fcr Speicher: Unterst\u00fctzt bis zu 16G -Datenspeichererweiterungen, Unterst\u00fctzung der Navigationsdaten \/raw Daten \/ externe Benutzerdaten<\/p>","protected":false},"featured_media":2307,"comment_status":"open","ping_status":"closed","template":"","meta":[],"product_brand":[],"product_cat":[26],"product_tag":[],"class_list":{"0":"post-2306","1":"product","2":"type-product","3":"status-publish","4":"has-post-thumbnail","6":"product_cat-imu-mems-ins","8":"first","9":"instock","10":"shipping-taxable","11":"product-type-simple"},"_links":{"self":[{"href":"https:\/\/www.andelutech.com\/de\/wp-json\/wp\/v2\/product\/2306","targetHints":{"allow":["GET"]}}],"collection":[{"href":"https:\/\/www.andelutech.com\/de\/wp-json\/wp\/v2\/product"}],"about":[{"href":"https:\/\/www.andelutech.com\/de\/wp-json\/wp\/v2\/types\/product"}],"replies":[{"embeddable":true,"href":"https:\/\/www.andelutech.com\/de\/wp-json\/wp\/v2\/comments?post=2306"}],"wp:featuredmedia":[{"embeddable":true,"href":"https:\/\/www.andelutech.com\/de\/wp-json\/wp\/v2\/media\/2307"}],"wp:attachment":[{"href":"https:\/\/www.andelutech.com\/de\/wp-json\/wp\/v2\/media?parent=2306"}],"wp:term":[{"taxonomy":"product_brand","embeddable":true,"href":"https:\/\/www.andelutech.com\/de\/wp-json\/wp\/v2\/product_brand?post=2306"},{"taxonomy":"product_cat","embeddable":true,"href":"https:\/\/www.andelutech.com\/de\/wp-json\/wp\/v2\/product_cat?post=2306"},{"taxonomy":"product_tag","embeddable":true,"href":"https:\/\/www.andelutech.com\/de\/wp-json\/wp\/v2\/product_tag?post=2306"}],"curies":[{"name":"wp","href":"https:\/\/api.w.org\/{rel}","templated":true}]}}