{"id":2304,"date":"2025-05-23T11:53:01","date_gmt":"2025-05-23T03:53:01","guid":{"rendered":"https:\/\/www.andelutech.com\/?post_type=product&#038;p=2304"},"modified":"2025-06-30T15:54:17","modified_gmt":"2025-06-30T07:54:17","slug":"and-mins-210-230-mems-inertial-navigation-system","status":"publish","type":"product","link":"https:\/\/www.andelutech.com\/de\/product\/and-mins-210-230-mems-inertial-navigation-system\/","title":{"rendered":"Und --mins-210 \/230 MEMS Inertial Navigation System\u00a0"},"content":{"rendered":"","protected":false},"excerpt":{"rendered":"<p><strong><b>Einf\u00fchrung<\/b><\/strong><\/p>\n<p>AND-MINS-210 \/ 230\u00a0<a href=\"https:\/\/www.ericcointernational.com\/inertial-navigation-system\/mems-inertial-navigation-system\/\">MEMS Inertial Navigation System<\/a>\u00a0Verwendet einen hochdynamischen GPS-Empf\u00e4nger ALS Satellitensignalsensor. Es \u00fcbernimmt die Differenzierungstechnologie der Tr\u00e4gerphase und die schnelle Berechnung der Mehrdeutigkeit des gesamten Kreises, der den Azimutwinkel der Bewegung des Tr\u00e4gers genau berechnen kann. Wenn GPS-Signale eingreifen, kann das System weiterhin hochpr\u00e4zisen Daten ausgeben, indem die Inertialmesseinheit f\u00fcr einen bestimmten Zeitraum beibehalten wird.<\/p>\n<p><strong><b>Merkmale<\/b><\/strong><\/p>\n<p>Und --mins-210 \/230 MEMS Inertial Navigation System \u00fcberwindet den Mangel eines einzelnen Ger\u00e4ts und verleiht dem GPS-hohen Genauigkeit ohne Akkumulationsfehler, ohne Drift, niedrigem Preis und Tr\u00e4gheitsprodukten eine gute dynamische Leistung, starke Anti-Interferenz-F\u00e4higkeit. Ohne die Notwendigkeit einer externen Signalquelle kann sie die Genauigkeit der allgemeinen Einstellungsmessung, die Genauigkeit der Navigation und die Echtzeit-Tracking-Leistung des Systems verbessern und verbessern. Der Beweis f\u00fcr Land, Meer und Luft in einer Vielzahl von Umwelttests, der \u00dcberschriftengenauigkeit von 0,1 Grad, Roll- und Tonh\u00f6hengenauigkeit 0,05 Grad und den Driftwinkel des \u00dcberschriftenfehlers effektiv \u00fcberwunden. Es handelt sich um ein Multi-System-kompatibel und erg\u00e4nzt sich gegenseitig, gegenseitige Backup All-Weather-Zuverl\u00e4ssigkeit Azimut-Messungsprodukte. Insbesondere f\u00fcr Satellitenkommunikationsfahrzeuge, meteorologisches Radarfahrzeug, Kriegsschiff, Expeditionsschiff, Luftschiff, UAV, Feuerwehrsystem, Befehls- und Kontrollsystem, Waffenzielsystem, haben eine sehr starke Wettbewerbsf\u00e4higkeit.<\/p>\n<p><strong><b>Anwendungen<\/b><\/strong><\/p>\n<p>Und --mins-210 \/230 MEMS Inertial Navigation System k\u00f6nnen horizontale Haltung, \u00dcberschrifteneinstellung und andere Informationen, L\u00e4ngengrad, Breitengrad, H\u00f6he, Positionierungsinformationen, 3D-Beschleunigung, Winkelgeschwindigkeit Intialmessungsinformationen und Informationen und T\u00e4tigkeit bieten. Durch Erweiterung des Reichweite des Kilometermessers und der H\u00f6he des Barometers verbessert es die Genauigkeit und Anwendbarkeit des Systems weiter und kann in unbemannten Luftfahrzeugen, Fahrzeugnavigation, Luftfahrt und Plattformstabilit\u00e4tskontrolle und anderen Feldern h\u00e4ufig eingesetzt werden.<\/p>","protected":false},"featured_media":2305,"comment_status":"open","ping_status":"closed","template":"","meta":[],"product_brand":[],"product_cat":[26],"product_tag":[],"class_list":{"0":"post-2304","1":"product","2":"type-product","3":"status-publish","4":"has-post-thumbnail","6":"product_cat-imu-mems-ins","8":"first","9":"instock","10":"shipping-taxable","11":"product-type-simple"},"_links":{"self":[{"href":"https:\/\/www.andelutech.com\/de\/wp-json\/wp\/v2\/product\/2304","targetHints":{"allow":["GET"]}}],"collection":[{"href":"https:\/\/www.andelutech.com\/de\/wp-json\/wp\/v2\/product"}],"about":[{"href":"https:\/\/www.andelutech.com\/de\/wp-json\/wp\/v2\/types\/product"}],"replies":[{"embeddable":true,"href":"https:\/\/www.andelutech.com\/de\/wp-json\/wp\/v2\/comments?post=2304"}],"wp:featuredmedia":[{"embeddable":true,"href":"https:\/\/www.andelutech.com\/de\/wp-json\/wp\/v2\/media\/2305"}],"wp:attachment":[{"href":"https:\/\/www.andelutech.com\/de\/wp-json\/wp\/v2\/media?parent=2304"}],"wp:term":[{"taxonomy":"product_brand","embeddable":true,"href":"https:\/\/www.andelutech.com\/de\/wp-json\/wp\/v2\/product_brand?post=2304"},{"taxonomy":"product_cat","embeddable":true,"href":"https:\/\/www.andelutech.com\/de\/wp-json\/wp\/v2\/product_cat?post=2304"},{"taxonomy":"product_tag","embeddable":true,"href":"https:\/\/www.andelutech.com\/de\/wp-json\/wp\/v2\/product_tag?post=2304"}],"curies":[{"name":"wp","href":"https:\/\/api.w.org\/{rel}","templated":true}]}}