{"id":2302,"date":"2025-05-23T11:51:03","date_gmt":"2025-05-23T03:51:03","guid":{"rendered":"https:\/\/www.andelutech.com\/?post_type=product&#038;p=2302"},"modified":"2025-06-30T15:55:43","modified_gmt":"2025-06-30T07:55:43","slug":"and-mins-5651-high-stability-mems-inertial-satellite-integrated-navigation-system","status":"publish","type":"product","link":"https:\/\/www.andelutech.com\/de\/product\/and-mins-5651-high-stability-mems-inertial-satellite-integrated-navigation-system\/","title":{"rendered":"Und MINs-5651 Hochstabilit\u00e4tsmems Inertial \/Satellite Integriertes Navigationssystem\u00a0"},"content":{"rendered":"","protected":false},"excerpt":{"rendered":"<p>Einf\u00fchrung<br \/>\nInertial mit hoher Stabilit\u00e4tsmems \/Satellite Das integrierte Navigationssystem ist mit Micro -MEMS -Gyroskop, Beschleunigungsmesser und mobilen Surveing- und Mapping -Level -Multimode -Multi -Frequenz -GNSS -Empf\u00e4nger ausgestattet.<br \/>\nDies unterst\u00fctzt GPS \/GLONSS\/BD. Das Produkt verf\u00fcgt \u00fcber eine ausgezeichnete integrierte Navigationsleistung und die Systemgr\u00f6\u00dfe kann auf eine beispiellose Kompaktheit reduziert werden. Es kann eine dynamische schnelle Ausrichtung oder die doppelte Antenne mit GNSS realisieren, die eine schnelle und hochpr\u00e4zise Orientierung unterst\u00fctzt, und die Orientierungsgenauigkeit kann 0,1 \u00b0 erreichen.<br \/>\nUm den Anwendungsbedarf von mobilen Street View-Mapping, Ocean Mapping und anderen Mapping-Bereichen zu erf\u00fcllen, wobei die urspr\u00fcngliche Datenspeicherung und -vermessung sowie die Nachbearbeitungssoftware zur Navigation der Navigation der Navigation der Kartierung der Navigation der Navigation auf die Kartierung von Mapping Level entsprechend den Anforderungen ausw\u00e4hlen k\u00f6nnen.<br \/>\nDas Produkt unterst\u00fctzt GNSS \/odometer\/DVL\/barometric H\u00f6henmesser und andere externe Sensoren, was eine hervorragende Skalierbarkeit aufweist. Durch die Verwendung von Multi-Sensor-Datenfusionstechnologie integriert Multi-Source-Daten das System der regionalen Anpassungsf\u00e4higkeit und Robustheit erheblich, w\u00e4hrend es auch die AHRS-Navigationsreferenzfunktion hat. In Ermangelung einer externen Unterst\u00fctzung kann es eine langj\u00e4hrige Einstellung und \u00dcberschrift erhalten. Es eignet sich besonders f\u00fcr unbemannte Luftfahrzeuge, Unterwasserfahrzeuge und andere unbemannte Luftfahrzeugnavigation und Einstellungsbestimmung.<br \/>\nMerkmale<br \/>\nEingebaute in Vermessung und Kartierung von GNSS -Empf\u00e4nger: Unterst\u00fctzung Beidou B1, B2;<br \/>\nEingebettete Datenfusionsalgorithmus Engine SFE f\u00fcr GNSS -Okklusion, Multipath -Interferenz ist speziell optimiert;<br \/>\nPost -Verarbeitungssoftware f\u00fcr die Vermessung und Kartierung der Navigation;<br \/>\nUnterst\u00fctzung der schnellen Ausrichtung: Dynamische Genauigkeit 0,1 \u00b0, Zeit 1 ~ 2 Minuten (dynamisches Man\u00f6ver ist erforderlich);<br \/>\nUnterst\u00fctzen Sie niedrige dynamische Anwendungsumgebungen.<br \/>\nSchnittstelle: RS232 \/RS422\/LAN\/CAN\/USB;<br \/>\nMaximale Unterst\u00fctzung f\u00fcr 16G -Datenspeichererweiterungen, Unterst\u00fctzung der Navigationsdaten \/raw Daten \/external Benutzerdatenspeicher;<br \/>\nUnterst\u00fctzen Sie mehrere externe Sensorkombinationen (Kilometermeter \/DVL\/barometric Altimeter);<br \/>\nNMEA0183 Standard -Protokollausgang und bis zu 20 exklusive Protokolle flexibel verf\u00fcgbar.<\/p>","protected":false},"featured_media":2303,"comment_status":"open","ping_status":"closed","template":"","meta":[],"product_brand":[],"product_cat":[26],"product_tag":[],"class_list":{"0":"post-2302","1":"product","2":"type-product","3":"status-publish","4":"has-post-thumbnail","6":"product_cat-imu-mems-ins","8":"first","9":"instock","10":"shipping-taxable","11":"product-type-simple"},"_links":{"self":[{"href":"https:\/\/www.andelutech.com\/de\/wp-json\/wp\/v2\/product\/2302","targetHints":{"allow":["GET"]}}],"collection":[{"href":"https:\/\/www.andelutech.com\/de\/wp-json\/wp\/v2\/product"}],"about":[{"href":"https:\/\/www.andelutech.com\/de\/wp-json\/wp\/v2\/types\/product"}],"replies":[{"embeddable":true,"href":"https:\/\/www.andelutech.com\/de\/wp-json\/wp\/v2\/comments?post=2302"}],"wp:featuredmedia":[{"embeddable":true,"href":"https:\/\/www.andelutech.com\/de\/wp-json\/wp\/v2\/media\/2303"}],"wp:attachment":[{"href":"https:\/\/www.andelutech.com\/de\/wp-json\/wp\/v2\/media?parent=2302"}],"wp:term":[{"taxonomy":"product_brand","embeddable":true,"href":"https:\/\/www.andelutech.com\/de\/wp-json\/wp\/v2\/product_brand?post=2302"},{"taxonomy":"product_cat","embeddable":true,"href":"https:\/\/www.andelutech.com\/de\/wp-json\/wp\/v2\/product_cat?post=2302"},{"taxonomy":"product_tag","embeddable":true,"href":"https:\/\/www.andelutech.com\/de\/wp-json\/wp\/v2\/product_tag?post=2302"}],"curies":[{"name":"wp","href":"https:\/\/api.w.org\/{rel}","templated":true}]}}