{"id":2300,"date":"2025-05-23T09:15:56","date_gmt":"2025-05-23T01:15:56","guid":{"rendered":"https:\/\/www.andelutech.com\/?post_type=product&#038;p=2300"},"modified":"2025-06-30T15:59:24","modified_gmt":"2025-06-30T07:59:24","slug":"and-mins-5610-mems-inertial-satellite-integrated-navigation-system","status":"publish","type":"product","link":"https:\/\/www.andelutech.com\/de\/product\/and-mins-5610-mems-inertial-satellite-integrated-navigation-system\/","title":{"rendered":"Und MINS-5610 MEMS Inertial \/Satellite Integriertes Navigationssystem"},"content":{"rendered":"","protected":false},"excerpt":{"rendered":"<p><strong><b>Einf\u00fchrung<\/b><\/strong><\/p>\n<p>Dieses MEMS Inertial \/satellite\u00a0<a href=\"https:\/\/www.ericcointernational.com\/inertial-navigation-system\">integriertes navigationssystem<\/a>\u00a0ist mit MEMS-Gyroskop UND Beschleunigungsmesser ausgestattet und Multi-Mode-Multi-Frequenz-GNSS-Empf\u00e4nger abgebildet. Es kann eine einzelne dynamische Antennenausrichtung oder eine doppelte Antennen-assistierte schnelle, hochpr\u00e4zise Ausrichtung erzielen, und die Richtungsgenauigkeit kann bis zu 0,1 \u00b0 \u00b0 C erreichen.<\/p>\n<p>Dieses Produkt ist mit einer neuen integrierten Navigations- und Fusion -Algorithmus -Motor ausgestattet. Nutzung des SFE f\u00fcr GNSS-Okklusion, Mehrwegst\u00f6rungen zur Optimierung des Designs kann es in St\u00e4dten, Canyons und anderen komplexen Umgebungen verwendet werden, um die Anforderungen einer langen Zeit mit hoher Pr\u00e4zision und Navigation mit hoher Zuverl\u00e4ssigkeit zu erf\u00fcllen.<\/p>\n<p>Das Produkt kann GNSS \/odometer\/DVL\/barometric H\u00f6henmesser und andere Sensoren extern mit ausgezeichneter Skalierbarkeit unterst\u00fctzen. Durch die Verwendung der Multi-Sensor-Datenfusionstechnologie und der Kombination aus Tr\u00e4gheitsmessung und Phase kann das System eine geografische Anpassungsf\u00e4higkeit und Robustheit erheblich verbessert. Das Produkt kann die Anwendungsanforderungen f\u00fcr die Vermessung von Meeresmacht und Kartierung und Kartierung erf\u00fcllen, die die urspr\u00fcngliche Datenspeicherung, das Ausma\u00df der Vermessung und Zuordnung sowie die Nachbearbeitungssoftware f\u00fcr die Vermessung und Kartierung der Navigation entsprechen. Benutzer k\u00f6nnen nach ihren Anforderungen \u00fcbereinstimmen.<\/p>\n<p><strong><b>Merkmale<\/b><\/strong><\/p>\n<p>Der serielle Port liest IMU- und GNSS -Daten<\/p>\n<p>Kombinierte Navigationsfunktion, Echtzeitberechnung des Standorts des Tr\u00e4gers, der Geschwindigkeit, der \u00dcberschrift und der Einstellung sowie anderer Informationen<\/p>\n<p>Unterst\u00fctzen<\/p>\n<p>Stellen Sie eine standardisierte allgemeine Vereinbarung zur Unterst\u00fctzung des Benutzers nach seinen eigenen Bed\u00fcrfnissen vor<\/p>\n<p>Es stehen zwei serielle Schnittstellen von RS232 und RS422 zur Verf\u00fcgung, um die Standardisierung und Vielseitigkeit von Produktfunktionen zu verbessern<\/p>","protected":false},"featured_media":2301,"comment_status":"open","ping_status":"closed","template":"","meta":[],"product_brand":[],"product_cat":[26],"product_tag":[],"class_list":{"0":"post-2300","1":"product","2":"type-product","3":"status-publish","4":"has-post-thumbnail","6":"product_cat-imu-mems-ins","8":"first","9":"instock","10":"shipping-taxable","11":"product-type-simple"},"_links":{"self":[{"href":"https:\/\/www.andelutech.com\/de\/wp-json\/wp\/v2\/product\/2300","targetHints":{"allow":["GET"]}}],"collection":[{"href":"https:\/\/www.andelutech.com\/de\/wp-json\/wp\/v2\/product"}],"about":[{"href":"https:\/\/www.andelutech.com\/de\/wp-json\/wp\/v2\/types\/product"}],"replies":[{"embeddable":true,"href":"https:\/\/www.andelutech.com\/de\/wp-json\/wp\/v2\/comments?post=2300"}],"wp:featuredmedia":[{"embeddable":true,"href":"https:\/\/www.andelutech.com\/de\/wp-json\/wp\/v2\/media\/2301"}],"wp:attachment":[{"href":"https:\/\/www.andelutech.com\/de\/wp-json\/wp\/v2\/media?parent=2300"}],"wp:term":[{"taxonomy":"product_brand","embeddable":true,"href":"https:\/\/www.andelutech.com\/de\/wp-json\/wp\/v2\/product_brand?post=2300"},{"taxonomy":"product_cat","embeddable":true,"href":"https:\/\/www.andelutech.com\/de\/wp-json\/wp\/v2\/product_cat?post=2300"},{"taxonomy":"product_tag","embeddable":true,"href":"https:\/\/www.andelutech.com\/de\/wp-json\/wp\/v2\/product_tag?post=2300"}],"curies":[{"name":"wp","href":"https:\/\/api.w.org\/{rel}","templated":true}]}}