{"id":2298,"date":"2025-05-23T09:10:02","date_gmt":"2025-05-23T01:10:02","guid":{"rendered":"https:\/\/www.andelutech.com\/?post_type=product&#038;p=2298"},"modified":"2026-01-09T11:47:43","modified_gmt":"2026-01-09T03:47:43","slug":"high-precision-high-performance-fog-ins","status":"publish","type":"product","link":"https:\/\/www.andelutech.com\/de\/product\/high-precision-high-performance-fog-ins\/","title":{"rendered":"AND-FINS-120 High Precision &#038; High Performance"},"content":{"rendered":"","protected":false},"excerpt":{"rendered":"<p><strong><b>Einf\u00fchrung\u00a0<\/b><\/strong><\/p>\n<p>Und Fins-120 hohe Pr\u00e4zision und hohe Leistung\u00a0<a href=\"https:\/\/www.ericcointernational.com\/inertial-navigation-system\/fog-inertial-navigation-system\/\">NEBEL INS<\/a>\u00a0sind alle tr\u00e4g-inertial-navigationsprodukte. Die grundlegenden Komponenten der Serie der Tr\u00e4gheitsnavigationsprodukte sind drei optische Glasfaser -Gyroskope entsprechender Klasse, drei quarzflexible pendelige Beschleunigungsmesser, Navigationscomputerschaltung, Informationsverarbeitungskreis, Stromfrequenzumwandlungsschaltung, Stromwechselvorrichtung, strukturelle Plattform \/structural} Box- und Vibrationsd\u00e4mpfungsger\u00e4t. Das Produkt kann zur Echtzeitmessung von drei Translationsinformationen und drei bewegenden Informationen verschiedener Flugzeuge oder beweglicher Objekte verwendet werden. Sie k\u00f6nnen Echtzeit-Navigationsinformationen wie Winkelinkrement, scheinbar Geschwindigkeitsinkrement, Einstellung, Geschwindigkeit und Position des Tr\u00e4gers ausgeben. Diese Produktreihe verf\u00fcgt \u00fcber die Eigenschaften des weit dynamischen Arbeitsbereichs, eine starke Anpassungsf\u00e4higkeit an die Umwelt und umfassende Navigationsinformationen.<\/p>","protected":false},"featured_media":2299,"comment_status":"open","ping_status":"closed","template":"","meta":[],"product_brand":[],"product_cat":[26],"product_tag":[],"class_list":{"0":"post-2298","1":"product","2":"type-product","3":"status-publish","4":"has-post-thumbnail","6":"product_cat-imu-mems-ins","8":"first","9":"instock","10":"shipping-taxable","11":"product-type-simple"},"_links":{"self":[{"href":"https:\/\/www.andelutech.com\/de\/wp-json\/wp\/v2\/product\/2298","targetHints":{"allow":["GET"]}}],"collection":[{"href":"https:\/\/www.andelutech.com\/de\/wp-json\/wp\/v2\/product"}],"about":[{"href":"https:\/\/www.andelutech.com\/de\/wp-json\/wp\/v2\/types\/product"}],"replies":[{"embeddable":true,"href":"https:\/\/www.andelutech.com\/de\/wp-json\/wp\/v2\/comments?post=2298"}],"wp:featuredmedia":[{"embeddable":true,"href":"https:\/\/www.andelutech.com\/de\/wp-json\/wp\/v2\/media\/2299"}],"wp:attachment":[{"href":"https:\/\/www.andelutech.com\/de\/wp-json\/wp\/v2\/media?parent=2298"}],"wp:term":[{"taxonomy":"product_brand","embeddable":true,"href":"https:\/\/www.andelutech.com\/de\/wp-json\/wp\/v2\/product_brand?post=2298"},{"taxonomy":"product_cat","embeddable":true,"href":"https:\/\/www.andelutech.com\/de\/wp-json\/wp\/v2\/product_cat?post=2298"},{"taxonomy":"product_tag","embeddable":true,"href":"https:\/\/www.andelutech.com\/de\/wp-json\/wp\/v2\/product_tag?post=2298"}],"curies":[{"name":"wp","href":"https:\/\/api.w.org\/{rel}","templated":true}]}}