{"id":2296,"date":"2025-05-23T09:02:39","date_gmt":"2025-05-23T01:02:39","guid":{"rendered":"https:\/\/www.andelutech.com\/?post_type=product&#038;p=2296"},"modified":"2025-06-30T15:46:54","modified_gmt":"2025-06-30T07:46:54","slug":"and-fins-98-high-performance-fog-ins-replace-phins","status":"publish","type":"product","link":"https:\/\/www.andelutech.com\/de\/product\/and-fins-98-high-performance-fog-ins-replace-phins\/","title":{"rendered":"Und Fins-98 Hochleistungsnebel INS (Ersetzen Sie Phins)\u00a0"},"content":{"rendered":"","protected":false},"excerpt":{"rendered":"<p><strong><b>Einf\u00fchrung<\/b><\/strong><\/p>\n<p>AND-FINS-98\u00a0<a href=\"https:\/\/www.ericcointernational.com\/inertial-navigation-system\/fog-inertial-navigation-system\/\">Nebeltreue -Navigationssystem\u2002<\/a>(Ersatz von Phins) verwendet ein dreiachsindes Glasfaser-Gyroskop, um Winkelbewegungen zu erfassen und ein digitales Signal auszugeben, das proportional zur Winkelrate der Tr\u00e4gerbewegung ist. Die drei Quadraturkollokationen des Quarzbeschleunigungsmessers werden verwendet, um die lineare Beschleunigung des Tr\u00e4gers zu erfassen und ein proportionales Stromsignal auszugeben, das von der I-F-Umwandlungsschaltung in ein Frequenzsignal umgewandelt wird und schlie\u00dflich in den Navigationscomputer eingibt. Der Computer vervollst\u00e4ndigt den Datenempfang des Gyroskops, des Beschleunigungsmessers und des externen GPS, der Berechnung des Systemkompensationsfehlers, der Navigationsl\u00f6sung und sendet \u00fcber den \u00dcberwachungsanschluss zus\u00e4tzliche Echtzeitgeschwindigkeit, Position, Haltung und Navigation an die Au\u00dfenseite.<\/p>\n<p>Die anf\u00e4ngliche Ausrichtung von und-Fins-98 ist in zwei Modi unterteilt: statische Ausrichtung und doppelte Positionsausrichtung. Die Positionsgenauigkeit der beiden Positionsausrichtung ist h\u00f6her als die der statischen Ausrichtung.<\/p>\n<p>Und FINS-98 hat eine hohe Pr\u00e4zision und die beste Stabilit\u00e4t und zeigte im Vergleich Test mit Phins-bezogenen INS-Produkten eine hervorragende Leistung.<\/p>","protected":false},"featured_media":2297,"comment_status":"open","ping_status":"closed","template":"","meta":[],"product_brand":[],"product_cat":[26],"product_tag":[],"class_list":{"0":"post-2296","1":"product","2":"type-product","3":"status-publish","4":"has-post-thumbnail","6":"product_cat-imu-mems-ins","8":"first","9":"instock","10":"shipping-taxable","11":"product-type-simple"},"_links":{"self":[{"href":"https:\/\/www.andelutech.com\/de\/wp-json\/wp\/v2\/product\/2296","targetHints":{"allow":["GET"]}}],"collection":[{"href":"https:\/\/www.andelutech.com\/de\/wp-json\/wp\/v2\/product"}],"about":[{"href":"https:\/\/www.andelutech.com\/de\/wp-json\/wp\/v2\/types\/product"}],"replies":[{"embeddable":true,"href":"https:\/\/www.andelutech.com\/de\/wp-json\/wp\/v2\/comments?post=2296"}],"wp:featuredmedia":[{"embeddable":true,"href":"https:\/\/www.andelutech.com\/de\/wp-json\/wp\/v2\/media\/2297"}],"wp:attachment":[{"href":"https:\/\/www.andelutech.com\/de\/wp-json\/wp\/v2\/media?parent=2296"}],"wp:term":[{"taxonomy":"product_brand","embeddable":true,"href":"https:\/\/www.andelutech.com\/de\/wp-json\/wp\/v2\/product_brand?post=2296"},{"taxonomy":"product_cat","embeddable":true,"href":"https:\/\/www.andelutech.com\/de\/wp-json\/wp\/v2\/product_cat?post=2296"},{"taxonomy":"product_tag","embeddable":true,"href":"https:\/\/www.andelutech.com\/de\/wp-json\/wp\/v2\/product_tag?post=2296"}],"curies":[{"name":"wp","href":"https:\/\/api.w.org\/{rel}","templated":true}]}}