{"id":2280,"date":"2025-05-20T19:58:53","date_gmt":"2025-05-20T11:58:53","guid":{"rendered":"https:\/\/www.andelutech.com\/?post_type=product&#038;p=2280"},"modified":"2025-05-29T14:46:35","modified_gmt":"2025-05-29T06:46:35","slug":"grt-series-high-temperature-electrical-connector","status":"publish","type":"product","link":"https:\/\/www.andelutech.com\/de\/product\/grt-series-high-temperature-electrical-connector\/","title":{"rendered":"GRT -Serie Hochtemperatur -elektrischer Stecker"},"content":{"rendered":"<p>Wenn interessiert, pls kontaktieren Sie uns:<strong><b>\u00a0<\/b><\/strong><a href=\"mailto:info@joinsunny.cn\"><span style=\"color: #0000ff;\"><strong><b>info@andelu.cn<\/b><\/strong><\/span><\/a><\/p>","protected":false},"excerpt":{"rendered":"<p>GRT -Serie Hochtemperatur -Produkteinf\u00fchrung mit elektrischem Stecker<br \/>\nEdelstahlschalengewindeanschluss<br \/>\nVerschiedene Schnittstellen und Befestigungsgr\u00f6\u00dfen sind f\u00fcr Benutzer bequem, Modelle auszuw\u00e4hlen. Sie k\u00f6nnen in 55 \u2103 -500 \u2103 verwendet werden, und Teilprodukte sind versiegelt<br \/>\nDas Produkt entspricht den Anforderungen von HB 8477 und Enterprise Standard 3E0 204 065JT<\/p>","protected":false},"featured_media":2471,"comment_status":"open","ping_status":"closed","template":"","meta":[],"product_brand":[],"product_cat":[36],"product_tag":[],"class_list":{"0":"post-2280","1":"product","2":"type-product","3":"status-publish","4":"has-post-thumbnail","6":"product_cat-electrical-connector","8":"first","9":"instock","10":"shipping-taxable","11":"product-type-simple"},"_links":{"self":[{"href":"https:\/\/www.andelutech.com\/de\/wp-json\/wp\/v2\/product\/2280","targetHints":{"allow":["GET"]}}],"collection":[{"href":"https:\/\/www.andelutech.com\/de\/wp-json\/wp\/v2\/product"}],"about":[{"href":"https:\/\/www.andelutech.com\/de\/wp-json\/wp\/v2\/types\/product"}],"replies":[{"embeddable":true,"href":"https:\/\/www.andelutech.com\/de\/wp-json\/wp\/v2\/comments?post=2280"}],"wp:featuredmedia":[{"embeddable":true,"href":"https:\/\/www.andelutech.com\/de\/wp-json\/wp\/v2\/media\/2471"}],"wp:attachment":[{"href":"https:\/\/www.andelutech.com\/de\/wp-json\/wp\/v2\/media?parent=2280"}],"wp:term":[{"taxonomy":"product_brand","embeddable":true,"href":"https:\/\/www.andelutech.com\/de\/wp-json\/wp\/v2\/product_brand?post=2280"},{"taxonomy":"product_cat","embeddable":true,"href":"https:\/\/www.andelutech.com\/de\/wp-json\/wp\/v2\/product_cat?post=2280"},{"taxonomy":"product_tag","embeddable":true,"href":"https:\/\/www.andelutech.com\/de\/wp-json\/wp\/v2\/product_tag?post=2280"}],"curies":[{"name":"wp","href":"https:\/\/api.w.org\/{rel}","templated":true}]}}