{"id":2272,"date":"2025-05-20T19:51:23","date_gmt":"2025-05-20T11:51:23","guid":{"rendered":"https:\/\/www.andelutech.com\/?post_type=product&#038;p=2272"},"modified":"2025-05-29T14:52:48","modified_gmt":"2025-05-29T06:52:48","slug":"py-series-circular-electrical-connector","status":"publish","type":"product","link":"https:\/\/www.andelutech.com\/de\/product\/py-series-circular-electrical-connector\/","title":{"rendered":"PY Series Circular Electrical Stecker"},"content":{"rendered":"<p>Wenn interessiert, pls kontaktieren Sie uns:<strong><b>\u00a0<\/b><\/strong><a href=\"mailto:info@joinsunny.cn\"><span style=\"color: #0000ff;\"><strong><b>info@andelu.cn<\/b><\/strong><\/span><\/a><\/p>","protected":false},"excerpt":{"rendered":"<p>Die Serienprodukte entsprechen den technischen Anforderungen an HB6-77-83, die durch Schnellverbindung, hohe Kontaktzuverl\u00e4ssigkeit und andere und f\u00fcr den elektrischen Anschluss von Luft- und Raumfahrt, Wagen und anderen elektrischen Ger\u00e4ten verwendet werden.<\/p>","protected":false},"featured_media":2474,"comment_status":"open","ping_status":"closed","template":"","meta":[],"product_brand":[],"product_cat":[36],"product_tag":[],"class_list":{"0":"post-2272","1":"product","2":"type-product","3":"status-publish","4":"has-post-thumbnail","6":"product_cat-electrical-connector","8":"first","9":"instock","10":"shipping-taxable","11":"product-type-simple"},"_links":{"self":[{"href":"https:\/\/www.andelutech.com\/de\/wp-json\/wp\/v2\/product\/2272","targetHints":{"allow":["GET"]}}],"collection":[{"href":"https:\/\/www.andelutech.com\/de\/wp-json\/wp\/v2\/product"}],"about":[{"href":"https:\/\/www.andelutech.com\/de\/wp-json\/wp\/v2\/types\/product"}],"replies":[{"embeddable":true,"href":"https:\/\/www.andelutech.com\/de\/wp-json\/wp\/v2\/comments?post=2272"}],"wp:featuredmedia":[{"embeddable":true,"href":"https:\/\/www.andelutech.com\/de\/wp-json\/wp\/v2\/media\/2474"}],"wp:attachment":[{"href":"https:\/\/www.andelutech.com\/de\/wp-json\/wp\/v2\/media?parent=2272"}],"wp:term":[{"taxonomy":"product_brand","embeddable":true,"href":"https:\/\/www.andelutech.com\/de\/wp-json\/wp\/v2\/product_brand?post=2272"},{"taxonomy":"product_cat","embeddable":true,"href":"https:\/\/www.andelutech.com\/de\/wp-json\/wp\/v2\/product_cat?post=2272"},{"taxonomy":"product_tag","embeddable":true,"href":"https:\/\/www.andelutech.com\/de\/wp-json\/wp\/v2\/product_tag?post=2272"}],"curies":[{"name":"wp","href":"https:\/\/api.w.org\/{rel}","templated":true}]}}