{"id":2267,"date":"2025-05-20T19:48:15","date_gmt":"2025-05-20T11:48:15","guid":{"rendered":"https:\/\/www.andelutech.com\/?post_type=product&#038;p=2267"},"modified":"2025-05-29T14:59:39","modified_gmt":"2025-05-29T06:59:39","slug":"gp-series-circular-electrical-connector","status":"publish","type":"product","link":"https:\/\/www.andelutech.com\/de\/product\/gp-series-circular-electrical-connector\/","title":{"rendered":"GP Series Circular Electrical Stecker"},"content":{"rendered":"<p>Wenn interessiert, pls kontaktieren Sie uns:<strong><b>\u00a0<\/b><\/strong><a href=\"mailto:info@joinsunny.cn\"><span style=\"color: #0000ff;\"><strong><b>info@andelu.cn<\/b><\/strong><\/span><\/a><\/p>","protected":false},"excerpt":{"rendered":"<p>Modifiziertes Produkt des elektrischen Steckers P.<br \/>\nDie Montage- und Positionierungsgr\u00f6\u00dfe stimmt voll und ganz mit p \u00fcberein<br \/>\n10 Schalengr\u00f6\u00dfen und 5 Kontaktspezifikationen Bajonett Schnelle Verbindung<br \/>\nF\u00fcnf-Tasten-Positionierung mit Blindeinf\u00fcgungsfunktion<br \/>\nDie Identifizierung von F\u00fcnf-Tasten-Positionierung kann verhindern, dass falsch ein zuverl\u00e4ssiges Doppel-Kr\u00fcmmungs-Springtaktm einf\u00fcgt<br \/>\nVollverzerrte Biegekabelklemme ist mit anti-rotierender Funktion<br \/>\nPIN -Kontakt- und Sockelkontakt sind f\u00fcr Stecker und Sockel erh\u00e4ltlich<\/p>","protected":false},"featured_media":2476,"comment_status":"open","ping_status":"closed","template":"","meta":[],"product_brand":[],"product_cat":[36],"product_tag":[],"class_list":{"0":"post-2267","1":"product","2":"type-product","3":"status-publish","4":"has-post-thumbnail","6":"product_cat-electrical-connector","8":"first","9":"instock","10":"shipping-taxable","11":"product-type-simple"},"_links":{"self":[{"href":"https:\/\/www.andelutech.com\/de\/wp-json\/wp\/v2\/product\/2267","targetHints":{"allow":["GET"]}}],"collection":[{"href":"https:\/\/www.andelutech.com\/de\/wp-json\/wp\/v2\/product"}],"about":[{"href":"https:\/\/www.andelutech.com\/de\/wp-json\/wp\/v2\/types\/product"}],"replies":[{"embeddable":true,"href":"https:\/\/www.andelutech.com\/de\/wp-json\/wp\/v2\/comments?post=2267"}],"wp:featuredmedia":[{"embeddable":true,"href":"https:\/\/www.andelutech.com\/de\/wp-json\/wp\/v2\/media\/2476"}],"wp:attachment":[{"href":"https:\/\/www.andelutech.com\/de\/wp-json\/wp\/v2\/media?parent=2267"}],"wp:term":[{"taxonomy":"product_brand","embeddable":true,"href":"https:\/\/www.andelutech.com\/de\/wp-json\/wp\/v2\/product_brand?post=2267"},{"taxonomy":"product_cat","embeddable":true,"href":"https:\/\/www.andelutech.com\/de\/wp-json\/wp\/v2\/product_cat?post=2267"},{"taxonomy":"product_tag","embeddable":true,"href":"https:\/\/www.andelutech.com\/de\/wp-json\/wp\/v2\/product_tag?post=2267"}],"curies":[{"name":"wp","href":"https:\/\/api.w.org\/{rel}","templated":true}]}}