{"id":2249,"date":"2025-05-20T19:33:18","date_gmt":"2025-05-20T11:33:18","guid":{"rendered":"https:\/\/www.andelutech.com\/?post_type=product&#038;p=2249"},"modified":"2025-05-29T15:15:10","modified_gmt":"2025-05-29T07:15:10","slug":"ct-m-series-glass-sealed-socket","status":"publish","type":"product","link":"https:\/\/www.andelutech.com\/de\/product\/ct-m-series-glass-sealed-socket\/","title":{"rendered":"Glas-M-Serie Gla-Versiegelung der Steckdose"},"content":{"rendered":"<p>Wenn interessiert, pls kontaktieren Sie uns:<strong><b>\u00a0<\/b><\/strong><a href=\"mailto:info@joinsunny.cn\"><span style=\"color: #0000ff;\"><strong><b>info@andelu.cn<\/b><\/strong><\/span><\/a><\/p>","protected":false},"excerpt":{"rendered":"<p>Das Produkt entspricht den Anforderungen von Q {\/3E 58-59 Standard- und Teilartikeln (wie das Einf\u00fcgen und Trennen von Drehmoment, Fl\u00fcssigkeit, Fl\u00fcssigkeit<\/p>\n<p>Eintauchen und andere nehmen MIL-C-26482G und MIL-C-83723D an<\/p>\n<p>Umweltbest\u00e4ndige kreisf\u00f6rmige elektrische Anschl\u00fcsse - USA Milit\u00e4r<\/p>\n<p>Spezifikation Das Produkt wird f\u00fcr die elektrische Verbindung von Aircraft verwendet<\/p>\n<p>kabine und andere elektrische einheiten mit luftdichtem anforderungen.<\/p>","protected":false},"featured_media":2481,"comment_status":"open","ping_status":"closed","template":"","meta":[],"product_brand":[],"product_cat":[36],"product_tag":[],"class_list":{"0":"post-2249","1":"product","2":"type-product","3":"status-publish","4":"has-post-thumbnail","6":"product_cat-electrical-connector","8":"first","9":"instock","10":"shipping-taxable","11":"product-type-simple"},"_links":{"self":[{"href":"https:\/\/www.andelutech.com\/de\/wp-json\/wp\/v2\/product\/2249","targetHints":{"allow":["GET"]}}],"collection":[{"href":"https:\/\/www.andelutech.com\/de\/wp-json\/wp\/v2\/product"}],"about":[{"href":"https:\/\/www.andelutech.com\/de\/wp-json\/wp\/v2\/types\/product"}],"replies":[{"embeddable":true,"href":"https:\/\/www.andelutech.com\/de\/wp-json\/wp\/v2\/comments?post=2249"}],"wp:featuredmedia":[{"embeddable":true,"href":"https:\/\/www.andelutech.com\/de\/wp-json\/wp\/v2\/media\/2481"}],"wp:attachment":[{"href":"https:\/\/www.andelutech.com\/de\/wp-json\/wp\/v2\/media?parent=2249"}],"wp:term":[{"taxonomy":"product_brand","embeddable":true,"href":"https:\/\/www.andelutech.com\/de\/wp-json\/wp\/v2\/product_brand?post=2249"},{"taxonomy":"product_cat","embeddable":true,"href":"https:\/\/www.andelutech.com\/de\/wp-json\/wp\/v2\/product_cat?post=2249"},{"taxonomy":"product_tag","embeddable":true,"href":"https:\/\/www.andelutech.com\/de\/wp-json\/wp\/v2\/product_tag?post=2249"}],"curies":[{"name":"wp","href":"https:\/\/api.w.org\/{rel}","templated":true}]}}